{"id":10496,"date":"2021-01-28T16:50:40","date_gmt":"2021-01-28T15:50:40","guid":{"rendered":"https:\/\/comein.nrw\/portal\/?page_id=10496"},"modified":"2023-03-08T09:49:16","modified_gmt":"2023-03-08T08:49:16","slug":"tddlb-geiwi-i","status":"publish","type":"page","link":"https:\/\/comein.nrw\/portal\/tddl-2021\/tddlb-geiwi-i\/","title":{"rendered":"TddL GeiWi I"},"content":{"rendered":"<!--themify_builder_content-->\n<div id=\"themify_builder_content-10496\" data-postid=\"10496\" class=\"themify_builder_content themify_builder_content-10496 themify_builder tf_clear\">\n    \t<!-- module_row -->\n\t<div  data-css_id=\"c95f235\" data-lazy=\"1\" class=\"module_row themify_builder_row fullwidth tb_c95f235 tb_first tf_clearfix\" >\n\t    \t\t<div class=\"row_inner col_align_top col-count-1 tf_box tf_w tf_rel\">\n\t\t\t<div  data-lazy=\"1\" class=\"module_column tb-column col-full first tb_h8iq236 tf_box\">\n\t\t\t    \t        <div class=\"tb-column-inner tf_box tf_w\">\n\t\t    <!-- module image -->\n<div  class=\"module module-image tb_802t236   image-top tf_mw\" data-lazy=\"1\">\n        <div class=\"image-wrap tf_rel tf_mw\">\n\t\t    <img loading=\"lazy\" decoding=\"async\" width=\"2800\" height=\"500\" src=\"https:\/\/comein.nrw\/portal\/wp-content\/uploads\/2021\/02\/TddL-GeiWi-1.png\" class=\"wp-post-image wp-image-11596\" title=\"TddL GeiWi 1\" alt=\"Das Banner zeigt den Schriftzug &quot;Web-Seminar. CoP GeiWi \/ Sub-CoP Fremdsprachen. Digitale Ressourcen im Einsatz: Zu Auswahl, Beschreibungsprofil und Qualit\u00e4tskriterien.&quot;\" srcset=\"https:\/\/comein.nrw\/portal\/wp-content\/uploads\/2021\/02\/TddL-GeiWi-1.png 2800w, https:\/\/comein.nrw\/portal\/wp-content\/uploads\/2021\/02\/TddL-GeiWi-1-300x54.png 300w, https:\/\/comein.nrw\/portal\/wp-content\/uploads\/2021\/02\/TddL-GeiWi-1-1024x183.png 1024w, https:\/\/comein.nrw\/portal\/wp-content\/uploads\/2021\/02\/TddL-GeiWi-1-768x137.png 768w, https:\/\/comein.nrw\/portal\/wp-content\/uploads\/2021\/02\/TddL-GeiWi-1-1536x274.png 1536w, https:\/\/comein.nrw\/portal\/wp-content\/uploads\/2021\/02\/TddL-GeiWi-1-2048x366.png 2048w\" sizes=\"auto, (max-width: 2800px) 100vw, 2800px\" \/>\t\n\t\t<\/div>\n\t<!-- \/image-wrap -->\n    \n    \t<\/div>\n<!-- \/module image -->\t        <\/div>\n\t    \t<\/div>\n\t\t    <\/div>\n\t    <!-- \/row_inner -->\n\t<\/div>\n\t<!-- \/module_row -->\n\t\t<!-- module_row -->\n\t<div  data-css_id=\"pydw235\" data-lazy=\"1\" class=\"module_row themify_builder_row fullwidth tb_pydw235 tf_clearfix\" >\n\t    \t\t<div class=\"row_inner col_align_top col-count-1 tf_box tf_w tf_rel\">\n\t\t\t<div  data-lazy=\"1\" class=\"module_column tb-column col-full first tb_32cu237 tf_box\">\n\t\t\t    \t        <div class=\"tb-column-inner tf_box tf_w\">\n\t\t    <!-- module text -->\n<div  class=\"module module-text tb_qm6i237   \" data-lazy=\"1\">\n        <div  class=\"tb_text_wrap\">\n    <p><strong>Uhrzeit: <\/strong>15:00 &#8211; 16:00 Uhr<\/p>\n<p><strong>CoP:\u00a0<\/strong>CoP GeiWi\/GesWi, Sub-CoP Fremdsprachen<\/p>\n<p><strong>Durchf\u00fchrende\u00a0Personen:<\/strong><\/p>\n<p style=\"padding-left: 40px;\">Prof. Dr. Bj\u00f6rn Rothstein (Ruhr-Universit\u00e4t Bochum)<\/p>\n<p style=\"padding-left: 40px;\">Dr. Ilka Lemke (Ruhr-Universit\u00e4t Bochum)<\/p>\n<p><strong>Das Produkt oder ein Produktauswahl:<\/strong><\/p>\n<p style=\"padding-left: 40px;\">s. Inhalt<\/p>\n<p><strong>Inhalt: <\/strong><\/p>\n<p>Digitale Ressourcen im Einsatz: Zu Auswahl, Beschreibungsprofil und Qualit\u00e4tskriterien<\/p>\n<p>Im Rahmen des Workshops m\u00f6chten wir bisherige Ergebnisse unserer Arbeit in der CoP Fremdsprachen sichtbar machen, indem wir zum einen ausgew\u00e4hlte digitale Ressourcen (Tools und Produkte), die sowohl im schulischen Kontext im fremdsprachlichen Unterricht als auch in der Aus- und Fortbildungspraxis Anwendung finden, vorstellen und beschreiben m\u00f6chten. Teilnehmer*innen k\u00f6nnen folgenden drei Breakout-Sessions beitreten:<\/p>\n<ul>\n<li style=\"list-style-type: none;\">\n<ul>\n<li><strong>Teaching Foreign Languages 4.0: digital literacy<\/strong> (JP Dr. Anastasia Drackert): Die Online-Ressource hat zum Ziel, Lehramtstudent*innen in ihrer digital literacy zu f\u00f6rdern, sowohl im Blended-learning Format als auch im Selbststudium. Im Laufe des M.Ed.-Studiums bearbeiten die Studierende eine Auswahl von knapp 30 Lehr-Lerneinheiten zu unterschiedlichen Themen und erweitern ihre theoretischen Kenntnisse sowie praxisorientierten Medienkompetenzen.<\/li>\n<li><strong>Classcraft &#8211; Gamification von Unterricht <\/strong>(Melanie Banken): Classcraft, ein Engagement Management System im Stil eines Fantasy-Games: Sch\u00fcler*innen durchlaufen mit einem Avatar im Team die von der Lehrkraft geplante Unterrichtsreihe in der Form spannender digitaler Quests; neben der Vermittlung fachlicher Inhalte wirken sich die Quests positiv auf Arbeits- und Sozialverhalten in Gruppen aus.<\/li>\n<li><strong>Videokonferenztools am Beispiel von BigBlueButton <\/strong>(Nicole L\u00fccke): Mit Videokonferenzen hat ein neues Format Einzug in den aktuellen Unterrichts- und Fortbildungsalltag erhalten. Sie gelten als eine von vielen guten M\u00f6glichkeiten, Unterricht w\u00e4hrend der Zeit des angepassten Schulbetriebs zu gestalten. Mit Einblicken in konkrete Beispiele aus der Praxis des fremdsprachlichen Unterrichts und aus der Fortbildungspraxis wird das Videokonferenztool BigBlueButton vorgestellt.<\/li>\n<\/ul>\n<\/li>\n<\/ul>\n<p>Zum anderen m\u00f6chten wir auf der Grundlage der in <em>ComeIn<\/em> entwickelten Qualit\u00e4tskriterien Perspektiven der Dissemination und Einsetzbarkeit einzelner Ressourcen im Aus- und Fortbildungssystem diskutieren.<\/p>    <\/div>\n<\/div>\n<!-- \/module text -->\t        <\/div>\n\t    \t<\/div>\n\t\t    <\/div>\n\t    <!-- \/row_inner -->\n\t<\/div>\n\t<!-- \/module_row -->\n\t<\/div>\n<!--\/themify_builder_content-->","protected":false},"excerpt":{"rendered":"<p>Uhrzeit: 15:00 &#8211; 16:00 Uhr CoP:\u00a0CoP GeiWi\/GesWi, Sub-CoP Fremdsprachen Durchf\u00fchrende\u00a0Personen: Prof. Dr. Bj\u00f6rn Rothstein (Ruhr-Universit\u00e4t Bochum) Dr. Ilka Lemke (Ruhr-Universit\u00e4t Bochum) Das Produkt oder ein Produktauswahl: s. Inhalt Inhalt: Digitale Ressourcen im Einsatz: Zu Auswahl, Beschreibungsprofil und Qualit\u00e4tskriterien Im Rahmen des Workshops m\u00f6chten wir bisherige Ergebnisse unserer Arbeit in der CoP Fremdsprachen sichtbar machen, indem [&hellip;]<\/p>\n","protected":false},"author":12,"featured_media":0,"parent":18251,"menu_order":0,"comment_status":"closed","ping_status":"closed","template":"","meta":{"es_repo_domain":"","es_repo_ticket":"","es_plugin_url":"","footnotes":""},"class_list":["post-10496","page","type-page","status-publish","hentry","has-post-title","has-post-date","has-post-category","has-post-tag","has-post-comment","has-post-author",""],"builder_content":"<img loading=\"lazy\" decoding=\"async\" width=\"2800\" height=\"500\" src=\"https:\/\/comein.nrw\/portal\/wp-content\/uploads\/2021\/02\/TddL-GeiWi-1.png\" title=\"TddL GeiWi 1\" alt=\"Das Banner zeigt den Schriftzug &quot;Web-Seminar. CoP GeiWi \/ Sub-CoP Fremdsprachen. Digitale Ressourcen im Einsatz: Zu Auswahl, Beschreibungsprofil und Qualit\u00e4tskriterien.&quot;\" srcset=\"https:\/\/comein.nrw\/portal\/wp-content\/uploads\/2021\/02\/TddL-GeiWi-1.png 2800w, https:\/\/comein.nrw\/portal\/wp-content\/uploads\/2021\/02\/TddL-GeiWi-1-300x54.png 300w, https:\/\/comein.nrw\/portal\/wp-content\/uploads\/2021\/02\/TddL-GeiWi-1-1024x183.png 1024w, https:\/\/comein.nrw\/portal\/wp-content\/uploads\/2021\/02\/TddL-GeiWi-1-768x137.png 768w, https:\/\/comein.nrw\/portal\/wp-content\/uploads\/2021\/02\/TddL-GeiWi-1-1536x274.png 1536w, https:\/\/comein.nrw\/portal\/wp-content\/uploads\/2021\/02\/TddL-GeiWi-1-2048x366.png 2048w\" sizes=\"auto, (max-width: 2800px) 100vw, 2800px\" \/>\n<p><strong>Uhrzeit: <\/strong>15:00 - 16:00 Uhr<\/p> <p><strong>CoP:\u00a0<\/strong>CoP GeiWi\/GesWi, Sub-CoP Fremdsprachen<\/p> <p><strong>Durchf\u00fchrende\u00a0Personen:<\/strong><\/p> <p style=\"padding-left: 40px;\">Prof. Dr. Bj\u00f6rn Rothstein (Ruhr-Universit\u00e4t Bochum)<\/p> <p style=\"padding-left: 40px;\">Dr. Ilka Lemke (Ruhr-Universit\u00e4t Bochum)<\/p> <p><strong>Das Produkt oder ein Produktauswahl:<\/strong><\/p> <p style=\"padding-left: 40px;\">s. Inhalt<\/p> <p><strong>Inhalt: <\/strong><\/p> <p>Digitale Ressourcen im Einsatz: Zu Auswahl, Beschreibungsprofil und Qualit\u00e4tskriterien<\/p> <p>Im Rahmen des Workshops m\u00f6chten wir bisherige Ergebnisse unserer Arbeit in der CoP Fremdsprachen sichtbar machen, indem wir zum einen ausgew\u00e4hlte digitale Ressourcen (Tools und Produkte), die sowohl im schulischen Kontext im fremdsprachlichen Unterricht als auch in der Aus- und Fortbildungspraxis Anwendung finden, vorstellen und beschreiben m\u00f6chten. Teilnehmer*innen k\u00f6nnen folgenden drei Breakout-Sessions beitreten:<\/p> <ul> <li style=\"list-style-type: none;\"> <ul> <li><strong>Teaching Foreign Languages 4.0: digital literacy<\/strong> (JP Dr. Anastasia Drackert): Die Online-Ressource hat zum Ziel, Lehramtstudent*innen in ihrer digital literacy zu f\u00f6rdern, sowohl im Blended-learning Format als auch im Selbststudium. Im Laufe des M.Ed.-Studiums bearbeiten die Studierende eine Auswahl von knapp 30 Lehr-Lerneinheiten zu unterschiedlichen Themen und erweitern ihre theoretischen Kenntnisse sowie praxisorientierten Medienkompetenzen.<\/li> <li><strong>Classcraft - Gamification von Unterricht <\/strong>(Melanie Banken): Classcraft, ein Engagement Management System im Stil eines Fantasy-Games: Sch\u00fcler*innen durchlaufen mit einem Avatar im Team die von der Lehrkraft geplante Unterrichtsreihe in der Form spannender digitaler Quests; neben der Vermittlung fachlicher Inhalte wirken sich die Quests positiv auf Arbeits- und Sozialverhalten in Gruppen aus.<\/li> <li><strong>Videokonferenztools am Beispiel von BigBlueButton <\/strong>(Nicole L\u00fccke): Mit Videokonferenzen hat ein neues Format Einzug in den aktuellen Unterrichts- und Fortbildungsalltag erhalten. Sie gelten als eine von vielen guten M\u00f6glichkeiten, Unterricht w\u00e4hrend der Zeit des angepassten Schulbetriebs zu gestalten. Mit Einblicken in konkrete Beispiele aus der Praxis des fremdsprachlichen Unterrichts und aus der Fortbildungspraxis wird das Videokonferenztool BigBlueButton vorgestellt.<\/li> <\/ul> <\/li> <\/ul> <p>Zum anderen m\u00f6chten wir auf der Grundlage der in <em>ComeIn<\/em> entwickelten Qualit\u00e4tskriterien Perspektiven der Dissemination und Einsetzbarkeit einzelner Ressourcen im Aus- und Fortbildungssystem diskutieren.<\/p>","_links":{"self":[{"href":"https:\/\/comein.nrw\/portal\/wp-json\/wp\/v2\/pages\/10496","targetHints":{"allow":["GET"]}}],"collection":[{"href":"https:\/\/comein.nrw\/portal\/wp-json\/wp\/v2\/pages"}],"about":[{"href":"https:\/\/comein.nrw\/portal\/wp-json\/wp\/v2\/types\/page"}],"author":[{"embeddable":true,"href":"https:\/\/comein.nrw\/portal\/wp-json\/wp\/v2\/users\/12"}],"replies":[{"embeddable":true,"href":"https:\/\/comein.nrw\/portal\/wp-json\/wp\/v2\/comments?post=10496"}],"version-history":[{"count":29,"href":"https:\/\/comein.nrw\/portal\/wp-json\/wp\/v2\/pages\/10496\/revisions"}],"predecessor-version":[{"id":15005,"href":"https:\/\/comein.nrw\/portal\/wp-json\/wp\/v2\/pages\/10496\/revisions\/15005"}],"up":[{"embeddable":true,"href":"https:\/\/comein.nrw\/portal\/wp-json\/wp\/v2\/pages\/18251"}],"wp:attachment":[{"href":"https:\/\/comein.nrw\/portal\/wp-json\/wp\/v2\/media?parent=10496"}],"curies":[{"name":"wp","href":"https:\/\/api.w.org\/{rel}","templated":true}]}}