{"id":10508,"date":"2021-01-28T16:50:02","date_gmt":"2021-01-28T15:50:02","guid":{"rendered":"https:\/\/comein.nrw\/portal\/?page_id=10508"},"modified":"2023-03-08T09:44:55","modified_gmt":"2023-03-08T08:44:55","slug":"tddlb-geiwi-iii","status":"publish","type":"page","link":"https:\/\/comein.nrw\/portal\/veranstaltungen\/tddlb-geiwi-iii\/","title":{"rendered":"TddL GeiWi III"},"content":{"rendered":"<!--themify_builder_content-->\n<div id=\"themify_builder_content-10508\" data-postid=\"10508\" class=\"themify_builder_content themify_builder_content-10508 themify_builder tf_clear\">\n    \t<!-- module_row -->\n\t<div  data-css_id=\"fl64531\" data-lazy=\"1\" class=\"module_row themify_builder_row fullwidth tb_fl64531 tb_first tf_clearfix\" >\n\t    \t\t<div class=\"row_inner col_align_top col-count-1 tf_box tf_w tf_rel\">\n\t\t\t<div  data-lazy=\"1\" class=\"module_column tb-column col-full first tb_7txi532 tf_box\">\n\t\t\t    \t        <div class=\"tb-column-inner tf_box tf_w\">\n\t\t    <!-- module image -->\n<div  class=\"module module-image tb_8sbs532   image-top tf_mw\" data-lazy=\"1\">\n        <div class=\"image-wrap tf_rel tf_mw\">\n\t\t    <img loading=\"lazy\" decoding=\"async\" width=\"2800\" height=\"500\" src=\"https:\/\/comein.nrw\/portal\/wp-content\/uploads\/2021\/02\/TddL-GeiWi-3.png\" class=\"wp-post-image wp-image-11602\" title=\"TddL GeiWi 3\" alt=\"Das Banner zeigt den Schriftzug &quot;Web-Seminar. CoP GeiWi \/ Sub-CoP Deutsch. Deutschdidaktische Lehre digital.&quot;\" srcset=\"https:\/\/comein.nrw\/portal\/wp-content\/uploads\/2021\/02\/TddL-GeiWi-3.png 2800w, https:\/\/comein.nrw\/portal\/wp-content\/uploads\/2021\/02\/TddL-GeiWi-3-300x54.png 300w, https:\/\/comein.nrw\/portal\/wp-content\/uploads\/2021\/02\/TddL-GeiWi-3-1024x183.png 1024w, https:\/\/comein.nrw\/portal\/wp-content\/uploads\/2021\/02\/TddL-GeiWi-3-768x137.png 768w, https:\/\/comein.nrw\/portal\/wp-content\/uploads\/2021\/02\/TddL-GeiWi-3-1536x274.png 1536w, https:\/\/comein.nrw\/portal\/wp-content\/uploads\/2021\/02\/TddL-GeiWi-3-2048x366.png 2048w\" sizes=\"auto, (max-width: 2800px) 100vw, 2800px\" \/>\t\n\t\t<\/div>\n\t<!-- \/image-wrap -->\n    \n    \t<\/div>\n<!-- \/module image -->\t        <\/div>\n\t    \t<\/div>\n\t\t    <\/div>\n\t    <!-- \/row_inner -->\n\t<\/div>\n\t<!-- \/module_row -->\n\t\t<!-- module_row -->\n\t<div  data-css_id=\"d325531\" data-lazy=\"1\" class=\"module_row themify_builder_row fullwidth tb_d325531 tf_clearfix\" >\n\t    \t\t<div class=\"row_inner col_align_top col-count-1 tf_box tf_w tf_rel\">\n\t\t\t<div  data-lazy=\"1\" class=\"module_column tb-column col-full first tb_25t5533 tf_box\">\n\t\t\t    \t        <div class=\"tb-column-inner tf_box tf_w\">\n\t\t    <!-- module text -->\n<div  class=\"module module-text tb_j1ka533   \" data-lazy=\"1\">\n        <div  class=\"tb_text_wrap\">\n    <p><strong style=\"background-color: initial; font-size: 1em;\">CoP: <\/strong><span style=\"background-color: initial; font-size: 1em;\">CoP GeiWi \/ Sub-CoP Deutsch<\/span><\/p>\n<p><strong>Durchf\u00fchrende Personen:<\/strong><\/p>\n<p style=\"padding-left: 40px;\">Dr. Andreas B\u00e4r (Landesverband NRW)<\/p>\n<p style=\"padding-left: 40px;\">Prof. Dr. Michael Bei\u00dfwenger (Universit\u00e4t Duisburg-Essen)<\/p>\n<p style=\"padding-left: 40px;\">Jun.-Prof. Dr. Wiebke Dannecker (Universit\u00e4t zu K\u00f6ln)<\/p>\n<p style=\"padding-left: 40px;\">Kristina Krieger (Universit\u00e4t Bonn)<\/p>\n<p style=\"padding-left: 40px;\">Laura Lewald-Romahn (Universit\u00e4t zu K\u00f6ln)<\/p>\n<p style=\"padding-left: 40px;\">Prof. Dr. Florian Radvan (Universit\u00e4t Bonn)<\/p>\n<p style=\"padding-left: 40px;\">Prof. Dr. Elvira Topalovi\u0107 (Universit\u00e4t Paderborn)<\/p>\n<p><strong>Das Produkt oder eine Produktauswahl:<\/strong><\/p>\n<p style=\"padding-left: 40px;\">Kooperative Texterschlie\u00dfung mit TEXTLABOR<\/p>\n<p style=\"padding-left: 40px;\">Literarische Anschlusskommunikation mit MURAL<\/p>\n<p style=\"padding-left: 40px;\">Sprachunterricht mit DORA vorbereiten<\/p>\n<p style=\"padding-left: 40px;\">Individuelle Rechtschreib- und Zeichensetzungsf\u00f6rderung mit ZUM-Unterrichten<\/p>\n<p><strong>Inhalt:\u00a0<\/strong><\/p>\n<p>Im Workshop der Sub-CoP Deutsch stehen die Beschreibung sowie M\u00f6glichkeiten zum fachspezifischen Einsatz von vier ausgew\u00e4hlten digitalen Ressourcen im Fokus, welche sowohl im schulischen Kontext als auch in der Aus- und Fortbildungspraxis von Lehrkr\u00e4ften didaktisch sinnvoll genutzt werden k\u00f6nnen.<\/p>\n<p>Dr. Andreas B\u00e4r gibt einen Einblick in das Lehr- und Lernportal ZUM-Unterrichten, welches er im Deutschunterricht am Andreas-Vesalius-Gymnasium Wesel zur individuellen F\u00f6rderung (u.a. zur Vorbereitung von Sch\u00fcler*innen auf ihre Teilnahme am Rechtschreibwettbewerb) und Differenzierung einsetzt.<\/p>\n<p>Prof. Dr. Michael Bei\u00dfwenger stellt die Moodle-Erweiterung TEXTLABOR und ein darauf bezogenes didaktisches Konzept zur kooperativen Erschlie\u00dfung von Fachtexten und literarischen Texten vor, das in Lehrveranstaltungen der 1. Phase erprobt wurde und das auch f\u00fcr den Schulkontext interessante M\u00f6glichkeiten f\u00fcr die F\u00f6rderung von Textkompetenzen bietet.<\/p>\n<p>Jun.-Prof. Dr. Wiebke Dannecker und Laura Lewald-Romahn veranschaulichen anhand eines Workshops zu Thomas Manns <em>Der Zauberberg <\/em>die M\u00f6glichkeiten des Einsatzes von MURAL im Rahmen der Anschlusskommunikation zu literarischen Texten und reflektieren den Einsatz in einem Proseminar im Bachelorstudiengang.<\/p>\n<p>Prof. Dr. Elvira Topalovi\u0107 gibt einen Einblick in die Nutzung der \u201eDatenbank orthografisch regelm\u00e4\u00dfiger Ausdr\u00fccke (DORA)&#8220;, mit deren Hilfe Lehrende troch\u00e4ische Musterw\u00f6rter nach bestimmten Kriterien gezielt ausw\u00e4hlen und f\u00fcr die Arbeit im Unterricht aufbereiten k\u00f6nnen.<\/p>\n<p>Nach einer kurzen Einf\u00fchrung durch die Sub-CoP-Leitung (Prof. Dr. Florian Radvan und Kristina Krieger) werden die unterschiedlichen Ressourcen blitzlichtartig vorgestellt. Anschlie\u00dfend haben die Teilnehmer*innen die M\u00f6glichkeit, sich einer Breakout-Session zuzuordnen, in der sie mehr \u00fcber die Anlage und Einsatzm\u00f6glichkeiten der ausgew\u00e4hlten Ressource erfahren.<\/p>\n<p>In einer gemeinsamen Reflexionsphase zum Abschluss des Workshops werden M\u00f6glichkeiten der Einsetzbarkeit der Ressourcen in allen drei Phasen der Lehrer*innenbildung diskutiert.<\/p>    <\/div>\n<\/div>\n<!-- \/module text -->\t        <\/div>\n\t    \t<\/div>\n\t\t    <\/div>\n\t    <!-- \/row_inner -->\n\t<\/div>\n\t<!-- \/module_row -->\n\t<\/div>\n<!--\/themify_builder_content-->","protected":false},"excerpt":{"rendered":"<p>CoP: CoP GeiWi \/ Sub-CoP Deutsch Durchf\u00fchrende Personen: Dr. Andreas B\u00e4r (Landesverband NRW) Prof. Dr. Michael Bei\u00dfwenger (Universit\u00e4t Duisburg-Essen) Jun.-Prof. Dr. Wiebke Dannecker (Universit\u00e4t zu K\u00f6ln) Kristina Krieger (Universit\u00e4t Bonn) Laura Lewald-Romahn (Universit\u00e4t zu K\u00f6ln) Prof. Dr. Florian Radvan (Universit\u00e4t Bonn) Prof. Dr. Elvira Topalovi\u0107 (Universit\u00e4t Paderborn) Das Produkt oder eine Produktauswahl: Kooperative Texterschlie\u00dfung mit [&hellip;]<\/p>\n","protected":false},"author":12,"featured_media":0,"parent":16847,"menu_order":0,"comment_status":"closed","ping_status":"closed","template":"","meta":{"es_repo_domain":"","es_repo_ticket":"","es_plugin_url":"","footnotes":""},"class_list":["post-10508","page","type-page","status-publish","hentry","has-post-title","has-post-date","has-post-category","has-post-tag","has-post-comment","has-post-author",""],"builder_content":"<img loading=\"lazy\" decoding=\"async\" width=\"2800\" height=\"500\" src=\"https:\/\/comein.nrw\/portal\/wp-content\/uploads\/2021\/02\/TddL-GeiWi-3.png\" title=\"TddL GeiWi 3\" alt=\"Das Banner zeigt den Schriftzug &quot;Web-Seminar. CoP GeiWi \/ Sub-CoP Deutsch. Deutschdidaktische Lehre digital.&quot;\" srcset=\"https:\/\/comein.nrw\/portal\/wp-content\/uploads\/2021\/02\/TddL-GeiWi-3.png 2800w, https:\/\/comein.nrw\/portal\/wp-content\/uploads\/2021\/02\/TddL-GeiWi-3-300x54.png 300w, https:\/\/comein.nrw\/portal\/wp-content\/uploads\/2021\/02\/TddL-GeiWi-3-1024x183.png 1024w, https:\/\/comein.nrw\/portal\/wp-content\/uploads\/2021\/02\/TddL-GeiWi-3-768x137.png 768w, https:\/\/comein.nrw\/portal\/wp-content\/uploads\/2021\/02\/TddL-GeiWi-3-1536x274.png 1536w, https:\/\/comein.nrw\/portal\/wp-content\/uploads\/2021\/02\/TddL-GeiWi-3-2048x366.png 2048w\" sizes=\"auto, (max-width: 2800px) 100vw, 2800px\" \/>\n<p><strong style=\"background-color: initial; font-size: 1em;\">CoP: <\/strong>CoP GeiWi \/ Sub-CoP Deutsch<\/p> <p><strong>Durchf\u00fchrende Personen:<\/strong><\/p> <p style=\"padding-left: 40px;\">Dr. Andreas B\u00e4r (Landesverband NRW)<\/p> <p style=\"padding-left: 40px;\">Prof. Dr. Michael Bei\u00dfwenger (Universit\u00e4t Duisburg-Essen)<\/p> <p style=\"padding-left: 40px;\">Jun.-Prof. Dr. Wiebke Dannecker (Universit\u00e4t zu K\u00f6ln)<\/p> <p style=\"padding-left: 40px;\">Kristina Krieger (Universit\u00e4t Bonn)<\/p> <p style=\"padding-left: 40px;\">Laura Lewald-Romahn (Universit\u00e4t zu K\u00f6ln)<\/p> <p style=\"padding-left: 40px;\">Prof. Dr. Florian Radvan (Universit\u00e4t Bonn)<\/p> <p style=\"padding-left: 40px;\">Prof. Dr. Elvira Topalovi\u0107 (Universit\u00e4t Paderborn)<\/p> <p><strong>Das Produkt oder eine Produktauswahl:<\/strong><\/p> <p style=\"padding-left: 40px;\">Kooperative Texterschlie\u00dfung mit TEXTLABOR<\/p> <p style=\"padding-left: 40px;\">Literarische Anschlusskommunikation mit MURAL<\/p> <p style=\"padding-left: 40px;\">Sprachunterricht mit DORA vorbereiten<\/p> <p style=\"padding-left: 40px;\">Individuelle Rechtschreib- und Zeichensetzungsf\u00f6rderung mit ZUM-Unterrichten<\/p> <p><strong>Inhalt:\u00a0<\/strong><\/p> <p>Im Workshop der Sub-CoP Deutsch stehen die Beschreibung sowie M\u00f6glichkeiten zum fachspezifischen Einsatz von vier ausgew\u00e4hlten digitalen Ressourcen im Fokus, welche sowohl im schulischen Kontext als auch in der Aus- und Fortbildungspraxis von Lehrkr\u00e4ften didaktisch sinnvoll genutzt werden k\u00f6nnen.<\/p> <p>Dr. Andreas B\u00e4r gibt einen Einblick in das Lehr- und Lernportal ZUM-Unterrichten, welches er im Deutschunterricht am Andreas-Vesalius-Gymnasium Wesel zur individuellen F\u00f6rderung (u.a. zur Vorbereitung von Sch\u00fcler*innen auf ihre Teilnahme am Rechtschreibwettbewerb) und Differenzierung einsetzt.<\/p> <p>Prof. Dr. Michael Bei\u00dfwenger stellt die Moodle-Erweiterung TEXTLABOR und ein darauf bezogenes didaktisches Konzept zur kooperativen Erschlie\u00dfung von Fachtexten und literarischen Texten vor, das in Lehrveranstaltungen der 1. Phase erprobt wurde und das auch f\u00fcr den Schulkontext interessante M\u00f6glichkeiten f\u00fcr die F\u00f6rderung von Textkompetenzen bietet.<\/p> <p>Jun.-Prof. Dr. Wiebke Dannecker und Laura Lewald-Romahn veranschaulichen anhand eines Workshops zu Thomas Manns <em>Der Zauberberg <\/em>die M\u00f6glichkeiten des Einsatzes von MURAL im Rahmen der Anschlusskommunikation zu literarischen Texten und reflektieren den Einsatz in einem Proseminar im Bachelorstudiengang.<\/p> <p>Prof. Dr. Elvira Topalovi\u0107 gibt einen Einblick in die Nutzung der \u201eDatenbank orthografisch regelm\u00e4\u00dfiger Ausdr\u00fccke (DORA)\", mit deren Hilfe Lehrende troch\u00e4ische Musterw\u00f6rter nach bestimmten Kriterien gezielt ausw\u00e4hlen und f\u00fcr die Arbeit im Unterricht aufbereiten k\u00f6nnen.<\/p> <p>Nach einer kurzen Einf\u00fchrung durch die Sub-CoP-Leitung (Prof. Dr. Florian Radvan und Kristina Krieger) werden die unterschiedlichen Ressourcen blitzlichtartig vorgestellt. Anschlie\u00dfend haben die Teilnehmer*innen die M\u00f6glichkeit, sich einer Breakout-Session zuzuordnen, in der sie mehr \u00fcber die Anlage und Einsatzm\u00f6glichkeiten der ausgew\u00e4hlten Ressource erfahren.<\/p> <p>In einer gemeinsamen Reflexionsphase zum Abschluss des Workshops werden M\u00f6glichkeiten der Einsetzbarkeit der Ressourcen in allen drei Phasen der Lehrer*innenbildung diskutiert.<\/p>","_links":{"self":[{"href":"https:\/\/comein.nrw\/portal\/wp-json\/wp\/v2\/pages\/10508","targetHints":{"allow":["GET"]}}],"collection":[{"href":"https:\/\/comein.nrw\/portal\/wp-json\/wp\/v2\/pages"}],"about":[{"href":"https:\/\/comein.nrw\/portal\/wp-json\/wp\/v2\/types\/page"}],"author":[{"embeddable":true,"href":"https:\/\/comein.nrw\/portal\/wp-json\/wp\/v2\/users\/12"}],"replies":[{"embeddable":true,"href":"https:\/\/comein.nrw\/portal\/wp-json\/wp\/v2\/comments?post=10508"}],"version-history":[{"count":29,"href":"https:\/\/comein.nrw\/portal\/wp-json\/wp\/v2\/pages\/10508\/revisions"}],"predecessor-version":[{"id":19428,"href":"https:\/\/comein.nrw\/portal\/wp-json\/wp\/v2\/pages\/10508\/revisions\/19428"}],"up":[{"embeddable":true,"href":"https:\/\/comein.nrw\/portal\/wp-json\/wp\/v2\/pages\/16847"}],"wp:attachment":[{"href":"https:\/\/comein.nrw\/portal\/wp-json\/wp\/v2\/media?parent=10508"}],"curies":[{"name":"wp","href":"https:\/\/api.w.org\/{rel}","templated":true}]}}