{"id":10518,"date":"2021-01-28T16:44:01","date_gmt":"2021-01-28T15:44:01","guid":{"rendered":"https:\/\/comein.nrw\/portal\/?page_id=10518"},"modified":"2023-03-08T09:50:39","modified_gmt":"2023-03-08T08:50:39","slug":"tddlb-mint-i","status":"publish","type":"page","link":"https:\/\/comein.nrw\/portal\/tddl-2021\/tddlb-mint-i\/","title":{"rendered":"TddL MINT I"},"content":{"rendered":"<!--themify_builder_content-->\n<div id=\"themify_builder_content-10518\" data-postid=\"10518\" class=\"themify_builder_content themify_builder_content-10518 themify_builder tf_clear\">\n    \t<!-- module_row -->\n\t<div  data-css_id=\"bffg511\" data-lazy=\"1\" class=\"module_row themify_builder_row fullwidth tb_bffg511 tb_first tf_clearfix\" >\n\t    \t\t<div class=\"row_inner col_align_top col-count-1 tf_box tf_w tf_rel\">\n\t\t\t<div  data-lazy=\"1\" class=\"module_column tb-column col-full first tb_hred511 tf_box\">\n\t\t\t    \t        <div class=\"tb-column-inner tf_box tf_w\">\n\t\t    <!-- module image -->\n<div  class=\"module module-image tb_cw99512   image-top tf_mw\" data-lazy=\"1\">\n        <div class=\"image-wrap tf_rel tf_mw\">\n\t\t    <img loading=\"lazy\" decoding=\"async\" width=\"2800\" height=\"500\" src=\"https:\/\/comein.nrw\/portal\/wp-content\/uploads\/2021\/02\/TddL-MINT-1.png\" class=\"wp-post-image wp-image-11614\" title=\"TddL MINT 1\" alt=\"Das Banner zeigt den Schriftzug &quot;Web-Seminar. CoP MINT. Didaktische Prinzipien f\u00fcr Lernvideos. Lehrfilme zur Unterst\u00fctzung der biologischen Lehre - Entwicklung, Einsatz und Evaluation \/ Von der Rezeption zur Produktion: (Erkl\u00e4r-)Videos in der chemiedidaktischen Lehre \/ Entwicklungsphilosophie und Einsatztest von MINT-Lehrvideos.&quot;\" srcset=\"https:\/\/comein.nrw\/portal\/wp-content\/uploads\/2021\/02\/TddL-MINT-1.png 2800w, https:\/\/comein.nrw\/portal\/wp-content\/uploads\/2021\/02\/TddL-MINT-1-300x54.png 300w, https:\/\/comein.nrw\/portal\/wp-content\/uploads\/2021\/02\/TddL-MINT-1-1024x183.png 1024w, https:\/\/comein.nrw\/portal\/wp-content\/uploads\/2021\/02\/TddL-MINT-1-768x137.png 768w, https:\/\/comein.nrw\/portal\/wp-content\/uploads\/2021\/02\/TddL-MINT-1-1536x274.png 1536w, https:\/\/comein.nrw\/portal\/wp-content\/uploads\/2021\/02\/TddL-MINT-1-2048x366.png 2048w\" sizes=\"auto, (max-width: 2800px) 100vw, 2800px\" \/>\t\n\t\t<\/div>\n\t<!-- \/image-wrap -->\n    \n    \t<\/div>\n<!-- \/module image -->\t        <\/div>\n\t    \t<\/div>\n\t\t    <\/div>\n\t    <!-- \/row_inner -->\n\t<\/div>\n\t<!-- \/module_row -->\n\t\t<!-- module_row -->\n\t<div  data-css_id=\"72kz511\" data-lazy=\"1\" class=\"module_row themify_builder_row fullwidth tb_72kz511 tf_clearfix\" >\n\t    \t\t<div class=\"row_inner col_align_top col-count-1 tf_box tf_w tf_rel\">\n\t\t\t<div  data-lazy=\"1\" class=\"module_column tb-column col-full first tb_g1xa512 tf_box\">\n\t\t\t    \t        <div class=\"tb-column-inner tf_box tf_w\">\n\t\t    <!-- module text -->\n<div  class=\"module module-text tb_m7jw513   \" data-lazy=\"1\">\n        <div  class=\"tb_text_wrap\">\n    <p><strong style=\"background-color: initial; font-size: 1em;\">CoP:\u00a0<\/strong><span style=\"background-color: initial; font-size: 1em;\">MINT<\/span><strong style=\"background-color: initial; font-size: 1em;\">\u00a0 \u00a0\u00a0<\/strong><\/p>\n<p><strong>Durchf\u00fchrende Personen:\u00a0<\/strong><\/p>\n<p style=\"padding-left: 40px;\">M.Sc. Luisa Beunink (Bio &#8211; Bergische Universit\u00e4t Wuppertal),<\/p>\n<p style=\"padding-left: 40px;\">Prof. Dr. Claudia Bohrmann-Linde (Che &#8211; Bergische Universit\u00e4t Wuppertal),<\/p>\n<p style=\"padding-left: 40px;\">Prof. Dr. Andr\u00e9 Bresges (Phy &#8211; Universit\u00e4t zu K\u00f6ln)<strong>\u00a0 \u00a0 \u00a0 \u00a0 \u00a0 \u00a0 \u00a0 \u00a0 \u00a0<\/strong>\u00a0\u00a0\u00a0\u00a0\u00a0\u00a0\u00a0\u00a0\u00a0<\/p>\n<p><strong>Das Produkt oder eine Produktauswahl:<\/strong><\/p>\n<p style=\"padding-left: 40px;\">s. Inhalt<\/p>\n<p><strong>Inhalt:\u00a0<\/strong><\/p>\n<p><em>Chemie-Teil<\/em>: Es wird \u00fcber ein didaktisches Konzept zur Integration von (Erkl\u00e4r-)Videos in die chemiedidaktische Lehre berichtet. Gem\u00e4\u00df der Leitlinie \u201eVon der Rezeption zur Produktion\u201c sollen eine kritische Bewertung von (Erkl\u00e4r-)Videos angebahnt, die Produktion eigener (Erkl\u00e4r-)Videos f\u00fcr chemiedidaktische Lehr-\/Lernsettings und Reflexionen zu deren Einsatz gef\u00f6rdert werden.<\/p>\n<p><em>Biologie-Teil<\/em>: Es wird die Entwicklung von Lehrfilmen zur zoologischen Pr\u00e4paration und deren Integration in der biologischen Lehre im Rahmen einer Pilotstudie dargestellt. Durch den Einsatz der Lehrfilme, auch in interaktiver Form (H5P), sollen die Studierenden die didaktischen und fachwissenschaftlichen Vorteile von Lehrfilmen erfahren und evaluieren sowie Kompetenzen erlangen, um dieses Tool erfolgreich in ihre sp\u00e4tere Unterrichtsgestaltung einzubinden.<\/p>\n<p><em>Physik-Teil:<\/em> Wir haben in einer Vorlesung mit 354 Studierenden ausprobiert, ob sich die 17 Regeln f\u00fcr ein erfolgreiches YouTube Wissensvideo (<a href=\"https:\/\/www.jacob-beautemps.de\/so-geht-youtube\/\">https:\/\/www.jacob-beautemps.de\/so-geht-youtube\/<\/a>) sinngem\u00e4\u00df auch auf H\u00f6rsaal- und Unterrichtsvideos anwenden lassen. Statt dem normalen Einbruch in der Mitte des Semesters stieg die Anzahl der Betrachter kontinuierlich an, auf bis zu 833 Aufrufe eines Videos zum Bau von Kirchen und Br\u00fccken: <a href=\"https:\/\/youtu.be\/mrLyj6AtTBY\">https:\/\/youtu.be\/mrLyj6AtTBY<\/a><\/p>\n<p>Was haben wir richtig gemacht? Zusammen mit den Teilnehmer*innen aus Schule und Hochschule wollen wir Leitlinien f\u00fcr die weitere Arbeit in der CoP MINT ableiten.<\/p>    <\/div>\n<\/div>\n<!-- \/module text -->\t        <\/div>\n\t    \t<\/div>\n\t\t    <\/div>\n\t    <!-- \/row_inner -->\n\t<\/div>\n\t<!-- \/module_row -->\n\t<\/div>\n<!--\/themify_builder_content-->","protected":false},"excerpt":{"rendered":"<p>CoP:\u00a0MINT\u00a0 \u00a0\u00a0 Durchf\u00fchrende Personen:\u00a0 M.Sc. Luisa Beunink (Bio &#8211; Bergische Universit\u00e4t Wuppertal), Prof. Dr. Claudia Bohrmann-Linde (Che &#8211; Bergische Universit\u00e4t Wuppertal), Prof. Dr. Andr\u00e9 Bresges (Phy &#8211; Universit\u00e4t zu K\u00f6ln)\u00a0 \u00a0 \u00a0 \u00a0 \u00a0 \u00a0 \u00a0 \u00a0 \u00a0\u00a0\u00a0\u00a0\u00a0\u00a0\u00a0\u00a0\u00a0\u00a0 Das Produkt oder eine Produktauswahl: s. Inhalt Inhalt:\u00a0 Chemie-Teil: Es wird \u00fcber ein didaktisches Konzept zur Integration [&hellip;]<\/p>\n","protected":false},"author":12,"featured_media":0,"parent":18251,"menu_order":0,"comment_status":"closed","ping_status":"closed","template":"","meta":{"es_repo_domain":"","es_repo_ticket":"","es_plugin_url":"","footnotes":""},"class_list":["post-10518","page","type-page","status-publish","hentry","has-post-title","has-post-date","has-post-category","has-post-tag","has-post-comment","has-post-author",""],"builder_content":"<img loading=\"lazy\" decoding=\"async\" width=\"2800\" height=\"500\" src=\"https:\/\/comein.nrw\/portal\/wp-content\/uploads\/2021\/02\/TddL-MINT-1.png\" title=\"TddL MINT 1\" alt=\"Das Banner zeigt den Schriftzug &quot;Web-Seminar. CoP MINT. Didaktische Prinzipien f\u00fcr Lernvideos. Lehrfilme zur Unterst\u00fctzung der biologischen Lehre - Entwicklung, Einsatz und Evaluation \/ Von der Rezeption zur Produktion: (Erkl\u00e4r-)Videos in der chemiedidaktischen Lehre \/ Entwicklungsphilosophie und Einsatztest von MINT-Lehrvideos.&quot;\" srcset=\"https:\/\/comein.nrw\/portal\/wp-content\/uploads\/2021\/02\/TddL-MINT-1.png 2800w, https:\/\/comein.nrw\/portal\/wp-content\/uploads\/2021\/02\/TddL-MINT-1-300x54.png 300w, https:\/\/comein.nrw\/portal\/wp-content\/uploads\/2021\/02\/TddL-MINT-1-1024x183.png 1024w, https:\/\/comein.nrw\/portal\/wp-content\/uploads\/2021\/02\/TddL-MINT-1-768x137.png 768w, https:\/\/comein.nrw\/portal\/wp-content\/uploads\/2021\/02\/TddL-MINT-1-1536x274.png 1536w, https:\/\/comein.nrw\/portal\/wp-content\/uploads\/2021\/02\/TddL-MINT-1-2048x366.png 2048w\" sizes=\"auto, (max-width: 2800px) 100vw, 2800px\" \/>\n<p><strong style=\"background-color: initial; font-size: 1em;\">CoP:\u00a0<\/strong>MINT<strong style=\"background-color: initial; font-size: 1em;\">\u00a0 \u00a0\u00a0<\/strong><\/p> <p><strong>Durchf\u00fchrende Personen:\u00a0<\/strong><\/p> <p style=\"padding-left: 40px;\">M.Sc. Luisa Beunink (Bio - Bergische Universit\u00e4t Wuppertal),<\/p> <p style=\"padding-left: 40px;\">Prof. Dr. Claudia Bohrmann-Linde (Che - Bergische Universit\u00e4t Wuppertal),<\/p> <p style=\"padding-left: 40px;\">Prof. Dr. Andr\u00e9 Bresges (Phy - Universit\u00e4t zu K\u00f6ln)<strong>\u00a0 \u00a0 \u00a0 \u00a0 \u00a0 \u00a0 \u00a0 \u00a0 \u00a0<\/strong>\u00a0\u00a0\u00a0\u00a0\u00a0\u00a0\u00a0\u00a0\u00a0<\/p> <p><strong>Das Produkt oder eine Produktauswahl:<\/strong><\/p> <p style=\"padding-left: 40px;\">s. Inhalt<\/p> <p><strong>Inhalt:\u00a0<\/strong><\/p> <p><em>Chemie-Teil<\/em>: Es wird \u00fcber ein didaktisches Konzept zur Integration von (Erkl\u00e4r-)Videos in die chemiedidaktische Lehre berichtet. Gem\u00e4\u00df der Leitlinie \u201eVon der Rezeption zur Produktion\u201c sollen eine kritische Bewertung von (Erkl\u00e4r-)Videos angebahnt, die Produktion eigener (Erkl\u00e4r-)Videos f\u00fcr chemiedidaktische Lehr-\/Lernsettings und Reflexionen zu deren Einsatz gef\u00f6rdert werden.<\/p> <p><em>Biologie-Teil<\/em>: Es wird die Entwicklung von Lehrfilmen zur zoologischen Pr\u00e4paration und deren Integration in der biologischen Lehre im Rahmen einer Pilotstudie dargestellt. Durch den Einsatz der Lehrfilme, auch in interaktiver Form (H5P), sollen die Studierenden die didaktischen und fachwissenschaftlichen Vorteile von Lehrfilmen erfahren und evaluieren sowie Kompetenzen erlangen, um dieses Tool erfolgreich in ihre sp\u00e4tere Unterrichtsgestaltung einzubinden.<\/p> <p><em>Physik-Teil:<\/em> Wir haben in einer Vorlesung mit 354 Studierenden ausprobiert, ob sich die 17 Regeln f\u00fcr ein erfolgreiches YouTube Wissensvideo (<a href=\"https:\/\/www.jacob-beautemps.de\/so-geht-youtube\/\">https:\/\/www.jacob-beautemps.de\/so-geht-youtube\/<\/a>) sinngem\u00e4\u00df auch auf H\u00f6rsaal- und Unterrichtsvideos anwenden lassen. Statt dem normalen Einbruch in der Mitte des Semesters stieg die Anzahl der Betrachter kontinuierlich an, auf bis zu 833 Aufrufe eines Videos zum Bau von Kirchen und Br\u00fccken: <a href=\"https:\/\/youtu.be\/mrLyj6AtTBY\">https:\/\/youtu.be\/mrLyj6AtTBY<\/a><\/p> <p>Was haben wir richtig gemacht? Zusammen mit den Teilnehmer*innen aus Schule und Hochschule wollen wir Leitlinien f\u00fcr die weitere Arbeit in der CoP MINT ableiten.<\/p>","_links":{"self":[{"href":"https:\/\/comein.nrw\/portal\/wp-json\/wp\/v2\/pages\/10518","targetHints":{"allow":["GET"]}}],"collection":[{"href":"https:\/\/comein.nrw\/portal\/wp-json\/wp\/v2\/pages"}],"about":[{"href":"https:\/\/comein.nrw\/portal\/wp-json\/wp\/v2\/types\/page"}],"author":[{"embeddable":true,"href":"https:\/\/comein.nrw\/portal\/wp-json\/wp\/v2\/users\/12"}],"replies":[{"embeddable":true,"href":"https:\/\/comein.nrw\/portal\/wp-json\/wp\/v2\/comments?post=10518"}],"version-history":[{"count":27,"href":"https:\/\/comein.nrw\/portal\/wp-json\/wp\/v2\/pages\/10518\/revisions"}],"predecessor-version":[{"id":19438,"href":"https:\/\/comein.nrw\/portal\/wp-json\/wp\/v2\/pages\/10518\/revisions\/19438"}],"up":[{"embeddable":true,"href":"https:\/\/comein.nrw\/portal\/wp-json\/wp\/v2\/pages\/18251"}],"wp:attachment":[{"href":"https:\/\/comein.nrw\/portal\/wp-json\/wp\/v2\/media?parent=10518"}],"curies":[{"name":"wp","href":"https:\/\/api.w.org\/{rel}","templated":true}]}}