{"id":10536,"date":"2021-01-28T16:44:29","date_gmt":"2021-01-28T15:44:29","guid":{"rendered":"https:\/\/comein.nrw\/portal\/?page_id=10536"},"modified":"2023-03-08T09:50:39","modified_gmt":"2023-03-08T08:50:39","slug":"tddlb-mint-iii","status":"publish","type":"page","link":"https:\/\/comein.nrw\/portal\/tddl-2021\/tddlb-mint-iii\/","title":{"rendered":"TddL MINT III"},"content":{"rendered":"<!--themify_builder_content-->\n<div id=\"themify_builder_content-10536\" data-postid=\"10536\" class=\"themify_builder_content themify_builder_content-10536 themify_builder tf_clear\">\n    \t<!-- module_row -->\n\t<div  data-css_id=\"nh7a248\" data-lazy=\"1\" class=\"module_row themify_builder_row fullwidth tb_nh7a248 tb_first tf_clearfix\" >\n\t    \t\t<div class=\"row_inner col_align_top col-count-1 tf_box tf_w tf_rel\">\n\t\t\t<div  data-lazy=\"1\" class=\"module_column tb-column col-full first tb_yvun248 tf_box\">\n\t\t\t    \t        <div class=\"tb-column-inner tf_box tf_w\">\n\t\t    <!-- module image -->\n<div  class=\"module module-image tb_1okl248   image-top tf_mw\" data-lazy=\"1\">\n        <div class=\"image-wrap tf_rel tf_mw\">\n\t\t    <img loading=\"lazy\" decoding=\"async\" width=\"2800\" height=\"500\" src=\"https:\/\/comein.nrw\/portal\/wp-content\/uploads\/2021\/02\/TddL-MINT-3.png\" class=\"wp-post-image wp-image-11618\" title=\"TddL MINT 3\" alt=\"Das Banner zeigt den Schriftzug &quot;Web-Seminar. CoP MINT. Praxisbeispiele aus dem MINT-Bereich. Digitalisierungsbezogene Projekte in der Lehrer*innenbildung.&quot;\" srcset=\"https:\/\/comein.nrw\/portal\/wp-content\/uploads\/2021\/02\/TddL-MINT-3.png 2800w, https:\/\/comein.nrw\/portal\/wp-content\/uploads\/2021\/02\/TddL-MINT-3-300x54.png 300w, https:\/\/comein.nrw\/portal\/wp-content\/uploads\/2021\/02\/TddL-MINT-3-1024x183.png 1024w, https:\/\/comein.nrw\/portal\/wp-content\/uploads\/2021\/02\/TddL-MINT-3-768x137.png 768w, https:\/\/comein.nrw\/portal\/wp-content\/uploads\/2021\/02\/TddL-MINT-3-1536x274.png 1536w, https:\/\/comein.nrw\/portal\/wp-content\/uploads\/2021\/02\/TddL-MINT-3-2048x366.png 2048w\" sizes=\"auto, (max-width: 2800px) 100vw, 2800px\" \/>\t\n\t\t<\/div>\n\t<!-- \/image-wrap -->\n    \n    \t<\/div>\n<!-- \/module image -->\t        <\/div>\n\t    \t<\/div>\n\t\t    <\/div>\n\t    <!-- \/row_inner -->\n\t<\/div>\n\t<!-- \/module_row -->\n\t\t<!-- module_row -->\n\t<div  data-css_id=\"mpz8248\" data-lazy=\"1\" class=\"module_row themify_builder_row fullwidth tb_mpz8248 tf_clearfix\" >\n\t    \t\t<div class=\"row_inner col_align_top col-count-1 tf_box tf_w tf_rel\">\n\t\t\t<div  data-lazy=\"1\" class=\"module_column tb-column col-full first tb_1qa2249 tf_box\">\n\t\t\t    \t        <div class=\"tb-column-inner tf_box tf_w\">\n\t\t    <!-- module text -->\n<div  class=\"module module-text tb_vz7o249   \" data-lazy=\"1\">\n        <div  class=\"tb_text_wrap\">\n    <p><strong style=\"background-color: initial; font-size: 1em;\">CoP:\u00a0<\/strong><span style=\"background-color: initial; font-size: 1em;\">MINT<\/span><strong style=\"background-color: initial; font-size: 1em;\">\u00a0<\/strong><\/p>\n<p><strong>Durchf\u00fchrende Personen:<\/strong><\/p>\n<p style=\"padding-left: 40px;\">Moderation: Johanna Heitzer, Stefan Pohlkamp<\/p>\n<p style=\"padding-left: 40px;\">Inputs: Heidrun Heinke, Miriam Kuckuck &amp; Ludger Humbert; Claudia Bohrmann-Linde &amp; Team, Arno Pasternak<\/p>\n<p><strong>Das Produkt oder eine Produktauswahl:<\/strong><\/p>\n<p style=\"padding-left: 40px;\">s. Inhalt<\/p>\n<p><strong>Inhalt:\u00a0<\/strong><\/p>\n<p>In diesem dritten Slot der CoP MINT stehen <em>Best-Practice<\/em>-Beispiele aus unserem Fachbereich im Vordergrund, die die Anliegen aus dem ComeIn-Projekt bedienen:<\/p>\n<p>\u201e\u00dcberwachung des CO2-Gehalts mit PhyPhox\u201c: Die App nutzt die Sensordaten von Smartphones f\u00fcr die Durchf\u00fchrung von fertig konfigurierten Experimenten und ist geeignet f\u00fcr Demonstrations- und Sch\u00fclerexperimente. Z. B. kann man mit einem CO2-Sensor die L\u00fcftung von Klassenzimmern, Photosynthese oder den Klimawandel untersuchen.<\/p>\n<p>\u201eInformatik im Praxissemester des Sachunterrichts\u201c \u2013 Wir f\u00fchren seit dem Sommersemester 2020 in Kooperation Didaktik der Informatik und Didaktik des Sachunterrichts gemeinsam die Vorbereitung auf Gegenst\u00e4nde der Informatik f\u00fcr die Umsetzung im Rahmen des Praxissemesters durch, der erste Praxiseinsatz ist absolviert und wird gerade evaluiert. Die Durchf\u00fchrung wird aktuell um die universit\u00e4ren Standorte Essen-Duisburg und M\u00fcnster erweitert.<\/p>\n<p>\u201e&#8217;Netzwerk Digitaler Chemieunterricht (NeDiChe)&#8216; &#8211; ein Format zur Verkn\u00fcpfung der drei Phasen der Lehrkr\u00e4fte(aus)bildung\u201c \u2013 Das Netzwerk wurde aus dem ComeIn-Projekt heraus mit dem Ziel der Vernetzung von Akteuren aus Forschung, Lehre und Praxis des Chemieunterrichts gegr\u00fcndet. Jeden Monat wird im Rahmen eines Kolloquiums nach einem themenspezifischen Input mit den Teilnehmenden diskutiert und teilweise im Workshop-Format an konkreten digitalen Produkten gearbeitet.<\/p>\n<p>\u201eDer Ton macht die Musik \u2013 Elektronen, Quanten und Bits helfen dabei\u201c \u2013 In der heutigen Lebenswirklichkeit zum physikalischen Teilgebiet Akustik haben informatische (digitale) Verfahren zur Speicherung und \u00dcbertragung von T\u00f6nen die klassischen analogen Verfahren fast v\u00f6llig verdr\u00e4ngt. Mit Kenntnissen zur Symbiose von Physik und Informatik wird pr\u00e4sentiert, wieso ein moderner Physikunterricht nicht ohne informatische Strukturen auskommt.<\/p>\n<p>Den vier Inputs ist gemein, dass sie von konkreten Umsetzungen in der Lehre und Forschung rund um digitalisierungsbezogene Kompetenzen von MINT-Lehrer*innen berichten.<\/p>    <\/div>\n<\/div>\n<!-- \/module text -->\t        <\/div>\n\t    \t<\/div>\n\t\t    <\/div>\n\t    <!-- \/row_inner -->\n\t<\/div>\n\t<!-- \/module_row -->\n\t<\/div>\n<!--\/themify_builder_content-->","protected":false},"excerpt":{"rendered":"<p>CoP:\u00a0MINT\u00a0 Durchf\u00fchrende Personen: Moderation: Johanna Heitzer, Stefan Pohlkamp Inputs: Heidrun Heinke, Miriam Kuckuck &amp; Ludger Humbert; Claudia Bohrmann-Linde &amp; Team, Arno Pasternak Das Produkt oder eine Produktauswahl: s. Inhalt Inhalt:\u00a0 In diesem dritten Slot der CoP MINT stehen Best-Practice-Beispiele aus unserem Fachbereich im Vordergrund, die die Anliegen aus dem ComeIn-Projekt bedienen: \u201e\u00dcberwachung des CO2-Gehalts mit [&hellip;]<\/p>\n","protected":false},"author":12,"featured_media":0,"parent":18251,"menu_order":0,"comment_status":"closed","ping_status":"closed","template":"","meta":{"es_repo_domain":"","es_repo_ticket":"","es_plugin_url":"","footnotes":""},"class_list":["post-10536","page","type-page","status-publish","hentry","has-post-title","has-post-date","has-post-category","has-post-tag","has-post-comment","has-post-author",""],"builder_content":"<img loading=\"lazy\" decoding=\"async\" width=\"2800\" height=\"500\" src=\"https:\/\/comein.nrw\/portal\/wp-content\/uploads\/2021\/02\/TddL-MINT-3.png\" title=\"TddL MINT 3\" alt=\"Das Banner zeigt den Schriftzug &quot;Web-Seminar. CoP MINT. Praxisbeispiele aus dem MINT-Bereich. Digitalisierungsbezogene Projekte in der Lehrer*innenbildung.&quot;\" srcset=\"https:\/\/comein.nrw\/portal\/wp-content\/uploads\/2021\/02\/TddL-MINT-3.png 2800w, https:\/\/comein.nrw\/portal\/wp-content\/uploads\/2021\/02\/TddL-MINT-3-300x54.png 300w, https:\/\/comein.nrw\/portal\/wp-content\/uploads\/2021\/02\/TddL-MINT-3-1024x183.png 1024w, https:\/\/comein.nrw\/portal\/wp-content\/uploads\/2021\/02\/TddL-MINT-3-768x137.png 768w, https:\/\/comein.nrw\/portal\/wp-content\/uploads\/2021\/02\/TddL-MINT-3-1536x274.png 1536w, https:\/\/comein.nrw\/portal\/wp-content\/uploads\/2021\/02\/TddL-MINT-3-2048x366.png 2048w\" sizes=\"auto, (max-width: 2800px) 100vw, 2800px\" \/>\n<p><strong style=\"background-color: initial; font-size: 1em;\">CoP:\u00a0<\/strong>MINT<strong style=\"background-color: initial; font-size: 1em;\">\u00a0<\/strong><\/p> <p><strong>Durchf\u00fchrende Personen:<\/strong><\/p> <p style=\"padding-left: 40px;\">Moderation: Johanna Heitzer, Stefan Pohlkamp<\/p> <p style=\"padding-left: 40px;\">Inputs: Heidrun Heinke, Miriam Kuckuck &amp; Ludger Humbert; Claudia Bohrmann-Linde &amp; Team, Arno Pasternak<\/p> <p><strong>Das Produkt oder eine Produktauswahl:<\/strong><\/p> <p style=\"padding-left: 40px;\">s. Inhalt<\/p> <p><strong>Inhalt:\u00a0<\/strong><\/p> <p>In diesem dritten Slot der CoP MINT stehen <em>Best-Practice<\/em>-Beispiele aus unserem Fachbereich im Vordergrund, die die Anliegen aus dem ComeIn-Projekt bedienen:<\/p> <p>\u201e\u00dcberwachung des CO2-Gehalts mit PhyPhox\u201c: Die App nutzt die Sensordaten von Smartphones f\u00fcr die Durchf\u00fchrung von fertig konfigurierten Experimenten und ist geeignet f\u00fcr Demonstrations- und Sch\u00fclerexperimente. Z. B. kann man mit einem CO2-Sensor die L\u00fcftung von Klassenzimmern, Photosynthese oder den Klimawandel untersuchen.<\/p> <p>\u201eInformatik im Praxissemester des Sachunterrichts\u201c \u2013 Wir f\u00fchren seit dem Sommersemester 2020 in Kooperation Didaktik der Informatik und Didaktik des Sachunterrichts gemeinsam die Vorbereitung auf Gegenst\u00e4nde der Informatik f\u00fcr die Umsetzung im Rahmen des Praxissemesters durch, der erste Praxiseinsatz ist absolviert und wird gerade evaluiert. Die Durchf\u00fchrung wird aktuell um die universit\u00e4ren Standorte Essen-Duisburg und M\u00fcnster erweitert.<\/p> <p>\u201e'Netzwerk Digitaler Chemieunterricht (NeDiChe)' - ein Format zur Verkn\u00fcpfung der drei Phasen der Lehrkr\u00e4fte(aus)bildung\u201c \u2013 Das Netzwerk wurde aus dem ComeIn-Projekt heraus mit dem Ziel der Vernetzung von Akteuren aus Forschung, Lehre und Praxis des Chemieunterrichts gegr\u00fcndet. Jeden Monat wird im Rahmen eines Kolloquiums nach einem themenspezifischen Input mit den Teilnehmenden diskutiert und teilweise im Workshop-Format an konkreten digitalen Produkten gearbeitet.<\/p> <p>\u201eDer Ton macht die Musik \u2013 Elektronen, Quanten und Bits helfen dabei\u201c \u2013 In der heutigen Lebenswirklichkeit zum physikalischen Teilgebiet Akustik haben informatische (digitale) Verfahren zur Speicherung und \u00dcbertragung von T\u00f6nen die klassischen analogen Verfahren fast v\u00f6llig verdr\u00e4ngt. Mit Kenntnissen zur Symbiose von Physik und Informatik wird pr\u00e4sentiert, wieso ein moderner Physikunterricht nicht ohne informatische Strukturen auskommt.<\/p> <p>Den vier Inputs ist gemein, dass sie von konkreten Umsetzungen in der Lehre und Forschung rund um digitalisierungsbezogene Kompetenzen von MINT-Lehrer*innen berichten.<\/p>","_links":{"self":[{"href":"https:\/\/comein.nrw\/portal\/wp-json\/wp\/v2\/pages\/10536","targetHints":{"allow":["GET"]}}],"collection":[{"href":"https:\/\/comein.nrw\/portal\/wp-json\/wp\/v2\/pages"}],"about":[{"href":"https:\/\/comein.nrw\/portal\/wp-json\/wp\/v2\/types\/page"}],"author":[{"embeddable":true,"href":"https:\/\/comein.nrw\/portal\/wp-json\/wp\/v2\/users\/12"}],"replies":[{"embeddable":true,"href":"https:\/\/comein.nrw\/portal\/wp-json\/wp\/v2\/comments?post=10536"}],"version-history":[{"count":27,"href":"https:\/\/comein.nrw\/portal\/wp-json\/wp\/v2\/pages\/10536\/revisions"}],"predecessor-version":[{"id":19440,"href":"https:\/\/comein.nrw\/portal\/wp-json\/wp\/v2\/pages\/10536\/revisions\/19440"}],"up":[{"embeddable":true,"href":"https:\/\/comein.nrw\/portal\/wp-json\/wp\/v2\/pages\/18251"}],"wp:attachment":[{"href":"https:\/\/comein.nrw\/portal\/wp-json\/wp\/v2\/media?parent=10536"}],"curies":[{"name":"wp","href":"https:\/\/api.w.org\/{rel}","templated":true}]}}