{"id":10546,"date":"2021-01-28T16:45:02","date_gmt":"2021-01-28T15:45:02","guid":{"rendered":"https:\/\/comein.nrw\/portal\/?page_id=10546"},"modified":"2023-03-08T09:49:06","modified_gmt":"2023-03-08T08:49:06","slug":"tddlb-daz","status":"publish","type":"page","link":"https:\/\/comein.nrw\/portal\/tddl-2021\/tddlb-daz\/","title":{"rendered":"TddL DaZ"},"content":{"rendered":"<!--themify_builder_content-->\n<div id=\"themify_builder_content-10546\" data-postid=\"10546\" class=\"themify_builder_content themify_builder_content-10546 themify_builder tf_clear\">\n    \t<!-- module_row -->\n\t<div  data-css_id=\"dr25833\" data-lazy=\"1\" class=\"module_row themify_builder_row fullwidth tb_dr25833 tb_first tf_clearfix\" >\n\t    \t\t<div class=\"row_inner col_align_top col-count-1 tf_box tf_w tf_rel\">\n\t\t\t<div  data-lazy=\"1\" class=\"module_column tb-column col-full first tb_s5y9834 tf_box\">\n\t\t\t    \t        <div class=\"tb-column-inner tf_box tf_w\">\n\t\t    <!-- module image -->\n<div  class=\"module module-image tb_71b6834   image-top tf_mw\" data-lazy=\"1\">\n        <div class=\"image-wrap tf_rel tf_mw\">\n\t\t    <img loading=\"lazy\" decoding=\"async\" width=\"2800\" height=\"500\" src=\"https:\/\/comein.nrw\/portal\/wp-content\/uploads\/2021\/02\/TddL-DaZ-1.png\" class=\"wp-post-image wp-image-11862\" title=\"TddL DaZ\" alt=\"Das Banner zeigt den Schriftzug &quot;Web-Seminar. CoP DaZ. Sprachliche Bildung digital. Digitale Ressourcen fachlich erschlie\u00dfen - fachliche Ressourcen digitalisieren.&quot;\" srcset=\"https:\/\/comein.nrw\/portal\/wp-content\/uploads\/2021\/02\/TddL-DaZ-1.png 2800w, https:\/\/comein.nrw\/portal\/wp-content\/uploads\/2021\/02\/TddL-DaZ-1-300x54.png 300w, https:\/\/comein.nrw\/portal\/wp-content\/uploads\/2021\/02\/TddL-DaZ-1-1024x183.png 1024w, https:\/\/comein.nrw\/portal\/wp-content\/uploads\/2021\/02\/TddL-DaZ-1-768x137.png 768w, https:\/\/comein.nrw\/portal\/wp-content\/uploads\/2021\/02\/TddL-DaZ-1-1536x274.png 1536w, https:\/\/comein.nrw\/portal\/wp-content\/uploads\/2021\/02\/TddL-DaZ-1-2048x366.png 2048w\" sizes=\"auto, (max-width: 2800px) 100vw, 2800px\" \/>\t\n\t\t<\/div>\n\t<!-- \/image-wrap -->\n    \n    \t<\/div>\n<!-- \/module image -->\t        <\/div>\n\t    \t<\/div>\n\t\t    <\/div>\n\t    <!-- \/row_inner -->\n\t<\/div>\n\t<!-- \/module_row -->\n\t\t<!-- module_row -->\n\t<div  data-css_id=\"fcfp833\" data-lazy=\"1\" class=\"module_row themify_builder_row fullwidth tb_fcfp833 tf_clearfix\" >\n\t    \t\t<div class=\"row_inner col_align_top col-count-1 tf_box tf_w tf_rel\">\n\t\t\t<div  data-lazy=\"1\" class=\"module_column tb-column col-full first tb_rg77834 tf_box\">\n\t\t\t    \t        <div class=\"tb-column-inner tf_box tf_w\">\n\t\t    <!-- module text -->\n<div  class=\"module module-text tb_ilia835   \" data-lazy=\"1\">\n        <div  class=\"tb_text_wrap\">\n    <p><strong style=\"background-color: initial; font-size: 1em;\">CoP: <\/strong><span style=\"background-color: initial; font-size: 1em;\">CoP Deutsch als Zweitsprache<\/span><\/p>\n<p><strong>Durchf\u00fchrende\u00a0<\/strong><strong>Personen:\u00a0<\/strong><\/p>\n<p style=\"padding-left: 40px;\">Dr. Christoph Gantefort (Mercator-Institut, Universit\u00e4t zu K\u00f6ln)<\/p>\n<p style=\"padding-left: 40px;\">Janna Gutenberg (Mercator-Institut, Universit\u00e4t zu K\u00f6ln)<\/p>\n<p style=\"padding-left: 40px;\">Prof. Dr. Udo Ohm (Universit\u00e4t Bielefeld)<\/p>\n<p style=\"padding-left: 40px;\">Prof. Dr. Hans-Joachim Roth (Mercator-Institut, Universit\u00e4t zu K\u00f6ln)<\/p>\n<p style=\"padding-left: 40px;\">Dr. Anne Wernicke (Universit\u00e4t Bielefeld)<\/p>\n<p><strong>Das Produkt oder eine\u00a0<\/strong><strong>Produktauswahl:\u00a0<\/strong><\/p>\n<p style=\"padding-left: 40px;\">Lernmodul <em>Digitaler Content in der (mehr)sprachlichen Bildung<\/em><\/p>\n<p style=\"padding-left: 40px;\">Methode <em>Begriffsnetz mit Mural<\/em><\/p>\n<p><strong>Inhalt:\u00a0<\/strong><\/p>\n<p>Aus der Bestandserhebung der CoP DaZ zu Beginn des <em>Com<sup>e<\/sup>In<\/em>-Projektes geht hervor, dass derzeit noch kaum Ressourcen f\u00fcr sprachsensiblen Fachunterricht, der online bzw. mittels digitaler Tools durchgef\u00fchrt wird, vorhanden sind. F\u00fcr die Lehrer*innenbildung in diesem Bereich verh\u00e4lt es sich \u00e4hnlich. Hinsichtlich m\u00f6glicher Produkte der CoP DaZ ergab die Befragung von Vertreter*innen der 12 lehrer*innenbildenden Universit\u00e4ten mit DaZ-Modulen, einem ZfsL sowie von zwei Bezirksregierungen zwei priorisierte Handlungsbereiche:<\/p>\n<ul>\n<li style=\"list-style-type: none;\">\n<ul>\n<li>die didaktische Ausgestaltung digitaler Formate der Lehrer*innenbildung f\u00fcr die Distanzlehre (vor allem in Form von Blended Learning-Formaten)<\/li>\n<li>die Didaktisierung bereits vorhandener sprachbildungsbezogener Materialien f\u00fcr den Distanz- oder den digital gest\u00fctzten Unterricht (sowohl f\u00fcr den schulischen Unterricht als auch f\u00fcr die Lehrer*innenbildung)<\/li>\n<\/ul>\n<\/li>\n<\/ul>\n<p>Hieran kn\u00fcpft nun die Arbeit der CoP DaZ an. Im Webseminar wird aus beiden Bereichen jeweils ein Produkt vorgestellt.<\/p>\n<p>Mit dem Selbstlernmodul <span style=\"color: #808080;\"><strong><a style=\"color: #808080;\" href=\"https:\/\/digill.de\/course\/digitaler-content-in-der-mehrsprachlichen-bildung\/\">Digitaler Content in der (mehr)sprachlichen Bildung<\/a> <\/strong><\/span>wird zun\u00e4chst eine der wenigen vorhandenen Ressourcen gezeigt, die sowohl digitalisierungsbezogene als auch sprachbildungsbezogene Kompetenzen angehender Lehrkr\u00e4fte in den Fokus nehmen. In der Beschreibung des Moduls wird sich hinsichtlich der fokussierten digitalisierungsbezogenen Kompetenzen auf den <span style=\"color: #808080;\"><strong><a style=\"color: #808080;\" href=\"https:\/\/www.medienberatung.schulministerium.nrw.de\/_Medienberatung-NRW\/Publikationen\/MB_NRW_Lehrkraefte_Orientierungsrahmen_2020_A4_final.pdf\">Orientierungsrahmen f\u00fcr die Lehrerausbildung und Lehrerfortbildung NRW<\/a> <\/strong><\/span>bezogenen, hinsichtlich der sprachbildungsbezogenen Kompetenzen auf das aus dem Projekt <span style=\"color: #808080;\"><strong>DaZKom<\/strong> <\/span>hervorgegangene <span style=\"color: #808080;\"><strong><a style=\"color: #808080;\" href=\"https:\/\/www.dazkom.de\/modell\/\">Modell von DaZ-Kompetenz bei angehenden Lehrkr\u00e4ften<\/a>.<\/strong><\/span><\/p>\n<p>Anschlie\u00dfend wird ein Einblick in die aktuelle Arbeit der CoP DaZ an Produkten f\u00fcr den sprachsensiblen Fachunterricht gegeben, indem die Erweiterung des <span style=\"color: #808080;\"><strong><a style=\"color: #808080;\" href=\"https:\/\/www.mercator-institut-sprachfoerderung.de\/de\/publikationen\/material-fuer-die-praxis\/methodenpool\/\">Methodenpools f\u00fcr den sprachsensiblen Fachunterricht<\/a> <\/strong><\/span>um den Einsatz der dort gesammelten Methoden im Distanz-Unterricht bzw. unter Einsatz digitaler Tools im Pr\u00e4senzunterricht vorgestellt wird. In Breakout-Sessions k\u00f6nnen die Teilnehmenden des Webseminars einen Prototyp testen und der CoP-Leitung im Anschluss Feedback zu dessen Benutzerfreundlichkeit geben.<\/p>    <\/div>\n<\/div>\n<!-- \/module text -->\t        <\/div>\n\t    \t<\/div>\n\t\t    <\/div>\n\t    <!-- \/row_inner -->\n\t<\/div>\n\t<!-- \/module_row -->\n\t<\/div>\n<!--\/themify_builder_content-->","protected":false},"excerpt":{"rendered":"<p>CoP: CoP Deutsch als Zweitsprache Durchf\u00fchrende\u00a0Personen:\u00a0 Dr. Christoph Gantefort (Mercator-Institut, Universit\u00e4t zu K\u00f6ln) Janna Gutenberg (Mercator-Institut, Universit\u00e4t zu K\u00f6ln) Prof. Dr. Udo Ohm (Universit\u00e4t Bielefeld) Prof. Dr. Hans-Joachim Roth (Mercator-Institut, Universit\u00e4t zu K\u00f6ln) Dr. Anne Wernicke (Universit\u00e4t Bielefeld) Das Produkt oder eine\u00a0Produktauswahl:\u00a0 Lernmodul Digitaler Content in der (mehr)sprachlichen Bildung Methode Begriffsnetz mit Mural Inhalt:\u00a0 Aus [&hellip;]<\/p>\n","protected":false},"author":12,"featured_media":0,"parent":18251,"menu_order":0,"comment_status":"closed","ping_status":"closed","template":"","meta":{"es_repo_domain":"","es_repo_ticket":"","es_plugin_url":"","footnotes":""},"class_list":["post-10546","page","type-page","status-publish","hentry","has-post-title","has-post-date","has-post-category","has-post-tag","has-post-comment","has-post-author",""],"builder_content":"<img loading=\"lazy\" decoding=\"async\" width=\"2800\" height=\"500\" src=\"https:\/\/comein.nrw\/portal\/wp-content\/uploads\/2021\/02\/TddL-DaZ-1.png\" title=\"TddL DaZ\" alt=\"Das Banner zeigt den Schriftzug &quot;Web-Seminar. CoP DaZ. Sprachliche Bildung digital. Digitale Ressourcen fachlich erschlie\u00dfen - fachliche Ressourcen digitalisieren.&quot;\" srcset=\"https:\/\/comein.nrw\/portal\/wp-content\/uploads\/2021\/02\/TddL-DaZ-1.png 2800w, https:\/\/comein.nrw\/portal\/wp-content\/uploads\/2021\/02\/TddL-DaZ-1-300x54.png 300w, https:\/\/comein.nrw\/portal\/wp-content\/uploads\/2021\/02\/TddL-DaZ-1-1024x183.png 1024w, https:\/\/comein.nrw\/portal\/wp-content\/uploads\/2021\/02\/TddL-DaZ-1-768x137.png 768w, https:\/\/comein.nrw\/portal\/wp-content\/uploads\/2021\/02\/TddL-DaZ-1-1536x274.png 1536w, https:\/\/comein.nrw\/portal\/wp-content\/uploads\/2021\/02\/TddL-DaZ-1-2048x366.png 2048w\" sizes=\"auto, (max-width: 2800px) 100vw, 2800px\" \/>\n<p><strong style=\"background-color: initial; font-size: 1em;\">CoP: <\/strong>CoP Deutsch als Zweitsprache<\/p> <p><strong>Durchf\u00fchrende\u00a0<\/strong><strong>Personen:\u00a0<\/strong><\/p> <p style=\"padding-left: 40px;\">Dr. Christoph Gantefort (Mercator-Institut, Universit\u00e4t zu K\u00f6ln)<\/p> <p style=\"padding-left: 40px;\">Janna Gutenberg (Mercator-Institut, Universit\u00e4t zu K\u00f6ln)<\/p> <p style=\"padding-left: 40px;\">Prof. Dr. Udo Ohm (Universit\u00e4t Bielefeld)<\/p> <p style=\"padding-left: 40px;\">Prof. Dr. Hans-Joachim Roth (Mercator-Institut, Universit\u00e4t zu K\u00f6ln)<\/p> <p style=\"padding-left: 40px;\">Dr. Anne Wernicke (Universit\u00e4t Bielefeld)<\/p> <p><strong>Das Produkt oder eine\u00a0<\/strong><strong>Produktauswahl:\u00a0<\/strong><\/p> <p style=\"padding-left: 40px;\">Lernmodul <em>Digitaler Content in der (mehr)sprachlichen Bildung<\/em><\/p> <p style=\"padding-left: 40px;\">Methode <em>Begriffsnetz mit Mural<\/em><\/p> <p><strong>Inhalt:\u00a0<\/strong><\/p> <p>Aus der Bestandserhebung der CoP DaZ zu Beginn des <em>Com<sup>e<\/sup>In<\/em>-Projektes geht hervor, dass derzeit noch kaum Ressourcen f\u00fcr sprachsensiblen Fachunterricht, der online bzw. mittels digitaler Tools durchgef\u00fchrt wird, vorhanden sind. F\u00fcr die Lehrer*innenbildung in diesem Bereich verh\u00e4lt es sich \u00e4hnlich. Hinsichtlich m\u00f6glicher Produkte der CoP DaZ ergab die Befragung von Vertreter*innen der 12 lehrer*innenbildenden Universit\u00e4ten mit DaZ-Modulen, einem ZfsL sowie von zwei Bezirksregierungen zwei priorisierte Handlungsbereiche:<\/p> <ul> <li style=\"list-style-type: none;\"> <ul> <li>die didaktische Ausgestaltung digitaler Formate der Lehrer*innenbildung f\u00fcr die Distanzlehre (vor allem in Form von Blended Learning-Formaten)<\/li> <li>die Didaktisierung bereits vorhandener sprachbildungsbezogener Materialien f\u00fcr den Distanz- oder den digital gest\u00fctzten Unterricht (sowohl f\u00fcr den schulischen Unterricht als auch f\u00fcr die Lehrer*innenbildung)<\/li> <\/ul> <\/li> <\/ul> <p>Hieran kn\u00fcpft nun die Arbeit der CoP DaZ an. Im Webseminar wird aus beiden Bereichen jeweils ein Produkt vorgestellt.<\/p> <p>Mit dem Selbstlernmodul <strong><a style=\"color: #808080;\" href=\"https:\/\/digill.de\/course\/digitaler-content-in-der-mehrsprachlichen-bildung\/\">Digitaler Content in der (mehr)sprachlichen Bildung<\/a> <\/strong>wird zun\u00e4chst eine der wenigen vorhandenen Ressourcen gezeigt, die sowohl digitalisierungsbezogene als auch sprachbildungsbezogene Kompetenzen angehender Lehrkr\u00e4fte in den Fokus nehmen. In der Beschreibung des Moduls wird sich hinsichtlich der fokussierten digitalisierungsbezogenen Kompetenzen auf den <strong><a style=\"color: #808080;\" href=\"https:\/\/www.medienberatung.schulministerium.nrw.de\/_Medienberatung-NRW\/Publikationen\/MB_NRW_Lehrkraefte_Orientierungsrahmen_2020_A4_final.pdf\">Orientierungsrahmen f\u00fcr die Lehrerausbildung und Lehrerfortbildung NRW<\/a> <\/strong>bezogenen, hinsichtlich der sprachbildungsbezogenen Kompetenzen auf das aus dem Projekt <strong>DaZKom<\/strong> hervorgegangene <strong><a style=\"color: #808080;\" href=\"https:\/\/www.dazkom.de\/modell\/\">Modell von DaZ-Kompetenz bei angehenden Lehrkr\u00e4ften<\/a>.<\/strong><\/p> <p>Anschlie\u00dfend wird ein Einblick in die aktuelle Arbeit der CoP DaZ an Produkten f\u00fcr den sprachsensiblen Fachunterricht gegeben, indem die Erweiterung des <strong><a style=\"color: #808080;\" href=\"https:\/\/www.mercator-institut-sprachfoerderung.de\/de\/publikationen\/material-fuer-die-praxis\/methodenpool\/\">Methodenpools f\u00fcr den sprachsensiblen Fachunterricht<\/a> <\/strong>um den Einsatz der dort gesammelten Methoden im Distanz-Unterricht bzw. unter Einsatz digitaler Tools im Pr\u00e4senzunterricht vorgestellt wird. In Breakout-Sessions k\u00f6nnen die Teilnehmenden des Webseminars einen Prototyp testen und der CoP-Leitung im Anschluss Feedback zu dessen Benutzerfreundlichkeit geben.<\/p>","_links":{"self":[{"href":"https:\/\/comein.nrw\/portal\/wp-json\/wp\/v2\/pages\/10546","targetHints":{"allow":["GET"]}}],"collection":[{"href":"https:\/\/comein.nrw\/portal\/wp-json\/wp\/v2\/pages"}],"about":[{"href":"https:\/\/comein.nrw\/portal\/wp-json\/wp\/v2\/types\/page"}],"author":[{"embeddable":true,"href":"https:\/\/comein.nrw\/portal\/wp-json\/wp\/v2\/users\/12"}],"replies":[{"embeddable":true,"href":"https:\/\/comein.nrw\/portal\/wp-json\/wp\/v2\/comments?post=10546"}],"version-history":[{"count":37,"href":"https:\/\/comein.nrw\/portal\/wp-json\/wp\/v2\/pages\/10546\/revisions"}],"predecessor-version":[{"id":19433,"href":"https:\/\/comein.nrw\/portal\/wp-json\/wp\/v2\/pages\/10546\/revisions\/19433"}],"up":[{"embeddable":true,"href":"https:\/\/comein.nrw\/portal\/wp-json\/wp\/v2\/pages\/18251"}],"wp:attachment":[{"href":"https:\/\/comein.nrw\/portal\/wp-json\/wp\/v2\/media?parent=10546"}],"curies":[{"name":"wp","href":"https:\/\/api.w.org\/{rel}","templated":true}]}}