{"id":10556,"date":"2021-01-28T16:45:25","date_gmt":"2021-01-28T15:45:25","guid":{"rendered":"https:\/\/comein.nrw\/portal\/?page_id=10556"},"modified":"2023-03-08T09:51:00","modified_gmt":"2023-03-08T08:51:00","slug":"tddlb-sport","status":"publish","type":"page","link":"https:\/\/comein.nrw\/portal\/tddl-2021\/tddlb-sport\/","title":{"rendered":"TddL Sport"},"content":{"rendered":"<!--themify_builder_content-->\n<div id=\"themify_builder_content-10556\" data-postid=\"10556\" class=\"themify_builder_content themify_builder_content-10556 themify_builder tf_clear\">\n    \t<!-- module_row -->\n\t<div  data-css_id=\"bwg0456\" data-lazy=\"1\" class=\"module_row themify_builder_row fullwidth tb_bwg0456 tb_first tf_clearfix\" >\n\t    \t\t<div class=\"row_inner col_align_top col-count-1 tf_box tf_w tf_rel\">\n\t\t\t<div  data-lazy=\"1\" class=\"module_column tb-column col-full first tb_v0li456 tf_box\">\n\t\t\t    \t        <div class=\"tb-column-inner tf_box tf_w\">\n\t\t    <!-- module image -->\n<div  class=\"module module-image tb_v4my456   image-top tf_mw\" data-lazy=\"1\">\n        <div class=\"image-wrap tf_rel tf_mw\">\n\t\t    <img loading=\"lazy\" decoding=\"async\" width=\"2800\" height=\"500\" src=\"https:\/\/comein.nrw\/portal\/wp-content\/uploads\/2021\/02\/TddL-Sport.png\" class=\"wp-post-image wp-image-11620\" title=\"TddL Sport\" alt=\"Das Banner zeigt den Schriftzug &quot;Web-Seminar. CoP Sport. Sportlehrer*innenbildung goes digital. Vorstellung der Datenbank &quot;Bi-Fo-Dat-S&quot; und der App &quot;digitanz.lite&quot;\" srcset=\"https:\/\/comein.nrw\/portal\/wp-content\/uploads\/2021\/02\/TddL-Sport.png 2800w, https:\/\/comein.nrw\/portal\/wp-content\/uploads\/2021\/02\/TddL-Sport-300x54.png 300w, https:\/\/comein.nrw\/portal\/wp-content\/uploads\/2021\/02\/TddL-Sport-1024x183.png 1024w, https:\/\/comein.nrw\/portal\/wp-content\/uploads\/2021\/02\/TddL-Sport-768x137.png 768w, https:\/\/comein.nrw\/portal\/wp-content\/uploads\/2021\/02\/TddL-Sport-1536x274.png 1536w, https:\/\/comein.nrw\/portal\/wp-content\/uploads\/2021\/02\/TddL-Sport-2048x366.png 2048w\" sizes=\"auto, (max-width: 2800px) 100vw, 2800px\" \/>\t\n\t\t<\/div>\n\t<!-- \/image-wrap -->\n    \n    \t<\/div>\n<!-- \/module image -->\t        <\/div>\n\t    \t<\/div>\n\t\t    <\/div>\n\t    <!-- \/row_inner -->\n\t<\/div>\n\t<!-- \/module_row -->\n\t\t<!-- module_row -->\n\t<div  data-css_id=\"xs0k456\" data-lazy=\"1\" class=\"module_row themify_builder_row fullwidth tb_xs0k456 tf_clearfix\" >\n\t    \t\t<div class=\"row_inner col_align_top col-count-1 tf_box tf_w tf_rel\">\n\t\t\t<div  data-lazy=\"1\" class=\"module_column tb-column col-full first tb_w35h457 tf_box\">\n\t\t\t    \t        <div class=\"tb-column-inner tf_box tf_w\">\n\t\t    <!-- module text -->\n<div  class=\"module module-text tb_iugc457   \" data-lazy=\"1\">\n        <div  class=\"tb_text_wrap\">\n    <p><strong style=\"background-color: initial; font-size: 1em;\">CoP: <\/strong><span style=\"background-color: initial; font-size: 1em;\">CoP Sport<\/span><\/p>\n<p><strong>Durchf\u00fchrende\u00a0<\/strong><strong>Personen:\u00a0<\/strong><\/p>\n<p style=\"padding-left: 40px;\">Dr. Julia Mierau (Deutsche Sporthochschule K\u00f6ln)<\/p>\n<p style=\"padding-left: 40px;\">Laura V\u00f6ckel (Deutsche Sporthochschule K\u00f6ln)<\/p>\n<p style=\"padding-left: 40px;\">Prof. Dr. Claudia Steinberg (Deutsche Sporthochschule K\u00f6ln)<\/p>\n<p style=\"padding-left: 40px;\">Maren Z\u00fchlke (Deutsche Sporthochschule K\u00f6ln)<\/p>\n<p style=\"padding-left: 40px;\">Prof. Dr. Bernd Groeben (Universit\u00e4t Bielefeld)<\/p>\n<p style=\"padding-left: 40px;\">Gostaph Kara Fallah (Universit\u00e4t Bielefeld)<\/p>\n<p><strong>Das Produkt oder eine\u00a0<\/strong><strong>Produktauswahl:\u00a0<\/strong><\/p>\n<p style=\"padding-left: 40px;\">Vorstellung der Datenbank &#8222;Bi-Fo-Dat-S&#8220;<\/p>\n<p style=\"padding-left: 40px;\">Vorstellung der App \u201edigitanz.lite&#8220;<\/p>\n<p><strong>Inhalt:\u00a0<\/strong><\/p>\n<p>Einleitend wird die Funktion und Zusammensetzung der CoP Sport vorgestellt. Den Schwerpunkt des Web-Seminars bildet die exemplarische Demonstration zweier Tools zum Einsatz in der digitalen Sportlehrer*innenbildung. Im Anschluss ist Raum f\u00fcr Diskussion geplant.<\/p>\n<p>Im ersten Beispiel wird eine Datenbank (Bi-Fo-Dat-S) vorgestellt, die Studierenden im Praxissemester mithilfe von anschaulich gestalteten multimedialen Anwendungsbeispielen einen Einblick zu Forschungsmethoden f\u00fcr Studienprojekte geben soll. Ziel ist dabei die Weiterentwicklung fachdidaktischer Gestaltung des forschenden Lernens in der Lehrer*innenbildung. Die Datenbankinhalte bestehen dabei v.a. aus redigierten Vorhaben von Studierenden im Praxissemester und k\u00f6nnen schlagwortbasiert recherchiert werden. Zus\u00e4tzlich sind sie mit Leitfragen verbunden, so dass ein fragenbasierter und an individuellen Interessen orientierter Zugang erm\u00f6glicht wird. Perspektivisch werden Fragen der Planung und Evaluation sportunterrichtlicher Praxis auf weitere (Ausbildungs-)Phasen der Professionsentwicklung bezogen, um einen reflexiv-forschenden Habitus zu f\u00f6rdern, der durch fachdidaktische und forschungsmethodische Kompetenzen fundiert ist und auch unter dem Handlungsdruck des Berufsfeldes produktiv genutzt werden kann.<\/p>\n<p>Im Rahmen des zweiten Beispiels wird die App \u201edigitanz.lite\u201c vorgestellt, die Lehrenden wie Sch\u00fcler*innen als gestalterische Hilfestellung zum Finden von kreativen Bewegungsideen dienen soll. Hierf\u00fcr wurden bestehende Konzepte f\u00fcr ein kulturelles Bildungsangebot heruntergebrochen und eine eigene Software entwickelt, die technisch den infrastrukturellen Gegebenheiten im Schulkontext gerecht wird. Das Konzept folgt dem Prinzip \u201eBring your own device\u201c (BYOD), bei dem Sch\u00fcler*innen ihre eigenen mobilen elektronischen Ger\u00e4te (z.B. Smartphone, Tablet, Laptop) in den Unterricht mitbringen. Die App ist gleicherma\u00dfen f\u00fcr den Einsatz im Schulsport, aber auch als hochschuldidaktisches Mittel in der Lehrer*innenbildung erprobt.<\/p>    <\/div>\n<\/div>\n<!-- \/module text -->\t        <\/div>\n\t    \t<\/div>\n\t\t    <\/div>\n\t    <!-- \/row_inner -->\n\t<\/div>\n\t<!-- \/module_row -->\n\t<\/div>\n<!--\/themify_builder_content-->","protected":false},"excerpt":{"rendered":"<p>CoP: CoP Sport Durchf\u00fchrende\u00a0Personen:\u00a0 Dr. Julia Mierau (Deutsche Sporthochschule K\u00f6ln) Laura V\u00f6ckel (Deutsche Sporthochschule K\u00f6ln) Prof. Dr. Claudia Steinberg (Deutsche Sporthochschule K\u00f6ln) Maren Z\u00fchlke (Deutsche Sporthochschule K\u00f6ln) Prof. Dr. Bernd Groeben (Universit\u00e4t Bielefeld) Gostaph Kara Fallah (Universit\u00e4t Bielefeld) Das Produkt oder eine\u00a0Produktauswahl:\u00a0 Vorstellung der Datenbank &#8222;Bi-Fo-Dat-S&#8220; Vorstellung der App \u201edigitanz.lite&#8220; Inhalt:\u00a0 Einleitend wird die Funktion [&hellip;]<\/p>\n","protected":false},"author":12,"featured_media":0,"parent":18251,"menu_order":0,"comment_status":"closed","ping_status":"closed","template":"","meta":{"es_repo_domain":"","es_repo_ticket":"","es_plugin_url":"","footnotes":""},"class_list":["post-10556","page","type-page","status-publish","hentry","has-post-title","has-post-date","has-post-category","has-post-tag","has-post-comment","has-post-author",""],"builder_content":"<img loading=\"lazy\" decoding=\"async\" width=\"2800\" height=\"500\" src=\"https:\/\/comein.nrw\/portal\/wp-content\/uploads\/2021\/02\/TddL-Sport.png\" title=\"TddL Sport\" alt=\"Das Banner zeigt den Schriftzug &quot;Web-Seminar. CoP Sport. Sportlehrer*innenbildung goes digital. Vorstellung der Datenbank &quot;Bi-Fo-Dat-S&quot; und der App &quot;digitanz.lite&quot;\" srcset=\"https:\/\/comein.nrw\/portal\/wp-content\/uploads\/2021\/02\/TddL-Sport.png 2800w, https:\/\/comein.nrw\/portal\/wp-content\/uploads\/2021\/02\/TddL-Sport-300x54.png 300w, https:\/\/comein.nrw\/portal\/wp-content\/uploads\/2021\/02\/TddL-Sport-1024x183.png 1024w, https:\/\/comein.nrw\/portal\/wp-content\/uploads\/2021\/02\/TddL-Sport-768x137.png 768w, https:\/\/comein.nrw\/portal\/wp-content\/uploads\/2021\/02\/TddL-Sport-1536x274.png 1536w, https:\/\/comein.nrw\/portal\/wp-content\/uploads\/2021\/02\/TddL-Sport-2048x366.png 2048w\" sizes=\"auto, (max-width: 2800px) 100vw, 2800px\" \/>\n<p><strong style=\"background-color: initial; font-size: 1em;\">CoP: <\/strong>CoP Sport<\/p> <p><strong>Durchf\u00fchrende\u00a0<\/strong><strong>Personen:\u00a0<\/strong><\/p> <p style=\"padding-left: 40px;\">Dr. Julia Mierau (Deutsche Sporthochschule K\u00f6ln)<\/p> <p style=\"padding-left: 40px;\">Laura V\u00f6ckel (Deutsche Sporthochschule K\u00f6ln)<\/p> <p style=\"padding-left: 40px;\">Prof. Dr. Claudia Steinberg (Deutsche Sporthochschule K\u00f6ln)<\/p> <p style=\"padding-left: 40px;\">Maren Z\u00fchlke (Deutsche Sporthochschule K\u00f6ln)<\/p> <p style=\"padding-left: 40px;\">Prof. Dr. Bernd Groeben (Universit\u00e4t Bielefeld)<\/p> <p style=\"padding-left: 40px;\">Gostaph Kara Fallah (Universit\u00e4t Bielefeld)<\/p> <p><strong>Das Produkt oder eine\u00a0<\/strong><strong>Produktauswahl:\u00a0<\/strong><\/p> <p style=\"padding-left: 40px;\">Vorstellung der Datenbank \"Bi-Fo-Dat-S\"<\/p> <p style=\"padding-left: 40px;\">Vorstellung der App \u201edigitanz.lite\"<\/p> <p><strong>Inhalt:\u00a0<\/strong><\/p> <p>Einleitend wird die Funktion und Zusammensetzung der CoP Sport vorgestellt. Den Schwerpunkt des Web-Seminars bildet die exemplarische Demonstration zweier Tools zum Einsatz in der digitalen Sportlehrer*innenbildung. Im Anschluss ist Raum f\u00fcr Diskussion geplant.<\/p> <p>Im ersten Beispiel wird eine Datenbank (Bi-Fo-Dat-S) vorgestellt, die Studierenden im Praxissemester mithilfe von anschaulich gestalteten multimedialen Anwendungsbeispielen einen Einblick zu Forschungsmethoden f\u00fcr Studienprojekte geben soll. Ziel ist dabei die Weiterentwicklung fachdidaktischer Gestaltung des forschenden Lernens in der Lehrer*innenbildung. Die Datenbankinhalte bestehen dabei v.a. aus redigierten Vorhaben von Studierenden im Praxissemester und k\u00f6nnen schlagwortbasiert recherchiert werden. Zus\u00e4tzlich sind sie mit Leitfragen verbunden, so dass ein fragenbasierter und an individuellen Interessen orientierter Zugang erm\u00f6glicht wird. Perspektivisch werden Fragen der Planung und Evaluation sportunterrichtlicher Praxis auf weitere (Ausbildungs-)Phasen der Professionsentwicklung bezogen, um einen reflexiv-forschenden Habitus zu f\u00f6rdern, der durch fachdidaktische und forschungsmethodische Kompetenzen fundiert ist und auch unter dem Handlungsdruck des Berufsfeldes produktiv genutzt werden kann.<\/p> <p>Im Rahmen des zweiten Beispiels wird die App \u201edigitanz.lite\u201c vorgestellt, die Lehrenden wie Sch\u00fcler*innen als gestalterische Hilfestellung zum Finden von kreativen Bewegungsideen dienen soll. Hierf\u00fcr wurden bestehende Konzepte f\u00fcr ein kulturelles Bildungsangebot heruntergebrochen und eine eigene Software entwickelt, die technisch den infrastrukturellen Gegebenheiten im Schulkontext gerecht wird. Das Konzept folgt dem Prinzip \u201eBring your own device\u201c (BYOD), bei dem Sch\u00fcler*innen ihre eigenen mobilen elektronischen Ger\u00e4te (z.B. Smartphone, Tablet, Laptop) in den Unterricht mitbringen. Die App ist gleicherma\u00dfen f\u00fcr den Einsatz im Schulsport, aber auch als hochschuldidaktisches Mittel in der Lehrer*innenbildung erprobt.<\/p>","_links":{"self":[{"href":"https:\/\/comein.nrw\/portal\/wp-json\/wp\/v2\/pages\/10556","targetHints":{"allow":["GET"]}}],"collection":[{"href":"https:\/\/comein.nrw\/portal\/wp-json\/wp\/v2\/pages"}],"about":[{"href":"https:\/\/comein.nrw\/portal\/wp-json\/wp\/v2\/types\/page"}],"author":[{"embeddable":true,"href":"https:\/\/comein.nrw\/portal\/wp-json\/wp\/v2\/users\/12"}],"replies":[{"embeddable":true,"href":"https:\/\/comein.nrw\/portal\/wp-json\/wp\/v2\/comments?post=10556"}],"version-history":[{"count":32,"href":"https:\/\/comein.nrw\/portal\/wp-json\/wp\/v2\/pages\/10556\/revisions"}],"predecessor-version":[{"id":19442,"href":"https:\/\/comein.nrw\/portal\/wp-json\/wp\/v2\/pages\/10556\/revisions\/19442"}],"up":[{"embeddable":true,"href":"https:\/\/comein.nrw\/portal\/wp-json\/wp\/v2\/pages\/18251"}],"wp:attachment":[{"href":"https:\/\/comein.nrw\/portal\/wp-json\/wp\/v2\/media?parent=10556"}],"curies":[{"name":"wp","href":"https:\/\/api.w.org\/{rel}","templated":true}]}}