{"id":10564,"date":"2021-01-28T16:45:38","date_gmt":"2021-01-28T15:45:38","guid":{"rendered":"https:\/\/comein.nrw\/portal\/?page_id=10564"},"modified":"2023-03-08T09:49:51","modified_gmt":"2023-03-08T08:49:51","slug":"tddlb-igb","status":"publish","type":"page","link":"https:\/\/comein.nrw\/portal\/tddl-2021\/tddlb-igb\/","title":{"rendered":"TddL IGB"},"content":{"rendered":"<!--themify_builder_content-->\n<div id=\"themify_builder_content-10564\" data-postid=\"10564\" class=\"themify_builder_content themify_builder_content-10564 themify_builder tf_clear\">\n    \t<!-- module_row -->\n\t<div  data-css_id=\"ofuw121\" data-lazy=\"1\" class=\"module_row themify_builder_row fullwidth tb_ofuw121 tb_first tf_clearfix\" >\n\t    \t\t<div class=\"row_inner col_align_top col-count-1 tf_box tf_w tf_rel\">\n\t\t\t<div  data-lazy=\"1\" class=\"module_column tb-column col-full first tb_z7y3122 tf_box\">\n\t\t\t    \t        <div class=\"tb-column-inner tf_box tf_w\">\n\t\t    <!-- module image -->\n<div  class=\"module module-image tb_r7dg123   image-top tf_mw\" data-lazy=\"1\">\n        <div class=\"image-wrap tf_rel tf_mw\">\n\t\t    <img loading=\"lazy\" decoding=\"async\" width=\"2800\" height=\"500\" src=\"https:\/\/comein.nrw\/portal\/wp-content\/uploads\/2021\/02\/TddL-IGB.png\" class=\"wp-post-image wp-image-11604\" title=\"TddL IGB\" alt=\"Das Banner zeigt den Schriftzug &quot;Web-Seminar. CoP IGB. Informatische Bildung f\u00fcr alle Lehramtsstudierenden.&quot;\" srcset=\"https:\/\/comein.nrw\/portal\/wp-content\/uploads\/2021\/02\/TddL-IGB.png 2800w, https:\/\/comein.nrw\/portal\/wp-content\/uploads\/2021\/02\/TddL-IGB-300x54.png 300w, https:\/\/comein.nrw\/portal\/wp-content\/uploads\/2021\/02\/TddL-IGB-1024x183.png 1024w, https:\/\/comein.nrw\/portal\/wp-content\/uploads\/2021\/02\/TddL-IGB-768x137.png 768w, https:\/\/comein.nrw\/portal\/wp-content\/uploads\/2021\/02\/TddL-IGB-1536x274.png 1536w, https:\/\/comein.nrw\/portal\/wp-content\/uploads\/2021\/02\/TddL-IGB-2048x366.png 2048w\" sizes=\"auto, (max-width: 2800px) 100vw, 2800px\" \/>\t\n\t\t<\/div>\n\t<!-- \/image-wrap -->\n    \n    \t<\/div>\n<!-- \/module image -->\t        <\/div>\n\t    \t<\/div>\n\t\t    <\/div>\n\t    <!-- \/row_inner -->\n\t<\/div>\n\t<!-- \/module_row -->\n\t\t<!-- module_row -->\n\t<div  data-css_id=\"3yek121\" data-lazy=\"1\" class=\"module_row themify_builder_row fullwidth tb_3yek121 tf_clearfix\" >\n\t    \t\t<div class=\"row_inner col_align_top col-count-1 tf_box tf_w tf_rel\">\n\t\t\t<div  data-lazy=\"1\" class=\"module_column tb-column col-full first tb_vijm124 tf_box\">\n\t\t\t    \t        <div class=\"tb-column-inner tf_box tf_w\">\n\t\t    <!-- module text -->\n<div  class=\"module module-text tb_or7m124   \" data-lazy=\"1\">\n        <div  class=\"tb_text_wrap\">\n    <p><strong style=\"background-color: initial; font-size: 1em;\">CoP: <\/strong><span style=\"background-color: initial; font-size: 1em;\">CoP Informatische Grundbildung\/Digitalisierung als Lerngegenstand (IGB\/DaL)<\/span><\/p>\n<p><strong>Durchf\u00fchrende\u00a0<\/strong><strong>Personen:\u00a0<\/strong><\/p>\n<p style=\"padding-left: 40px;\">Prof. Dr. Torsten Brinda (Universit\u00e4t Duisburg-Essen)<\/p>\n<p style=\"padding-left: 40px;\">Prof. Dr. Axel Buether (Bergische Universit\u00e4t Wuppertal)<\/p>\n<p style=\"padding-left: 40px;\">Prof. Dr. Ludger Humbert (Bergische Universit\u00e4t Wuppertal)<\/p>\n<p style=\"padding-left: 40px;\">Matthias Kramer (Universit\u00e4t Duisburg-Essen)<\/p>\n<p style=\"padding-left: 40px;\">Daniel Losch (Bergische Universit\u00e4t Wuppertal)<\/p>\n<p style=\"padding-left: 40px;\">Anselm Wagner (Bergische Universit\u00e4t Duisburg-Essen)<\/p>\n<p><strong>Das Produkt oder eine Produktauswahl:<\/strong><\/p>\n<p style=\"padding-left: 40px;\">Informatische Bildung f\u00fcr alle Lehramtsstudierenden<\/p>\n<p><strong>Inhalt:\u00a0<\/strong><\/p>\n<p>In der CoP IGB\/DaL wird das Ziel verfolgt, eine Lehrveranstaltung f\u00fcr Lehramtsstudierende aller F\u00e4cher zu konzipieren und zu implementieren, in der grundlegende informatische und auf Digitalisierung als Lerngegenstand bezogene Kompetenzen erworben werden, die f\u00fcr das Verst\u00e4ndnis digitalisierungsbezogener Prozesse insbesondere mit Bezug zum Lehrer*innenalltag als notwendig erachtet werden. In einem ersten Schritt wurden zun\u00e4chst existierende (Lehrveranstaltungs-)Materialien, die sich der Vermittlung informatischer Ideen an Nicht-Informatiker*innen widmen, gesichtet und im Hinblick auf die spezifischen Bed\u00fcrfnisse der Lehrer*innenbildung analysiert. Darauf aufbauend wurden insgesamt vier Arbeitsgruppen gebildet: eine Basisgruppe, die sich insbesondere mit dem inhaltlichen Grundger\u00fcst der zu konzipierenden Veranstaltung aus fachlicher Perspektive besch\u00e4ftigt, sowie drei fachlich fokussierte Arbeitsgruppen zu den Bereichen MINT, Sprache und Gesellschaftswissenschaften, welche Ankn\u00fcpfungspunkte zur Informatik aus der jeweiligen Fachgruppenlogik heraus explizieren. Dies geschieht mit der Zielsetzung, f\u00fcr Lehramtsstudierende motivierende Ankn\u00fcpfungspunkte an verschiedene Unterrichtsf\u00e4cher bereitzustellen und daraus zu deren Umsetzung erforderliche informatische Kompetenzen abzuleiten und im Grundger\u00fcst der Lehrveranstaltung geeignet anzulegen. In der Veranstaltung wird der bisher erreichte Arbeitsstand pr\u00e4sentiert.<br><br>\u00dcber diesen Einblick in die aktuelle Arbeit der CoP m\u00f6chten wir mit potenziellen Teilnehmer*innen der Veranstaltung gerne in einen Dialog und Austausch \u00fcber Bedarfe und Notwendigkeiten informatischer Bildung f\u00fcr Nicht-Informatiklehrkr\u00e4fte treten. Im zweiten Teil der Veranstaltung haben Teilnehmer*innen daher die Gelegenheit, aus ihrer jeweils individuellen Perspektive heraus Anregungen bzgl. notwendiger Elemente informatischer Bildung in die CoP-Arbeit einzubringen. Da sich die Veranstaltung gegenw\u00e4rtig noch in der Konzeptionsphase befindet, sind alternative oder erg\u00e4nzende Perspektiven, begr\u00fcndete Einw\u00e4nde und neue Ideen herzlich willkommen.<br>Wir freuen uns auf Ihre Teilnahme!<\/p>    <\/div>\n<\/div>\n<!-- \/module text -->\t        <\/div>\n\t    \t<\/div>\n\t\t    <\/div>\n\t    <!-- \/row_inner -->\n\t<\/div>\n\t<!-- \/module_row -->\n\t<\/div>\n<!--\/themify_builder_content-->","protected":false},"excerpt":{"rendered":"<p>CoP: CoP Informatische Grundbildung\/Digitalisierung als Lerngegenstand (IGB\/DaL) Durchf\u00fchrende\u00a0Personen:\u00a0 Prof. Dr. Torsten Brinda (Universit\u00e4t Duisburg-Essen) Prof. Dr. Axel Buether (Bergische Universit\u00e4t Wuppertal) Prof. Dr. Ludger Humbert (Bergische Universit\u00e4t Wuppertal) Matthias Kramer (Universit\u00e4t Duisburg-Essen) Daniel Losch (Bergische Universit\u00e4t Wuppertal) Anselm Wagner (Bergische Universit\u00e4t Duisburg-Essen) Das Produkt oder eine Produktauswahl: Informatische Bildung f\u00fcr alle Lehramtsstudierenden Inhalt:\u00a0 In der [&hellip;]<\/p>\n","protected":false},"author":12,"featured_media":0,"parent":18251,"menu_order":0,"comment_status":"closed","ping_status":"closed","template":"","meta":{"es_repo_domain":"","es_repo_ticket":"","es_plugin_url":"","footnotes":""},"class_list":["post-10564","page","type-page","status-publish","hentry","has-post-title","has-post-date","has-post-category","has-post-tag","has-post-comment","has-post-author",""],"builder_content":"<img loading=\"lazy\" decoding=\"async\" width=\"2800\" height=\"500\" src=\"https:\/\/comein.nrw\/portal\/wp-content\/uploads\/2021\/02\/TddL-IGB.png\" title=\"TddL IGB\" alt=\"Das Banner zeigt den Schriftzug &quot;Web-Seminar. CoP IGB. Informatische Bildung f\u00fcr alle Lehramtsstudierenden.&quot;\" srcset=\"https:\/\/comein.nrw\/portal\/wp-content\/uploads\/2021\/02\/TddL-IGB.png 2800w, https:\/\/comein.nrw\/portal\/wp-content\/uploads\/2021\/02\/TddL-IGB-300x54.png 300w, https:\/\/comein.nrw\/portal\/wp-content\/uploads\/2021\/02\/TddL-IGB-1024x183.png 1024w, https:\/\/comein.nrw\/portal\/wp-content\/uploads\/2021\/02\/TddL-IGB-768x137.png 768w, https:\/\/comein.nrw\/portal\/wp-content\/uploads\/2021\/02\/TddL-IGB-1536x274.png 1536w, https:\/\/comein.nrw\/portal\/wp-content\/uploads\/2021\/02\/TddL-IGB-2048x366.png 2048w\" sizes=\"auto, (max-width: 2800px) 100vw, 2800px\" \/>\n<p><strong style=\"background-color: initial; font-size: 1em;\">CoP: <\/strong>CoP Informatische Grundbildung\/Digitalisierung als Lerngegenstand (IGB\/DaL)<\/p> <p><strong>Durchf\u00fchrende\u00a0<\/strong><strong>Personen:\u00a0<\/strong><\/p> <p style=\"padding-left: 40px;\">Prof. Dr. Torsten Brinda (Universit\u00e4t Duisburg-Essen)<\/p> <p style=\"padding-left: 40px;\">Prof. Dr. Axel Buether (Bergische Universit\u00e4t Wuppertal)<\/p> <p style=\"padding-left: 40px;\">Prof. Dr. Ludger Humbert (Bergische Universit\u00e4t Wuppertal)<\/p> <p style=\"padding-left: 40px;\">Matthias Kramer (Universit\u00e4t Duisburg-Essen)<\/p> <p style=\"padding-left: 40px;\">Daniel Losch (Bergische Universit\u00e4t Wuppertal)<\/p> <p style=\"padding-left: 40px;\">Anselm Wagner (Bergische Universit\u00e4t Duisburg-Essen)<\/p> <p><strong>Das Produkt oder eine Produktauswahl:<\/strong><\/p> <p style=\"padding-left: 40px;\">Informatische Bildung f\u00fcr alle Lehramtsstudierenden<\/p> <p><strong>Inhalt:\u00a0<\/strong><\/p> <p>In der CoP IGB\/DaL wird das Ziel verfolgt, eine Lehrveranstaltung f\u00fcr Lehramtsstudierende aller F\u00e4cher zu konzipieren und zu implementieren, in der grundlegende informatische und auf Digitalisierung als Lerngegenstand bezogene Kompetenzen erworben werden, die f\u00fcr das Verst\u00e4ndnis digitalisierungsbezogener Prozesse insbesondere mit Bezug zum Lehrer*innenalltag als notwendig erachtet werden. In einem ersten Schritt wurden zun\u00e4chst existierende (Lehrveranstaltungs-)Materialien, die sich der Vermittlung informatischer Ideen an Nicht-Informatiker*innen widmen, gesichtet und im Hinblick auf die spezifischen Bed\u00fcrfnisse der Lehrer*innenbildung analysiert. Darauf aufbauend wurden insgesamt vier Arbeitsgruppen gebildet: eine Basisgruppe, die sich insbesondere mit dem inhaltlichen Grundger\u00fcst der zu konzipierenden Veranstaltung aus fachlicher Perspektive besch\u00e4ftigt, sowie drei fachlich fokussierte Arbeitsgruppen zu den Bereichen MINT, Sprache und Gesellschaftswissenschaften, welche Ankn\u00fcpfungspunkte zur Informatik aus der jeweiligen Fachgruppenlogik heraus explizieren. Dies geschieht mit der Zielsetzung, f\u00fcr Lehramtsstudierende motivierende Ankn\u00fcpfungspunkte an verschiedene Unterrichtsf\u00e4cher bereitzustellen und daraus zu deren Umsetzung erforderliche informatische Kompetenzen abzuleiten und im Grundger\u00fcst der Lehrveranstaltung geeignet anzulegen. In der Veranstaltung wird der bisher erreichte Arbeitsstand pr\u00e4sentiert.<br><br>\u00dcber diesen Einblick in die aktuelle Arbeit der CoP m\u00f6chten wir mit potenziellen Teilnehmer*innen der Veranstaltung gerne in einen Dialog und Austausch \u00fcber Bedarfe und Notwendigkeiten informatischer Bildung f\u00fcr Nicht-Informatiklehrkr\u00e4fte treten. Im zweiten Teil der Veranstaltung haben Teilnehmer*innen daher die Gelegenheit, aus ihrer jeweils individuellen Perspektive heraus Anregungen bzgl. notwendiger Elemente informatischer Bildung in die CoP-Arbeit einzubringen. Da sich die Veranstaltung gegenw\u00e4rtig noch in der Konzeptionsphase befindet, sind alternative oder erg\u00e4nzende Perspektiven, begr\u00fcndete Einw\u00e4nde und neue Ideen herzlich willkommen.<br>Wir freuen uns auf Ihre Teilnahme!<\/p>","_links":{"self":[{"href":"https:\/\/comein.nrw\/portal\/wp-json\/wp\/v2\/pages\/10564","targetHints":{"allow":["GET"]}}],"collection":[{"href":"https:\/\/comein.nrw\/portal\/wp-json\/wp\/v2\/pages"}],"about":[{"href":"https:\/\/comein.nrw\/portal\/wp-json\/wp\/v2\/types\/page"}],"author":[{"embeddable":true,"href":"https:\/\/comein.nrw\/portal\/wp-json\/wp\/v2\/users\/12"}],"replies":[{"embeddable":true,"href":"https:\/\/comein.nrw\/portal\/wp-json\/wp\/v2\/comments?post=10564"}],"version-history":[{"count":29,"href":"https:\/\/comein.nrw\/portal\/wp-json\/wp\/v2\/pages\/10564\/revisions"}],"predecessor-version":[{"id":19435,"href":"https:\/\/comein.nrw\/portal\/wp-json\/wp\/v2\/pages\/10564\/revisions\/19435"}],"up":[{"embeddable":true,"href":"https:\/\/comein.nrw\/portal\/wp-json\/wp\/v2\/pages\/18251"}],"wp:attachment":[{"href":"https:\/\/comein.nrw\/portal\/wp-json\/wp\/v2\/media?parent=10564"}],"curies":[{"name":"wp","href":"https:\/\/api.w.org\/{rel}","templated":true}]}}