{"id":10574,"date":"2021-01-28T16:45:57","date_gmt":"2021-01-28T15:45:57","guid":{"rendered":"https:\/\/comein.nrw\/portal\/?page_id=10574"},"modified":"2023-03-08T09:51:00","modified_gmt":"2023-03-08T08:51:00","slug":"tddlb-mese","status":"publish","type":"page","link":"https:\/\/comein.nrw\/portal\/tddl-2021\/tddlb-mese\/","title":{"rendered":"TddL MeSE"},"content":{"rendered":"<!--themify_builder_content-->\n<div id=\"themify_builder_content-10574\" data-postid=\"10574\" class=\"themify_builder_content themify_builder_content-10574 themify_builder tf_clear\">\n    \t<!-- module_row -->\n\t<div  data-css_id=\"blvx971\" data-lazy=\"1\" class=\"module_row themify_builder_row fullwidth tb_blvx971 tb_first tf_clearfix\" >\n\t    \t\t<div class=\"row_inner col_align_top col-count-1 tf_box tf_w tf_rel\">\n\t\t\t<div  data-lazy=\"1\" class=\"module_column tb-column col-full first tb_ed35972 tf_box\">\n\t\t\t    \t        <div class=\"tb-column-inner tf_box tf_w\">\n\t\t    <!-- module image -->\n<div  class=\"module module-image tb_43pw972   image-top tf_mw\" data-lazy=\"1\">\n        <div class=\"image-wrap tf_rel tf_mw\">\n\t\t    <img loading=\"lazy\" decoding=\"async\" width=\"2800\" height=\"500\" src=\"https:\/\/comein.nrw\/portal\/wp-content\/uploads\/2021\/02\/TddL-MeSE-1.png\" class=\"wp-post-image wp-image-11888\" title=\"TddL MeSE\" alt=\"Das Banner zeigt den Schriftzug &quot;CoP MeSE&quot;\" srcset=\"https:\/\/comein.nrw\/portal\/wp-content\/uploads\/2021\/02\/TddL-MeSE-1.png 2800w, https:\/\/comein.nrw\/portal\/wp-content\/uploads\/2021\/02\/TddL-MeSE-1-300x54.png 300w, https:\/\/comein.nrw\/portal\/wp-content\/uploads\/2021\/02\/TddL-MeSE-1-1024x183.png 1024w, https:\/\/comein.nrw\/portal\/wp-content\/uploads\/2021\/02\/TddL-MeSE-1-768x137.png 768w, https:\/\/comein.nrw\/portal\/wp-content\/uploads\/2021\/02\/TddL-MeSE-1-1536x274.png 1536w, https:\/\/comein.nrw\/portal\/wp-content\/uploads\/2021\/02\/TddL-MeSE-1-2048x366.png 2048w\" sizes=\"auto, (max-width: 2800px) 100vw, 2800px\" \/>\t\n\t\t<\/div>\n\t<!-- \/image-wrap -->\n    \n    \t<\/div>\n<!-- \/module image -->\t        <\/div>\n\t    \t<\/div>\n\t\t    <\/div>\n\t    <!-- \/row_inner -->\n\t<\/div>\n\t<!-- \/module_row -->\n\t\t<!-- module_row -->\n\t<div  data-css_id=\"o6tb972\" data-lazy=\"1\" class=\"module_row themify_builder_row fullwidth tb_o6tb972 tf_clearfix\" >\n\t    \t\t<div class=\"row_inner col_align_top col-count-1 tf_box tf_w tf_rel\">\n\t\t\t<div  data-lazy=\"1\" class=\"module_column tb-column col-full first tb_71wg973 tf_box\">\n\t\t\t    \t        <div class=\"tb-column-inner tf_box tf_w\">\n\t\t    <!-- module text -->\n<div  class=\"module module-text tb_spdl973   \" data-lazy=\"1\">\n        <div  class=\"tb_text_wrap\">\n    <p><strong style=\"background-color: initial; font-size: 1em;\">CoP: <\/strong><span style=\"background-color: initial; font-size: 1em;\">CoP Medienbezogene Schulentwicklung<\/span><\/p>\n<p><strong>Durchf\u00fchrende\u00a0<\/strong><strong>Personen:\u00a0<\/strong><\/p>\n<p style=\"padding-left: 40px;\">Johanna Schulze (Universit\u00e4t Paderborn)<\/p>\n<p style=\"padding-left: 40px;\">Prof. Dr. Birgit Eickelmann (Universit\u00e4t Paderborn)<\/p>\n<p style=\"padding-left: 40px;\">Prof. Dr. Bardo Herzig (Universit\u00e4t Paderborn)<\/p>\n<p style=\"padding-left: 40px;\">Dr. Benno G\u00f6ckede (Universit\u00e4t zu K\u00f6ln)<\/p>\n<p style=\"padding-left: 40px;\">Dr. Gabriele Klewin (Universit\u00e4t Bielefeld)<\/p>\n<p style=\"padding-left: 40px;\">Prof. Dr. Jutta Standop (Universit\u00e4t Bonn)<\/p>\n<p><strong>Das Produkt oder eine\u00a0<\/strong><strong>Produktauswahl:\u00a0<\/strong><\/p>\n<ol>\n<li style=\"list-style-type: none;\">\n<ol>\n<li style=\"list-style-type: none;\">\n<ol>\n<li>Produktidee: Konzept: Kommunizieren im Distanzlernen<\/li>\n<li>Produktidee: Selbstlernkurs mit digitalem barcamp: Dynamische Medienkonzeptarbeit als Schulentwicklungsinstrument im Zuge der Digitalisierung<\/li>\n<li>Produktidee: MOOC: Bildungsgerechte Schulentwicklung im Zuge der Digitalisierung<\/li>\n<li>Produktidee: Konzept: Digitale Medien international und national<\/li>\n<\/ol>\n<\/li>\n<\/ol>\n<\/li>\n<\/ol>\n<p><strong>Inhalt:\u00a0<\/strong><\/p>\n<p>Die CoP MeSE stellt eine von drei \u00fcberfachlich arbeitenden CoP im Verbundprojekt dar und fokussiert auf &#8218;Medienbezogene Schulentwicklung&#8216; in der Lehr*innenaus- und -fortbildung. Sie verzeichnet durch ihre Zusammenarbeit mit Vertreter*innen aller Phasen der Lehrer*innenbildung derzeit vier Produktideen mit unterschiedlicher Methodik- und Themenausrichtung.<\/p>\n<p>Die bestehenden Produktideen lassen sich wie folgt skizzieren:<\/p>\n<ol>\n<li style=\"list-style-type: none;\">\n<ol>\n<li style=\"list-style-type: none;\">\n<ol>\n<li>Konzept: Kommunizieren im Distanzlernen<\/li>\n<li>Selbstlernkurs mit digitalem barcamp: Dynamische Medienkonzeptarbeit als Schulentwicklungsinstrument im Zuge der Digitalisierung<\/li>\n<li>MOOC: Bildungsgerechte Schulentwicklung im Zuge der Digitalisierung<\/li>\n<li>Konzept: Digitale Medien international und national<\/li>\n<\/ol>\n<\/li>\n<\/ol>\n<\/li>\n<\/ol>\n<p>Alle vier Produktideen greifen aktuelle Inhalte aller Phasen der Lehrer*innenbildung im Bereich der medienbezogenen Schulentwicklung auf und orientieren sich (vorwiegend) an bundeslandspezifischen Vorgaben und Orientierungsdokumenten f\u00fcr die Lehr*innenaus- und -fortbildung (u.a. Orientierungsrahmen NRW f\u00fcr die Lehrerausbildung und Lehrerfortbildung &#8218;Lehrkr\u00e4fte in der digitalisierten Welt&#8216;). Zudem werden neben der Aus-, Fort- und Weiterbildung von Kompetenzen im Bereich der medienbezogenen Schulentwicklung bei Lehrpersonen, Lehramtsstudierenden sowie -anw\u00e4rter*innen gleicherma\u00dfen solcher der p\u00e4dagogischen Akteure mit Leitungsfunktionen ber\u00fccksichtigt (u.a. mit Produktidee 2).<\/p>\n<p>Im Rahmen des angebotenen Web-Seminars wird das Ziel verfolgt die vier Produktideen vorzustellen und mit den Teilnehmenden zu diesen in einen Austausch zu treten. Das Web-Seminar wird zu diesem Zweck interaktiv gestaltet und gliedert sich in einen halbst\u00fcndigen Pr\u00e4sentationsteil zu den bestehenden Produktideen und einer daran ankn\u00fcpfenden Diskussion mit allen Teilnehmenden.<\/p>    <\/div>\n<\/div>\n<!-- \/module text -->\t        <\/div>\n\t    \t<\/div>\n\t\t    <\/div>\n\t    <!-- \/row_inner -->\n\t<\/div>\n\t<!-- \/module_row -->\n\t<\/div>\n<!--\/themify_builder_content-->","protected":false},"excerpt":{"rendered":"<p>CoP: CoP Medienbezogene Schulentwicklung Durchf\u00fchrende\u00a0Personen:\u00a0 Johanna Schulze (Universit\u00e4t Paderborn) Prof. Dr. Birgit Eickelmann (Universit\u00e4t Paderborn) Prof. Dr. Bardo Herzig (Universit\u00e4t Paderborn) Dr. Benno G\u00f6ckede (Universit\u00e4t zu K\u00f6ln) Dr. Gabriele Klewin (Universit\u00e4t Bielefeld) Prof. Dr. Jutta Standop (Universit\u00e4t Bonn) Das Produkt oder eine\u00a0Produktauswahl:\u00a0 Produktidee: Konzept: Kommunizieren im Distanzlernen Produktidee: Selbstlernkurs mit digitalem barcamp: Dynamische Medienkonzeptarbeit als [&hellip;]<\/p>\n","protected":false},"author":12,"featured_media":0,"parent":18251,"menu_order":0,"comment_status":"closed","ping_status":"closed","template":"","meta":{"es_repo_domain":"","es_repo_ticket":"","es_plugin_url":"","footnotes":""},"class_list":["post-10574","page","type-page","status-publish","hentry","has-post-title","has-post-date","has-post-category","has-post-tag","has-post-comment","has-post-author",""],"builder_content":"<img loading=\"lazy\" decoding=\"async\" width=\"2800\" height=\"500\" src=\"https:\/\/comein.nrw\/portal\/wp-content\/uploads\/2021\/02\/TddL-MeSE-1.png\" title=\"TddL MeSE\" alt=\"Das Banner zeigt den Schriftzug &quot;CoP MeSE&quot;\" srcset=\"https:\/\/comein.nrw\/portal\/wp-content\/uploads\/2021\/02\/TddL-MeSE-1.png 2800w, https:\/\/comein.nrw\/portal\/wp-content\/uploads\/2021\/02\/TddL-MeSE-1-300x54.png 300w, https:\/\/comein.nrw\/portal\/wp-content\/uploads\/2021\/02\/TddL-MeSE-1-1024x183.png 1024w, https:\/\/comein.nrw\/portal\/wp-content\/uploads\/2021\/02\/TddL-MeSE-1-768x137.png 768w, https:\/\/comein.nrw\/portal\/wp-content\/uploads\/2021\/02\/TddL-MeSE-1-1536x274.png 1536w, https:\/\/comein.nrw\/portal\/wp-content\/uploads\/2021\/02\/TddL-MeSE-1-2048x366.png 2048w\" sizes=\"auto, (max-width: 2800px) 100vw, 2800px\" \/>\n<p><strong style=\"background-color: initial; font-size: 1em;\">CoP: <\/strong>CoP Medienbezogene Schulentwicklung<\/p> <p><strong>Durchf\u00fchrende\u00a0<\/strong><strong>Personen:\u00a0<\/strong><\/p> <p style=\"padding-left: 40px;\">Johanna Schulze (Universit\u00e4t Paderborn)<\/p> <p style=\"padding-left: 40px;\">Prof. Dr. Birgit Eickelmann (Universit\u00e4t Paderborn)<\/p> <p style=\"padding-left: 40px;\">Prof. Dr. Bardo Herzig (Universit\u00e4t Paderborn)<\/p> <p style=\"padding-left: 40px;\">Dr. Benno G\u00f6ckede (Universit\u00e4t zu K\u00f6ln)<\/p> <p style=\"padding-left: 40px;\">Dr. Gabriele Klewin (Universit\u00e4t Bielefeld)<\/p> <p style=\"padding-left: 40px;\">Prof. Dr. Jutta Standop (Universit\u00e4t Bonn)<\/p> <p><strong>Das Produkt oder eine\u00a0<\/strong><strong>Produktauswahl:\u00a0<\/strong><\/p> <ol> <li style=\"list-style-type: none;\"> <ol> <li style=\"list-style-type: none;\"> <ol> <li>Produktidee: Konzept: Kommunizieren im Distanzlernen<\/li> <li>Produktidee: Selbstlernkurs mit digitalem barcamp: Dynamische Medienkonzeptarbeit als Schulentwicklungsinstrument im Zuge der Digitalisierung<\/li> <li>Produktidee: MOOC: Bildungsgerechte Schulentwicklung im Zuge der Digitalisierung<\/li> <li>Produktidee: Konzept: Digitale Medien international und national<\/li> <\/ol> <\/li> <\/ol> <\/li> <\/ol> <p><strong>Inhalt:\u00a0<\/strong><\/p> <p>Die CoP MeSE stellt eine von drei \u00fcberfachlich arbeitenden CoP im Verbundprojekt dar und fokussiert auf 'Medienbezogene Schulentwicklung' in der Lehr*innenaus- und -fortbildung. Sie verzeichnet durch ihre Zusammenarbeit mit Vertreter*innen aller Phasen der Lehrer*innenbildung derzeit vier Produktideen mit unterschiedlicher Methodik- und Themenausrichtung.<\/p> <p>Die bestehenden Produktideen lassen sich wie folgt skizzieren:<\/p> <ol> <li style=\"list-style-type: none;\"> <ol> <li style=\"list-style-type: none;\"> <ol> <li>Konzept: Kommunizieren im Distanzlernen<\/li> <li>Selbstlernkurs mit digitalem barcamp: Dynamische Medienkonzeptarbeit als Schulentwicklungsinstrument im Zuge der Digitalisierung<\/li> <li>MOOC: Bildungsgerechte Schulentwicklung im Zuge der Digitalisierung<\/li> <li>Konzept: Digitale Medien international und national<\/li> <\/ol> <\/li> <\/ol> <\/li> <\/ol> <p>Alle vier Produktideen greifen aktuelle Inhalte aller Phasen der Lehrer*innenbildung im Bereich der medienbezogenen Schulentwicklung auf und orientieren sich (vorwiegend) an bundeslandspezifischen Vorgaben und Orientierungsdokumenten f\u00fcr die Lehr*innenaus- und -fortbildung (u.a. Orientierungsrahmen NRW f\u00fcr die Lehrerausbildung und Lehrerfortbildung 'Lehrkr\u00e4fte in der digitalisierten Welt'). Zudem werden neben der Aus-, Fort- und Weiterbildung von Kompetenzen im Bereich der medienbezogenen Schulentwicklung bei Lehrpersonen, Lehramtsstudierenden sowie -anw\u00e4rter*innen gleicherma\u00dfen solcher der p\u00e4dagogischen Akteure mit Leitungsfunktionen ber\u00fccksichtigt (u.a. mit Produktidee 2).<\/p> <p>Im Rahmen des angebotenen Web-Seminars wird das Ziel verfolgt die vier Produktideen vorzustellen und mit den Teilnehmenden zu diesen in einen Austausch zu treten. Das Web-Seminar wird zu diesem Zweck interaktiv gestaltet und gliedert sich in einen halbst\u00fcndigen Pr\u00e4sentationsteil zu den bestehenden Produktideen und einer daran ankn\u00fcpfenden Diskussion mit allen Teilnehmenden.<\/p>","_links":{"self":[{"href":"https:\/\/comein.nrw\/portal\/wp-json\/wp\/v2\/pages\/10574","targetHints":{"allow":["GET"]}}],"collection":[{"href":"https:\/\/comein.nrw\/portal\/wp-json\/wp\/v2\/pages"}],"about":[{"href":"https:\/\/comein.nrw\/portal\/wp-json\/wp\/v2\/types\/page"}],"author":[{"embeddable":true,"href":"https:\/\/comein.nrw\/portal\/wp-json\/wp\/v2\/users\/12"}],"replies":[{"embeddable":true,"href":"https:\/\/comein.nrw\/portal\/wp-json\/wp\/v2\/comments?post=10574"}],"version-history":[{"count":27,"href":"https:\/\/comein.nrw\/portal\/wp-json\/wp\/v2\/pages\/10574\/revisions"}],"predecessor-version":[{"id":19441,"href":"https:\/\/comein.nrw\/portal\/wp-json\/wp\/v2\/pages\/10574\/revisions\/19441"}],"up":[{"embeddable":true,"href":"https:\/\/comein.nrw\/portal\/wp-json\/wp\/v2\/pages\/18251"}],"wp:attachment":[{"href":"https:\/\/comein.nrw\/portal\/wp-json\/wp\/v2\/media?parent=10574"}],"curies":[{"name":"wp","href":"https:\/\/api.w.org\/{rel}","templated":true}]}}