{"id":10582,"date":"2021-01-28T16:46:13","date_gmt":"2021-01-28T15:46:13","guid":{"rendered":"https:\/\/comein.nrw\/portal\/?page_id=10582"},"modified":"2023-03-08T09:50:18","modified_gmt":"2023-03-08T08:50:18","slug":"tddlb-kunst-musik","status":"publish","type":"page","link":"https:\/\/comein.nrw\/portal\/tddl-2021\/tddlb-kunst-musik\/","title":{"rendered":"TddL Kunst \/ Musik"},"content":{"rendered":"<!--themify_builder_content-->\n<div id=\"themify_builder_content-10582\" data-postid=\"10582\" class=\"themify_builder_content themify_builder_content-10582 themify_builder tf_clear\">\n    \t<!-- module_row -->\n\t<div  data-css_id=\"9uqp86\" data-lazy=\"1\" class=\"module_row themify_builder_row fullwidth tb_9uqp86 tb_first tf_clearfix\" >\n\t    \t\t<div class=\"row_inner col_align_top col-count-1 tf_box tf_w tf_rel\">\n\t\t\t<div  data-lazy=\"1\" class=\"module_column tb-column col-full first tb_dmkx87 tf_box\">\n\t\t\t    \t        <div class=\"tb-column-inner tf_box tf_w\">\n\t\t    <!-- module image -->\n<div  class=\"module module-image tb_rjni87   image-top tf_mw\" data-lazy=\"1\">\n        <div class=\"image-wrap tf_rel tf_mw\">\n\t\t    <img loading=\"lazy\" decoding=\"async\" width=\"2800\" height=\"500\" src=\"https:\/\/comein.nrw\/portal\/wp-content\/uploads\/2021\/02\/TddL-Kunst-Musik.png\" class=\"wp-post-image wp-image-11610\" title=\"TddL Kunst Musik\" alt=\"Das Banner zeigt den Schriftzug &quot;Web-Seminar. CoP Kunst \/ Musik. Kunst- und Musikunterricht digital: Ressourcen und Orientierungsrahmen.&quot;\" srcset=\"https:\/\/comein.nrw\/portal\/wp-content\/uploads\/2021\/02\/TddL-Kunst-Musik.png 2800w, https:\/\/comein.nrw\/portal\/wp-content\/uploads\/2021\/02\/TddL-Kunst-Musik-300x54.png 300w, https:\/\/comein.nrw\/portal\/wp-content\/uploads\/2021\/02\/TddL-Kunst-Musik-1024x183.png 1024w, https:\/\/comein.nrw\/portal\/wp-content\/uploads\/2021\/02\/TddL-Kunst-Musik-768x137.png 768w, https:\/\/comein.nrw\/portal\/wp-content\/uploads\/2021\/02\/TddL-Kunst-Musik-1536x274.png 1536w, https:\/\/comein.nrw\/portal\/wp-content\/uploads\/2021\/02\/TddL-Kunst-Musik-2048x366.png 2048w\" sizes=\"auto, (max-width: 2800px) 100vw, 2800px\" \/>\t\n\t\t<\/div>\n\t<!-- \/image-wrap -->\n    \n    \t<\/div>\n<!-- \/module image -->\t        <\/div>\n\t    \t<\/div>\n\t\t    <\/div>\n\t    <!-- \/row_inner -->\n\t<\/div>\n\t<!-- \/module_row -->\n\t\t<!-- module_row -->\n\t<div  data-css_id=\"epfa86\" data-lazy=\"1\" class=\"module_row themify_builder_row fullwidth tb_epfa86 tf_clearfix\" >\n\t    \t\t<div class=\"row_inner col_align_top col-count-1 tf_box tf_w tf_rel\">\n\t\t\t<div  data-lazy=\"1\" class=\"module_column tb-column col-full first tb_rfhl88 tf_box\">\n\t\t\t    \t        <div class=\"tb-column-inner tf_box tf_w\">\n\t\t    <!-- module text -->\n<div  class=\"module module-text tb_790y88   \" data-lazy=\"1\">\n        <div  class=\"tb_text_wrap\">\n    <p><strong style=\"background-color: initial; font-size: 1em;\">CoP: <\/strong><span style=\"background-color: initial; font-size: 1em;\">CoP Kunst\/Musik<\/span><\/p>\n<p><strong>Durchf\u00fchrende\u00a0<\/strong><strong>Personen:\u00a0<\/strong><\/p>\n<p style=\"padding-left: 40px;\">Prof. Dr. Johannes Voit (Universit\u00e4t Bielefeld)<\/p>\n<p style=\"padding-left: 40px;\">Dr. Andreas Heye (Universit\u00e4t Bielefeld)<\/p>\n<p style=\"padding-left: 40px;\">Prof. Dr. Bernd Clausen (Universit\u00e4t Siegen)<\/p>\n<p style=\"padding-left: 40px;\">Vera Trottenburg (HfMT K\u00f6ln)<\/p>\n<p style=\"padding-left: 40px;\">Benjamin Weyel (Universit\u00e4t Siegen)<\/p>\n<p style=\"padding-left: 40px;\">Prof. Dr. Sarah Horn\u00e4k (Kunstakademie D\u00fcsseldorf)<\/p>\n<p style=\"padding-left: 40px;\">Dr. Susanne Henning (Kunstakademie D\u00fcsseldorf)<\/p>\n<p style=\"padding-left: 40px;\">Prof. Dr. Thorsten Meyer (Universit\u00e4t zu K\u00f6ln)<\/p>\n<p style=\"padding-left: 40px;\">Jun-Prof. Dr. Konstanze Sch\u00fctze (Universit\u00e4t zu K\u00f6ln)<\/p>\n<p style=\"padding-left: 40px;\">Prof. Dr. Manuel Zahn (Universit\u00e4t zu K\u00f6ln)<\/p>\n<p style=\"padding-left: 40px;\">Annika Waffner (Universit\u00e4t Paderborn)<\/p>\n<p style=\"padding-left: 40px;\">Prof. Dr. Rebekka Schmidt (Universit\u00e4t Paderborn)<\/p>\n<p style=\"padding-left: 40px;\">Dipl. Des. Sarah Starosky (Universit\u00e4t Wuppertal)<\/p>\n<p style=\"padding-left: 40px;\">Dr. Bj\u00f6rn Blankenheim (Universit\u00e4t Wuppertal)<\/p>\n<p style=\"padding-left: 40px;\">Prof. Dr. Jochen Krautz (Universit\u00e4t Wuppertal)<\/p>\n<p style=\"padding-left: 40px;\">Prof. Dr. Ulrich Heinen (Universit\u00e4t Wuppertal)<\/p>\n<p><strong>Das Produkt oder eine Produktauswahl:<\/strong><\/p>\n<p style=\"padding-left: 40px;\">s. Inhalt<\/p>\n<p><strong>Inhalt:\u00a0<\/strong><\/p>\n<p>Die <strong>AG Kunst<\/strong> in der CoP Kunst und Musik stellt Grund\u00fcberlegungen, Forschungsfragen und Ressourcen zur kunstp\u00e4dagogischen und -didaktischen Bildung f\u00fcr die digitale Welt zur Diskussion. Pr\u00e4sentiert werden Impulse und Fortbildungseinheiten f\u00fcr Kunstlehrer*innen zur Reflexion von Wechselwirkungen zwischen Digitalisierung und Kunst:<\/p>\n<ul>\n<li style=\"list-style-type: none;\">\n<ul>\n<li>Fortbildungstagung zum Wandel \u00e4sthetischer Erfahrungen von Materialit\u00e4t, K\u00f6rper und Raum in Kunst und Unterricht im Hinblick auf Digitalit\u00e4t (Dr. S. Henning, Prof. Dr. S. Horn\u00e4k),<\/li>\n<li>Plattform f\u00fcr Unterrichts- und Praxisprojekte zu \u201ePost-Internet Arts Education\u201c und Kurzfilme als \u201cTheory Espressos\u201d (Prof. Dr. T. Meyer, Jun-Prof. Dr. K. Sch\u00fctze, Prof. Dr. M. Zahn),<\/li>\n<li>Blog zur F\u00f6rderung digitalisierungsbezogener Kompetenzen (A. Waffner, Prof. Dr. R. Schmidt),<\/li>\n<li>Fortbildungseinheit zur Reflexion der gewaltsamen \u00dcberf\u00fchrung von Menschen in ihr digitales Bild (Dipl. Des. S. Starosky, Dr. B. Blankenheim, Prof. Dr. J. Krautz, Prof. Dr. U. Heinen)<\/li>\n<\/ul>\n<\/li>\n<\/ul>\n<p>Erste Arbeitsergebnisse der <strong>AG Musik<\/strong> zur Entwicklung eines fachspezifischen Orientierungsrahmens werden vorgestellt (Prof. Dr. B. Clausen, Vera Trottenburg, Benjamin Weyel) und mit Blick auf ihre Anwendbarkeit auf ein exemplarisches Fortbildungskonzept zum Thema H\u00f6ren diskutiert (Prof. Dr. J. Voit, Dr. Andreas Heye). Ausgangspunkt war die \u00dcberlegung, dass die zu entwickelnden Produkte in die Ordnungsmittel zur\u00fcckzubinden sind. Als erster Schritt wurde der MKR mit den Kernlehrpl\u00e4nen sowie den fachspezifischen Erg\u00e4nzungen, insbesondere aber mit individuellen fachdidaktischen Zus\u00e4tzen abgeglichen und ins Verh\u00e4ltnis zum DigCompEdu gesetzt. Ziel ist es, einen Orientierungsrahmen f\u00fcr die Musiklehrer*innenfortbildung zu entwickeln, der die Kompetenzerwartungen f\u00fcr eine digital ausgerichtete Musikdidaktik formulieren. Musiklehrer*innen sollen so in die Lage versetzt werden, Ressourcen kompetenzengeleitet auszuw\u00e4hlen und selbst entlang dieses Orientierungsrahmens zu klassifizieren.<\/p>\n<p style=\"padding-left: 40px;\">\u00a0<\/p>    <\/div>\n<\/div>\n<!-- \/module text -->\t        <\/div>\n\t    \t<\/div>\n\t\t    <\/div>\n\t    <!-- \/row_inner -->\n\t<\/div>\n\t<!-- \/module_row -->\n\t<\/div>\n<!--\/themify_builder_content-->","protected":false},"excerpt":{"rendered":"<p>CoP: CoP Kunst\/Musik Durchf\u00fchrende\u00a0Personen:\u00a0 Prof. Dr. Johannes Voit (Universit\u00e4t Bielefeld) Dr. Andreas Heye (Universit\u00e4t Bielefeld) Prof. Dr. Bernd Clausen (Universit\u00e4t Siegen) Vera Trottenburg (HfMT K\u00f6ln) Benjamin Weyel (Universit\u00e4t Siegen) Prof. Dr. Sarah Horn\u00e4k (Kunstakademie D\u00fcsseldorf) Dr. Susanne Henning (Kunstakademie D\u00fcsseldorf) Prof. Dr. Thorsten Meyer (Universit\u00e4t zu K\u00f6ln) Jun-Prof. Dr. Konstanze Sch\u00fctze (Universit\u00e4t zu K\u00f6ln) Prof. [&hellip;]<\/p>\n","protected":false},"author":12,"featured_media":0,"parent":18251,"menu_order":0,"comment_status":"closed","ping_status":"closed","template":"","meta":{"es_repo_domain":"","es_repo_ticket":"","es_plugin_url":"","footnotes":""},"class_list":["post-10582","page","type-page","status-publish","hentry","has-post-title","has-post-date","has-post-category","has-post-tag","has-post-comment","has-post-author",""],"builder_content":"<img loading=\"lazy\" decoding=\"async\" width=\"2800\" height=\"500\" src=\"https:\/\/comein.nrw\/portal\/wp-content\/uploads\/2021\/02\/TddL-Kunst-Musik.png\" title=\"TddL Kunst Musik\" alt=\"Das Banner zeigt den Schriftzug &quot;Web-Seminar. CoP Kunst \/ Musik. Kunst- und Musikunterricht digital: Ressourcen und Orientierungsrahmen.&quot;\" srcset=\"https:\/\/comein.nrw\/portal\/wp-content\/uploads\/2021\/02\/TddL-Kunst-Musik.png 2800w, https:\/\/comein.nrw\/portal\/wp-content\/uploads\/2021\/02\/TddL-Kunst-Musik-300x54.png 300w, https:\/\/comein.nrw\/portal\/wp-content\/uploads\/2021\/02\/TddL-Kunst-Musik-1024x183.png 1024w, https:\/\/comein.nrw\/portal\/wp-content\/uploads\/2021\/02\/TddL-Kunst-Musik-768x137.png 768w, https:\/\/comein.nrw\/portal\/wp-content\/uploads\/2021\/02\/TddL-Kunst-Musik-1536x274.png 1536w, https:\/\/comein.nrw\/portal\/wp-content\/uploads\/2021\/02\/TddL-Kunst-Musik-2048x366.png 2048w\" sizes=\"auto, (max-width: 2800px) 100vw, 2800px\" \/>\n<p><strong style=\"background-color: initial; font-size: 1em;\">CoP: <\/strong>CoP Kunst\/Musik<\/p> <p><strong>Durchf\u00fchrende\u00a0<\/strong><strong>Personen:\u00a0<\/strong><\/p> <p style=\"padding-left: 40px;\">Prof. Dr. Johannes Voit (Universit\u00e4t Bielefeld)<\/p> <p style=\"padding-left: 40px;\">Dr. Andreas Heye (Universit\u00e4t Bielefeld)<\/p> <p style=\"padding-left: 40px;\">Prof. Dr. Bernd Clausen (Universit\u00e4t Siegen)<\/p> <p style=\"padding-left: 40px;\">Vera Trottenburg (HfMT K\u00f6ln)<\/p> <p style=\"padding-left: 40px;\">Benjamin Weyel (Universit\u00e4t Siegen)<\/p> <p style=\"padding-left: 40px;\">Prof. Dr. Sarah Horn\u00e4k (Kunstakademie D\u00fcsseldorf)<\/p> <p style=\"padding-left: 40px;\">Dr. Susanne Henning (Kunstakademie D\u00fcsseldorf)<\/p> <p style=\"padding-left: 40px;\">Prof. Dr. Thorsten Meyer (Universit\u00e4t zu K\u00f6ln)<\/p> <p style=\"padding-left: 40px;\">Jun-Prof. Dr. Konstanze Sch\u00fctze (Universit\u00e4t zu K\u00f6ln)<\/p> <p style=\"padding-left: 40px;\">Prof. Dr. Manuel Zahn (Universit\u00e4t zu K\u00f6ln)<\/p> <p style=\"padding-left: 40px;\">Annika Waffner (Universit\u00e4t Paderborn)<\/p> <p style=\"padding-left: 40px;\">Prof. Dr. Rebekka Schmidt (Universit\u00e4t Paderborn)<\/p> <p style=\"padding-left: 40px;\">Dipl. Des. Sarah Starosky (Universit\u00e4t Wuppertal)<\/p> <p style=\"padding-left: 40px;\">Dr. Bj\u00f6rn Blankenheim (Universit\u00e4t Wuppertal)<\/p> <p style=\"padding-left: 40px;\">Prof. Dr. Jochen Krautz (Universit\u00e4t Wuppertal)<\/p> <p style=\"padding-left: 40px;\">Prof. Dr. Ulrich Heinen (Universit\u00e4t Wuppertal)<\/p> <p><strong>Das Produkt oder eine Produktauswahl:<\/strong><\/p> <p style=\"padding-left: 40px;\">s. Inhalt<\/p> <p><strong>Inhalt:\u00a0<\/strong><\/p> <p>Die <strong>AG Kunst<\/strong> in der CoP Kunst und Musik stellt Grund\u00fcberlegungen, Forschungsfragen und Ressourcen zur kunstp\u00e4dagogischen und -didaktischen Bildung f\u00fcr die digitale Welt zur Diskussion. Pr\u00e4sentiert werden Impulse und Fortbildungseinheiten f\u00fcr Kunstlehrer*innen zur Reflexion von Wechselwirkungen zwischen Digitalisierung und Kunst:<\/p> <ul> <li style=\"list-style-type: none;\"> <ul> <li>Fortbildungstagung zum Wandel \u00e4sthetischer Erfahrungen von Materialit\u00e4t, K\u00f6rper und Raum in Kunst und Unterricht im Hinblick auf Digitalit\u00e4t (Dr. S. Henning, Prof. Dr. S. Horn\u00e4k),<\/li> <li>Plattform f\u00fcr Unterrichts- und Praxisprojekte zu \u201ePost-Internet Arts Education\u201c und Kurzfilme als \u201cTheory Espressos\u201d (Prof. Dr. T. Meyer, Jun-Prof. Dr. K. Sch\u00fctze, Prof. Dr. M. Zahn),<\/li> <li>Blog zur F\u00f6rderung digitalisierungsbezogener Kompetenzen (A. Waffner, Prof. Dr. R. Schmidt),<\/li> <li>Fortbildungseinheit zur Reflexion der gewaltsamen \u00dcberf\u00fchrung von Menschen in ihr digitales Bild (Dipl. Des. S. Starosky, Dr. B. Blankenheim, Prof. Dr. J. Krautz, Prof. Dr. U. Heinen)<\/li> <\/ul> <\/li> <\/ul> <p>Erste Arbeitsergebnisse der <strong>AG Musik<\/strong> zur Entwicklung eines fachspezifischen Orientierungsrahmens werden vorgestellt (Prof. Dr. B. Clausen, Vera Trottenburg, Benjamin Weyel) und mit Blick auf ihre Anwendbarkeit auf ein exemplarisches Fortbildungskonzept zum Thema H\u00f6ren diskutiert (Prof. Dr. J. Voit, Dr. Andreas Heye). Ausgangspunkt war die \u00dcberlegung, dass die zu entwickelnden Produkte in die Ordnungsmittel zur\u00fcckzubinden sind. Als erster Schritt wurde der MKR mit den Kernlehrpl\u00e4nen sowie den fachspezifischen Erg\u00e4nzungen, insbesondere aber mit individuellen fachdidaktischen Zus\u00e4tzen abgeglichen und ins Verh\u00e4ltnis zum DigCompEdu gesetzt. Ziel ist es, einen Orientierungsrahmen f\u00fcr die Musiklehrer*innenfortbildung zu entwickeln, der die Kompetenzerwartungen f\u00fcr eine digital ausgerichtete Musikdidaktik formulieren. Musiklehrer*innen sollen so in die Lage versetzt werden, Ressourcen kompetenzengeleitet auszuw\u00e4hlen und selbst entlang dieses Orientierungsrahmens zu klassifizieren.<\/p> <p style=\"padding-left: 40px;\">\u00a0<\/p>","_links":{"self":[{"href":"https:\/\/comein.nrw\/portal\/wp-json\/wp\/v2\/pages\/10582","targetHints":{"allow":["GET"]}}],"collection":[{"href":"https:\/\/comein.nrw\/portal\/wp-json\/wp\/v2\/pages"}],"about":[{"href":"https:\/\/comein.nrw\/portal\/wp-json\/wp\/v2\/types\/page"}],"author":[{"embeddable":true,"href":"https:\/\/comein.nrw\/portal\/wp-json\/wp\/v2\/users\/12"}],"replies":[{"embeddable":true,"href":"https:\/\/comein.nrw\/portal\/wp-json\/wp\/v2\/comments?post=10582"}],"version-history":[{"count":25,"href":"https:\/\/comein.nrw\/portal\/wp-json\/wp\/v2\/pages\/10582\/revisions"}],"predecessor-version":[{"id":19437,"href":"https:\/\/comein.nrw\/portal\/wp-json\/wp\/v2\/pages\/10582\/revisions\/19437"}],"up":[{"embeddable":true,"href":"https:\/\/comein.nrw\/portal\/wp-json\/wp\/v2\/pages\/18251"}],"wp:attachment":[{"href":"https:\/\/comein.nrw\/portal\/wp-json\/wp\/v2\/media?parent=10582"}],"curies":[{"name":"wp","href":"https:\/\/api.w.org\/{rel}","templated":true}]}}