{"id":10592,"date":"2021-01-28T16:46:29","date_gmt":"2021-01-28T15:46:29","guid":{"rendered":"https:\/\/comein.nrw\/portal\/?page_id=10592"},"modified":"2023-03-08T09:49:59","modified_gmt":"2023-03-08T08:49:59","slug":"tddlb-inklusion","status":"publish","type":"page","link":"https:\/\/comein.nrw\/portal\/tddl-2021\/tddlb-inklusion\/","title":{"rendered":"TddL Inklusion"},"content":{"rendered":"<!--themify_builder_content-->\n<div id=\"themify_builder_content-10592\" data-postid=\"10592\" class=\"themify_builder_content themify_builder_content-10592 themify_builder tf_clear\">\n    \t<!-- module_row -->\n\t<div  data-css_id=\"vrpg004\" data-lazy=\"1\" class=\"module_row themify_builder_row fullwidth tb_vrpg004 tb_first tf_clearfix\" >\n\t    \t\t<div class=\"row_inner col_align_top col-count-1 tf_box tf_w tf_rel\">\n\t\t\t<div  data-lazy=\"1\" class=\"module_column tb-column col-full first tb_jdlk802 tf_box\">\n\t\t\t    \t        <div class=\"tb-column-inner tf_box tf_w\">\n\t\t    <!-- module image -->\n<div  class=\"module module-image tb_xfc2802   image-top tf_mw\" data-lazy=\"1\">\n        <div class=\"image-wrap tf_rel tf_mw\">\n\t\t    <img loading=\"lazy\" decoding=\"async\" width=\"2800\" height=\"500\" src=\"https:\/\/comein.nrw\/portal\/wp-content\/uploads\/2021\/02\/TddL-Inklusion.png\" class=\"wp-post-image wp-image-11608\" title=\"TddL Inklusion\" alt=\"Das Banner zeigt den Schriftzug &quot;Web-Seminar. CoP Inklusion. Digital unterst\u00fctzte inklusive Lehrer*innenbildung.&quot;\" srcset=\"https:\/\/comein.nrw\/portal\/wp-content\/uploads\/2021\/02\/TddL-Inklusion.png 2800w, https:\/\/comein.nrw\/portal\/wp-content\/uploads\/2021\/02\/TddL-Inklusion-300x54.png 300w, https:\/\/comein.nrw\/portal\/wp-content\/uploads\/2021\/02\/TddL-Inklusion-1024x183.png 1024w, https:\/\/comein.nrw\/portal\/wp-content\/uploads\/2021\/02\/TddL-Inklusion-768x137.png 768w, https:\/\/comein.nrw\/portal\/wp-content\/uploads\/2021\/02\/TddL-Inklusion-1536x274.png 1536w, https:\/\/comein.nrw\/portal\/wp-content\/uploads\/2021\/02\/TddL-Inklusion-2048x366.png 2048w\" sizes=\"auto, (max-width: 2800px) 100vw, 2800px\" \/>\t\n\t\t<\/div>\n\t<!-- \/image-wrap -->\n    \n    \t<\/div>\n<!-- \/module image -->\t        <\/div>\n\t    \t<\/div>\n\t\t    <\/div>\n\t    <!-- \/row_inner -->\n\t<\/div>\n\t<!-- \/module_row -->\n\t\t<!-- module_row -->\n\t<div  data-css_id=\"vsic420\" data-lazy=\"1\" class=\"module_row themify_builder_row fullwidth tb_vsic420 tf_clearfix\" >\n\t    \t\t<div class=\"row_inner col_align_top col-count-1 tf_box tf_w tf_rel\">\n\t\t\t<div  data-lazy=\"1\" class=\"module_column tb-column col-full first tb_7qvt982 tf_box\">\n\t\t\t    \t        <div class=\"tb-column-inner tf_box tf_w\">\n\t\t    <!-- module text -->\n<div  class=\"module module-text tb_f4wr499   \" data-lazy=\"1\">\n        <div  class=\"tb_text_wrap\">\n    <p><strong style=\"background-color: initial; font-size: 1em;\">CoP: <\/strong><span style=\"background-color: initial; font-size: 1em;\">CoP Inklusion\/Heterogenit\u00e4t<\/span><\/p>\n<p><strong>Durchf\u00fchrende\u00a0<\/strong><strong>Personen:\u00a0<\/strong><\/p>\n<p style=\"padding-left: 40px;\">Prof. Dr. Anna-Maria Kamin (Universit\u00e4t Bielefeld)<\/p>\n<p style=\"padding-left: 40px;\">Prof. Dr. Daniel Mays (Universit\u00e4t Siegen)<\/p>\n<p style=\"padding-left: 40px;\">Tim Homrighausen (Universit\u00e4t Siegen)<\/p>\n<p style=\"padding-left: 40px;\">Dr. Claudia Mertens (Universit\u00e4t Bielefeld)<\/p>\n<p style=\"padding-left: 40px;\">Carolin Quenzer-Alfred (Universit\u00e4t Siegen)<\/p>\n<p><strong>Das Produkt oder eine\u00a0<\/strong><strong>Produktauswahl:\u00a0<\/strong><\/p>\n<p style=\"padding-left: 40px;\">Phasen\u00fcbergreifende Zusammenarbeit zwischen Studierenden und Schule im Hinblick auf Digitalisierung &#8211; Inklusion<\/p>\n<p><strong>Inhalt:\u00a0<\/strong><\/p>\n<p>Es werden zwei Teilprojekte vorgestellt:<\/p>\n<p><em>Fokusgruppe Phasen\u00fcbergreifende Zusammenarbeit zwischen Studierenden und Schule im Hinblick auf Digitalisierung &#8211; Inklusion:<\/em><\/p>\n<p>Im Zentrum steht die Entwicklung einer phasen\u00fcbergreifende Selbstlerneinheit f\u00fcr (angehende) Lehrkr\u00e4fte zum Themenfeld \u201eDigitalisierung\u201c und \u201eInklusion\u201c auf Basis zweier Leitfragen:<\/p>\n<ol>\n<li style=\"list-style-type: none;\">\n<ol>\n<li style=\"list-style-type: none;\">\n<ol>\n<li>Wie k\u00f6nnen (angehende) Lehrkr\u00e4fte f\u00fcr die Bed\u00fcrfnisse von Sch\u00fcler*innen mit sonderp\u00e4dagogischem oder zus\u00e4tzlichem F\u00f6rderbedarf sensibilisiert werden?<\/li>\n<\/ol>\n<\/li>\n<\/ol>\n<\/li>\n<\/ol>\n<p>Durch Lernvideos und Begleitfragen in einem Selbstlerntool k\u00f6nnen sich Lehrkr\u00e4fte besser in die Situation von Sch\u00fcler*innen hineinversetzen (z.B. beim Einsatz assistiver Technologien) und Materialien unter Ber\u00fccksichtigung der Prinzipien des Universal Designs konzipieren bzw. ausw\u00e4hlen.<\/p>\n<ol>\n<li style=\"list-style-type: none;\">\n<ol>\n<li style=\"list-style-type: none;\">\n<ol start=\"2\">\n<li>Wie k\u00f6nnen digitale Lehr-Lernangebote systematisch im Hinblick auf Barrierefreiheit und Inklusionssensibilit\u00e4t gepr\u00fcft und hinsichtlich des Universal Designs angepasst werden?<\/li>\n<\/ol>\n<\/li>\n<\/ol>\n<\/li>\n<\/ol>\n<p>Materialien und Konzepte f\u00fcr den Einsatz im schulischen Kontext sind vielf\u00e4ltig. Allerdings fehlt bislang die systematische Einordnung dieser im Hinblick auf Inklusionssensibilit\u00e4t und Barrierefreiheit. Bestehende Kriterienkataloge werden gesichtet und zu einem gemeinsamen Bewertungskatalog zusammengef\u00fchrt.<\/p>\n<p><em>Fokusgruppe Fallbeispiele:<\/em><\/p>\n<p>Im Zentrum steht die Diskussion einer digitalen, phasensynchronen Fallarbeit, welche auf Basis eines bereits vorhandenen Konzepts \u201cVielfaltstableau\u201d basiert. Das Konzept wurde an der AG Grundschulp\u00e4dagogik &amp; Fr\u00fche Bildung (Prof. Dr. Petra B\u00fcker) entwickelt. Es umfasst eine multiprofessionell entwickelte und onlinebasierte Fallsammlung zahlreicher Kinderportraits zur Aus- und Weiterbildung im Bereich der inklusiven und teilhabeorientierten Bildungsgestaltung. Die Ressource soll im Workshop unter der Pr\u00e4misse phasen\u00fcbergreifender und phasensynchroner, multiperspektivischer und digitaler Fallarbeit zur F\u00f6rderung digitalisierungsbezogener Kompetenzen im Kontext Inklusion in der Lehrer*innenbildung diskutiert werden. Dabei wird auch die antihierarchische Moderation von Statusgruppen in den Blick genommen.<\/p>    <\/div>\n<\/div>\n<!-- \/module text -->\t        <\/div>\n\t    \t<\/div>\n\t\t    <\/div>\n\t    <!-- \/row_inner -->\n\t<\/div>\n\t<!-- \/module_row -->\n\t<\/div>\n<!--\/themify_builder_content-->","protected":false},"excerpt":{"rendered":"<p>CoP: CoP Inklusion\/Heterogenit\u00e4t Durchf\u00fchrende\u00a0Personen:\u00a0 Prof. Dr. Anna-Maria Kamin (Universit\u00e4t Bielefeld) Prof. Dr. Daniel Mays (Universit\u00e4t Siegen) Tim Homrighausen (Universit\u00e4t Siegen) Dr. Claudia Mertens (Universit\u00e4t Bielefeld) Carolin Quenzer-Alfred (Universit\u00e4t Siegen) Das Produkt oder eine\u00a0Produktauswahl:\u00a0 Phasen\u00fcbergreifende Zusammenarbeit zwischen Studierenden und Schule im Hinblick auf Digitalisierung &#8211; Inklusion Inhalt:\u00a0 Es werden zwei Teilprojekte vorgestellt: Fokusgruppe Phasen\u00fcbergreifende Zusammenarbeit zwischen [&hellip;]<\/p>\n","protected":false},"author":12,"featured_media":0,"parent":18251,"menu_order":0,"comment_status":"closed","ping_status":"closed","template":"","meta":{"es_repo_domain":"","es_repo_ticket":"","es_plugin_url":"","footnotes":""},"class_list":["post-10592","page","type-page","status-publish","hentry","has-post-title","has-post-date","has-post-category","has-post-tag","has-post-comment","has-post-author",""],"builder_content":"<img loading=\"lazy\" decoding=\"async\" width=\"2800\" height=\"500\" src=\"https:\/\/comein.nrw\/portal\/wp-content\/uploads\/2021\/02\/TddL-Inklusion.png\" title=\"TddL Inklusion\" alt=\"Das Banner zeigt den Schriftzug &quot;Web-Seminar. CoP Inklusion. Digital unterst\u00fctzte inklusive Lehrer*innenbildung.&quot;\" srcset=\"https:\/\/comein.nrw\/portal\/wp-content\/uploads\/2021\/02\/TddL-Inklusion.png 2800w, https:\/\/comein.nrw\/portal\/wp-content\/uploads\/2021\/02\/TddL-Inklusion-300x54.png 300w, https:\/\/comein.nrw\/portal\/wp-content\/uploads\/2021\/02\/TddL-Inklusion-1024x183.png 1024w, https:\/\/comein.nrw\/portal\/wp-content\/uploads\/2021\/02\/TddL-Inklusion-768x137.png 768w, https:\/\/comein.nrw\/portal\/wp-content\/uploads\/2021\/02\/TddL-Inklusion-1536x274.png 1536w, https:\/\/comein.nrw\/portal\/wp-content\/uploads\/2021\/02\/TddL-Inklusion-2048x366.png 2048w\" sizes=\"auto, (max-width: 2800px) 100vw, 2800px\" \/>\n<p><strong style=\"background-color: initial; font-size: 1em;\">CoP: <\/strong>CoP Inklusion\/Heterogenit\u00e4t<\/p> <p><strong>Durchf\u00fchrende\u00a0<\/strong><strong>Personen:\u00a0<\/strong><\/p> <p style=\"padding-left: 40px;\">Prof. Dr. Anna-Maria Kamin (Universit\u00e4t Bielefeld)<\/p> <p style=\"padding-left: 40px;\">Prof. Dr. Daniel Mays (Universit\u00e4t Siegen)<\/p> <p style=\"padding-left: 40px;\">Tim Homrighausen (Universit\u00e4t Siegen)<\/p> <p style=\"padding-left: 40px;\">Dr. Claudia Mertens (Universit\u00e4t Bielefeld)<\/p> <p style=\"padding-left: 40px;\">Carolin Quenzer-Alfred (Universit\u00e4t Siegen)<\/p> <p><strong>Das Produkt oder eine\u00a0<\/strong><strong>Produktauswahl:\u00a0<\/strong><\/p> <p style=\"padding-left: 40px;\">Phasen\u00fcbergreifende Zusammenarbeit zwischen Studierenden und Schule im Hinblick auf Digitalisierung - Inklusion<\/p> <p><strong>Inhalt:\u00a0<\/strong><\/p> <p>Es werden zwei Teilprojekte vorgestellt:<\/p> <p><em>Fokusgruppe Phasen\u00fcbergreifende Zusammenarbeit zwischen Studierenden und Schule im Hinblick auf Digitalisierung - Inklusion:<\/em><\/p> <p>Im Zentrum steht die Entwicklung einer phasen\u00fcbergreifende Selbstlerneinheit f\u00fcr (angehende) Lehrkr\u00e4fte zum Themenfeld \u201eDigitalisierung\u201c und \u201eInklusion\u201c auf Basis zweier Leitfragen:<\/p> <ol> <li style=\"list-style-type: none;\"> <ol> <li style=\"list-style-type: none;\"> <ol> <li>Wie k\u00f6nnen (angehende) Lehrkr\u00e4fte f\u00fcr die Bed\u00fcrfnisse von Sch\u00fcler*innen mit sonderp\u00e4dagogischem oder zus\u00e4tzlichem F\u00f6rderbedarf sensibilisiert werden?<\/li> <\/ol> <\/li> <\/ol> <\/li> <\/ol> <p>Durch Lernvideos und Begleitfragen in einem Selbstlerntool k\u00f6nnen sich Lehrkr\u00e4fte besser in die Situation von Sch\u00fcler*innen hineinversetzen (z.B. beim Einsatz assistiver Technologien) und Materialien unter Ber\u00fccksichtigung der Prinzipien des Universal Designs konzipieren bzw. ausw\u00e4hlen.<\/p> <ol> <li style=\"list-style-type: none;\"> <ol> <li style=\"list-style-type: none;\"> <ol start=\"2\"> <li>Wie k\u00f6nnen digitale Lehr-Lernangebote systematisch im Hinblick auf Barrierefreiheit und Inklusionssensibilit\u00e4t gepr\u00fcft und hinsichtlich des Universal Designs angepasst werden?<\/li> <\/ol> <\/li> <\/ol> <\/li> <\/ol> <p>Materialien und Konzepte f\u00fcr den Einsatz im schulischen Kontext sind vielf\u00e4ltig. Allerdings fehlt bislang die systematische Einordnung dieser im Hinblick auf Inklusionssensibilit\u00e4t und Barrierefreiheit. Bestehende Kriterienkataloge werden gesichtet und zu einem gemeinsamen Bewertungskatalog zusammengef\u00fchrt.<\/p> <p><em>Fokusgruppe Fallbeispiele:<\/em><\/p> <p>Im Zentrum steht die Diskussion einer digitalen, phasensynchronen Fallarbeit, welche auf Basis eines bereits vorhandenen Konzepts \u201cVielfaltstableau\u201d basiert. Das Konzept wurde an der AG Grundschulp\u00e4dagogik &amp; Fr\u00fche Bildung (Prof. Dr. Petra B\u00fcker) entwickelt. Es umfasst eine multiprofessionell entwickelte und onlinebasierte Fallsammlung zahlreicher Kinderportraits zur Aus- und Weiterbildung im Bereich der inklusiven und teilhabeorientierten Bildungsgestaltung. Die Ressource soll im Workshop unter der Pr\u00e4misse phasen\u00fcbergreifender und phasensynchroner, multiperspektivischer und digitaler Fallarbeit zur F\u00f6rderung digitalisierungsbezogener Kompetenzen im Kontext Inklusion in der Lehrer*innenbildung diskutiert werden. Dabei wird auch die antihierarchische Moderation von Statusgruppen in den Blick genommen.<\/p>","_links":{"self":[{"href":"https:\/\/comein.nrw\/portal\/wp-json\/wp\/v2\/pages\/10592","targetHints":{"allow":["GET"]}}],"collection":[{"href":"https:\/\/comein.nrw\/portal\/wp-json\/wp\/v2\/pages"}],"about":[{"href":"https:\/\/comein.nrw\/portal\/wp-json\/wp\/v2\/types\/page"}],"author":[{"embeddable":true,"href":"https:\/\/comein.nrw\/portal\/wp-json\/wp\/v2\/users\/12"}],"replies":[{"embeddable":true,"href":"https:\/\/comein.nrw\/portal\/wp-json\/wp\/v2\/comments?post=10592"}],"version-history":[{"count":24,"href":"https:\/\/comein.nrw\/portal\/wp-json\/wp\/v2\/pages\/10592\/revisions"}],"predecessor-version":[{"id":19436,"href":"https:\/\/comein.nrw\/portal\/wp-json\/wp\/v2\/pages\/10592\/revisions\/19436"}],"up":[{"embeddable":true,"href":"https:\/\/comein.nrw\/portal\/wp-json\/wp\/v2\/pages\/18251"}],"wp:attachment":[{"href":"https:\/\/comein.nrw\/portal\/wp-json\/wp\/v2\/media?parent=10592"}],"curies":[{"name":"wp","href":"https:\/\/api.w.org\/{rel}","templated":true}]}}