{"id":12267,"date":"2021-02-18T11:10:38","date_gmt":"2021-02-18T10:10:38","guid":{"rendered":"https:\/\/comein.nrw\/portal\/?page_id=12267"},"modified":"2023-03-30T09:59:45","modified_gmt":"2023-03-30T07:59:45","slug":"projektvorstellung","status":"publish","type":"page","link":"https:\/\/comein.nrw\/portal\/projektvorstellung\/","title":{"rendered":"Projektvorstellung"},"content":{"rendered":"<!--themify_builder_content-->\n<div id=\"themify_builder_content-12267\" data-postid=\"12267\" class=\"themify_builder_content themify_builder_content-12267 themify_builder tf_clear\">\n    \t<!-- module_row -->\n\t<div  data-css_id=\"45nr632\" data-lazy=\"1\" class=\"module_row themify_builder_row fullwidth tb_45nr632 tb_first tf_clearfix\" >\n\t    \t\t<div class=\"row_inner col_align_top col-count-1 tf_box tf_w tf_rel\">\n\t\t\t<div  data-lazy=\"1\" class=\"module_column tb-column col-full first tb_swpd633 tf_box\">\n\t\t\t    \t        <div class=\"tb-column-inner tf_box tf_w\">\n\t\t    <!-- module image -->\n<div  class=\"module module-image tb_lgyz634   image-top tf_mw\" data-lazy=\"1\">\n        <div class=\"image-wrap tf_rel tf_mw\">\n\t\t    <img loading=\"lazy\" decoding=\"async\" width=\"2000\" height=\"269\" src=\"https:\/\/comein.nrw\/portal\/wp-content\/uploads\/2021\/08\/Projektvorstellung.jpg\" class=\"wp-post-image wp-image-16001\" alt=\"Das Banner zeigt den Schriftzug &quot;Projektvorstellung&quot;\" srcset=\"https:\/\/comein.nrw\/portal\/wp-content\/uploads\/2021\/08\/Projektvorstellung.jpg 2000w, https:\/\/comein.nrw\/portal\/wp-content\/uploads\/2021\/08\/Projektvorstellung-300x40.jpg 300w, https:\/\/comein.nrw\/portal\/wp-content\/uploads\/2021\/08\/Projektvorstellung-1024x138.jpg 1024w, https:\/\/comein.nrw\/portal\/wp-content\/uploads\/2021\/08\/Projektvorstellung-768x103.jpg 768w, https:\/\/comein.nrw\/portal\/wp-content\/uploads\/2021\/08\/Projektvorstellung-1536x207.jpg 1536w\" sizes=\"auto, (max-width: 2000px) 100vw, 2000px\" \/>\t\n\t\t<\/div>\n\t<!-- \/image-wrap -->\n    \n    \t<\/div>\n<!-- \/module image -->\t        <\/div>\n\t    \t<\/div>\n\t\t    <\/div>\n\t    <!-- \/row_inner -->\n\t<\/div>\n\t<!-- \/module_row -->\n\t\t<!-- module_row -->\n\t<div  data-css_id=\"j0gr386\" data-lazy=\"1\" class=\"module_row themify_builder_row repeat fullwidth tb_j0gr386 tf_clearfix\" >\n\t    \t\t<div class=\"row_inner col_align_top col-count-2 tf_box tf_w tf_rel\"  data-basecol=\"2\" data-col_tablet=\"column-full\" data-col_tablet_landscape=\"column-full\" data-col_mobile=\"column-full\">\n\t\t\t<div  data-lazy=\"1\" style=\"width: 46.79%\" class=\"module_column tb-column col2-1 first tb_bspc387 tf_box\">\n\t\t\t    \t        <div class=\"tb-column-inner tf_box tf_w\">\n\t\t    <!-- module text -->\n<div  class=\"module module-text tb_o0iz388  repeat \" data-lazy=\"1\">\n        <div  class=\"tb_text_wrap\">\n    <p><span style=\"color: #fafafa;\"><strong>Digitalisierungsbezogene Kompetenzen von Lehrpersonen im Fokus.<br><\/strong><\/span><span style=\"color: #fafafa;\">In Com<sup>e<\/sup>In arbeiten Vertreter*innen aus allen drei Phasen der Lehrkr\u00e4ftebildung (Universit\u00e4t, Vorbereitungsdienst und Lehrkr\u00e4ftefortbildung) zusammen. Unter Konsortialf\u00fchrung der Universit\u00e4t Duisburg-Essen haben sich in dem Hochschulverbund <em>alle<\/em> zw\u00f6lf lehrkr\u00e4ftebildenden Hochschulen des Landes Nordrhein-Westfalen (NRW) zusammengeschlossen. Sie kooperieren dabei eng mit den beiden Ministerien f\u00fcr Schule und Bildung und f\u00fcr Kultur und Wissenschaft NRW, den f\u00fcnf Bezirksregierungen NRWs und der Qualit\u00e4ts- und Unterst\u00fctzung-Agentur \u2013 Landesinstitut f\u00fcr Schule NRW (QUA-LiS).<\/span><\/p>\n<p><span style=\"color: #fafafa;\"><b>Arbeitsformen der Communities of Practice.<br><\/b><\/span><span style=\"color: #fafafa;\">In Netzwerken wird das Wissen aus unterschiedlichen Disziplinen, Ausbildungsphasen und Hochschulstandorten eingebracht. In sogenannten Communities of Practice (CoP) vernetzen sich Expert*innen und Entscheider*innen aller drei Phasen der Lehrkr\u00e4ftebildung, wodurch wechselseitige Lernprozesse angesto\u00dfen werden. Die CoP unterteilen sich in zwei Arten von Netzwerken, in fachliche (MINT, DaZ, GeiWi, Kunst\/Musik und Sport) und f\u00e4cher\u00fcbergreifende (Medienbezogene Schulentwicklung, Informatische Grundbildung\/Digitalisierung als Lerngegenstand und Inklusion\/Umgang mit Heterogenit\u00e4t).<\/span><b><i><\/i><\/b><\/p>    <\/div>\n<\/div>\n<!-- \/module text -->\t        <\/div>\n\t    \t<\/div>\n\t\t<div  data-lazy=\"1\" style=\"width: 50.01%\" class=\"module_column tb-column col2-1 last tb_retk393 tf_box\">\n\t\t\t    \t        <div class=\"tb-column-inner tf_box tf_w\">\n\t\t    <!-- module fancy heading -->\n<div  class=\"module module-fancy-heading tb_9hwm393 \" data-lazy=\"1\">\n        <h2 class=\"fancy-heading tf_textl\">\n    <span class=\"main-head tf_block\">\n\t\t\t\t\t\t\t    <\/span>\n\n\t\n    <span class=\"sub-head tf_block tf_rel\">\n\t\t\t\t\t\u00dcbersichtsgrafik\t\t    <\/span>\n    <\/h2>\n<\/div>\n<!-- \/module fancy heading -->\n<!-- module image -->\n<div  class=\"module module-image tb_vw79395   image-top auto_fullwidth tf_mw\" data-lazy=\"1\">\n        <div class=\"image-wrap tf_rel tf_mw\">\n\t\t    <a href=\"https:\/\/comein.nrw\/portal\/wp-content\/uploads\/2022\/04\/Schaubild_final.png\"\n\t       \t        rel=\"lightbox[12267]\">\n\t\t   \t\t<img loading=\"lazy\" decoding=\"async\" width=\"1024\" height=\"566\" src=\"https:\/\/comein.nrw\/portal\/wp-content\/uploads\/2022\/04\/Schaubild_final-1024x566.png\" class=\"wp-post-image wp-image-18681\" alt=\"Gezeigt wird das Schaubild des Projekts ComeIn. Abgebildet werden die relevanten Akteure des Projekts. Dazu z\u00e4hlen 12 lehrerbildende Hochschulen des Landes NRW, das Ministerium f\u00fcr Kultur und Wissenschaft NRW, das Ministerium f\u00fcr Schule und Bildung NRW, die Qualit\u00e4ts- und Unterst\u00fctzungsagentur - Landesinstitut f\u00fcr Schule NRW sowie die f\u00fcnf Bezirksregierungen. Im Projekt wird dabei \u00fcber alle drei Phasen der Lehrerausbildung zusammengearbeitet, wobei 8 Communities of Practice gebildet werden.\" srcset=\"https:\/\/comein.nrw\/portal\/wp-content\/uploads\/2022\/04\/Schaubild_final-1024x566.png 1024w, https:\/\/comein.nrw\/portal\/wp-content\/uploads\/2022\/04\/Schaubild_final-300x166.png 300w, https:\/\/comein.nrw\/portal\/wp-content\/uploads\/2022\/04\/Schaubild_final-768x424.png 768w, https:\/\/comein.nrw\/portal\/wp-content\/uploads\/2022\/04\/Schaubild_final-1536x849.png 1536w, https:\/\/comein.nrw\/portal\/wp-content\/uploads\/2022\/04\/Schaubild_final-2048x1132.png 2048w\" sizes=\"auto, (max-width: 1024px) 100vw, 1024px\" \/>\t    <\/a>\n\t\n\t\t<\/div>\n\t<!-- \/image-wrap -->\n    \n    \t<\/div>\n<!-- \/module image --><!-- module text -->\n<div  class=\"module module-text tb_ydi9531   \" data-lazy=\"1\">\n        <div  class=\"tb_text_wrap\">\n    <p style=\"text-align: left;\"><span style=\"color: #fafafa;\">Eine vergr\u00f6\u00dferte Darstellung wird durch das Anklicken der Grafik sichtbar.\u00a0<\/span><\/p>    <\/div>\n<\/div>\n<!-- \/module text -->\t        <\/div>\n\t    \t<\/div>\n\t\t    <\/div>\n\t    <!-- \/row_inner -->\n\t<\/div>\n\t<!-- \/module_row -->\n\t\t<!-- module_row -->\n\t<div  data-css_id=\"aho4919\" data-lazy=\"1\" class=\"module_row themify_builder_row fullwidth tb_aho4919 tf_clearfix\" >\n\t    \t\t<div class=\"row_inner col_align_top col-count-2 tf_box tf_w tf_rel\"  data-basecol=\"2\" data-col_tablet=\"column-full\" data-col_tablet_landscape=\"column-full\" data-col_mobile=\"column-full\">\n\t\t\t<div  data-lazy=\"1\" style=\"width: 59.08%\" class=\"module_column tb-column col4-2 first tb_z4x5922 tf_box\">\n\t\t\t    \t        <div class=\"tb-column-inner tf_box tf_w\">\n\t\t    <!-- module text -->\n<div  class=\"module module-text tb_2jcl881   \" data-lazy=\"1\">\n        <div  class=\"tb_text_wrap\">\n    <p><strong>Zwei zentrale Ziele:<\/strong><\/p>\n<ul>\n<li>Ressourcen\/Produkte entlang der schulischen Bedarfe zu entwickeln\u00a0<br><strong><em>(<\/em><\/strong><a href=\"https:\/\/comein.nrw\/portal\/ag-imedibi\/\"><strong><em>weitere Informationen zur inhaltlichen Ebene<\/em><\/strong><\/a><strong><em>)<\/em><\/strong><\/li>\n<li>Einen Prototyp f\u00fcr die Zusammenarbeit von Wissenschaft und (Fortbildungs-) Praxis zu entwickeln\u00a0<br><strong><em>(<\/em><\/strong><a href=\"https:\/\/comein.nrw\/portal\/ag-kowipra\/\"><strong><em>weitere Informationen zur strukturellen Ebene<\/em><\/strong><\/a><strong><em>)<\/em><\/strong><\/li>\n<\/ul>\n<p><strong><br>Zieltableau und Zielw\u00fcrfel<br><\/strong>Zur Aussch\u00e4rfung der Projektziele wurde ein Zieltableau das Ziele, Erfolgsindikatoren, Meilensteine, Zeitr\u00e4ume und Verantwortlichkeiten ausdifferenziert, entworfen. Dabei wurde zwischen vier Zieldimensionen differenziert, den beiden zentralen Zielen (A) <em>prototypische Ressourcen<\/em> und (B) <em>anschlussf\u00e4hige und phasen\u00fcbergreifende Kooperationen<\/em> und zwei weiteren Projektzielen (C) <em>Digitalisierungsstrategie<\/em> und (D) <em>nicht intendierte, relevante Projektergebnisse<\/em>. Dar\u00fcber hinaus wurde aus dem Zieltableau ein Zielw\u00fcrfel entwickelt, der die drei Zieldimensionen A-C umfasst.<\/p>\n<p>Den Zielw\u00fcrfel k\u00f6nnen Sie sich im JPEG-Format <a href=\"https:\/\/comein.nrw\/portal\/wp-content\/uploads\/2022\/01\/Zielwuerfel-gruene-Seite-oben.png\" target=\"_blank\"  rel=\"lightbox[12267] noopener\">hier<\/a> anzeigen lassen.<\/p>    <\/div>\n<\/div>\n<!-- \/module text -->\t        <\/div>\n\t    \t<\/div>\n\t\t<div  data-lazy=\"1\" style=\"width: 37.72%\" class=\"module_column tb-column col4-2 last tb_2f1n923 tf_box\">\n\t\t\t    \t        <div class=\"tb-column-inner tf_box tf_w\">\n\t\t    <!-- module plain text -->\n<div  class=\"module module-plain-text tb_6wcy274 \" data-lazy=\"1\">\n        <div class=\"tb_text_wrap\">\n\t<video controls width=\"100%\" height=\"100%\" poster=\"https:\/\/comein.nrw\/portal\/wp-content\/uploads\/2023\/02\/ComeIn-Wuerfel-Vorschaubild.png\">\n                <source src=\"https:\/\/comein.nrw\/portal\/wp-content\/uploads\/2023\/02\/ComeIn-Wuerfel_Final_4K.mp4\" type=\"video\/mp4\"\/>    <\/div>\n<\/div>\n<!-- \/module plain text -->\t        <\/div>\n\t    \t<\/div>\n\t\t    <\/div>\n\t    <!-- \/row_inner -->\n\t<\/div>\n\t<!-- \/module_row -->\n\t<\/div>\n<!--\/themify_builder_content-->","protected":false},"excerpt":{"rendered":"<p>Digitalisierungsbezogene Kompetenzen von Lehrpersonen im Fokus.In ComeIn arbeiten Vertreter*innen aus allen drei Phasen der Lehrkr\u00e4ftebildung (Universit\u00e4t, Vorbereitungsdienst und Lehrkr\u00e4ftefortbildung) zusammen. Unter Konsortialf\u00fchrung der Universit\u00e4t Duisburg-Essen haben sich in dem Hochschulverbund alle zw\u00f6lf lehrkr\u00e4ftebildenden Hochschulen des Landes Nordrhein-Westfalen (NRW) zusammengeschlossen. Sie kooperieren dabei eng mit den beiden Ministerien f\u00fcr Schule und Bildung und f\u00fcr Kultur und [&hellip;]<\/p>\n","protected":false},"author":8,"featured_media":0,"parent":0,"menu_order":0,"comment_status":"closed","ping_status":"closed","template":"","meta":{"es_repo_domain":"","es_repo_ticket":"","es_plugin_url":"","footnotes":""},"class_list":["post-12267","page","type-page","status-publish","hentry","has-post-title","has-post-date","has-post-category","has-post-tag","has-post-comment","has-post-author",""],"builder_content":"<img loading=\"lazy\" decoding=\"async\" width=\"2000\" height=\"269\" src=\"https:\/\/comein.nrw\/portal\/wp-content\/uploads\/2021\/08\/Projektvorstellung.jpg\" alt=\"Das Banner zeigt den Schriftzug &quot;Projektvorstellung&quot;\" srcset=\"https:\/\/comein.nrw\/portal\/wp-content\/uploads\/2021\/08\/Projektvorstellung.jpg 2000w, https:\/\/comein.nrw\/portal\/wp-content\/uploads\/2021\/08\/Projektvorstellung-300x40.jpg 300w, https:\/\/comein.nrw\/portal\/wp-content\/uploads\/2021\/08\/Projektvorstellung-1024x138.jpg 1024w, https:\/\/comein.nrw\/portal\/wp-content\/uploads\/2021\/08\/Projektvorstellung-768x103.jpg 768w, https:\/\/comein.nrw\/portal\/wp-content\/uploads\/2021\/08\/Projektvorstellung-1536x207.jpg 1536w\" sizes=\"auto, (max-width: 2000px) 100vw, 2000px\" \/>\n<p><strong>Digitalisierungsbezogene Kompetenzen von Lehrpersonen im Fokus.<br><\/strong>In Com<sup>e<\/sup>In arbeiten Vertreter*innen aus allen drei Phasen der Lehrkr\u00e4ftebildung (Universit\u00e4t, Vorbereitungsdienst und Lehrkr\u00e4ftefortbildung) zusammen. Unter Konsortialf\u00fchrung der Universit\u00e4t Duisburg-Essen haben sich in dem Hochschulverbund <em>alle<\/em> zw\u00f6lf lehrkr\u00e4ftebildenden Hochschulen des Landes Nordrhein-Westfalen (NRW) zusammengeschlossen. Sie kooperieren dabei eng mit den beiden Ministerien f\u00fcr Schule und Bildung und f\u00fcr Kultur und Wissenschaft NRW, den f\u00fcnf Bezirksregierungen NRWs und der Qualit\u00e4ts- und Unterst\u00fctzung-Agentur \u2013 Landesinstitut f\u00fcr Schule NRW (QUA-LiS).<\/p> <p><b>Arbeitsformen der Communities of Practice.<br><\/b>In Netzwerken wird das Wissen aus unterschiedlichen Disziplinen, Ausbildungsphasen und Hochschulstandorten eingebracht. In sogenannten Communities of Practice (CoP) vernetzen sich Expert*innen und Entscheider*innen aller drei Phasen der Lehrkr\u00e4ftebildung, wodurch wechselseitige Lernprozesse angesto\u00dfen werden. Die CoP unterteilen sich in zwei Arten von Netzwerken, in fachliche (MINT, DaZ, GeiWi, Kunst\/Musik und Sport) und f\u00e4cher\u00fcbergreifende (Medienbezogene Schulentwicklung, Informatische Grundbildung\/Digitalisierung als Lerngegenstand und Inklusion\/Umgang mit Heterogenit\u00e4t).<b><i><\/i><\/b><\/p>\n<h2><br\/>\u00dcbersichtsgrafik<\/h2>\n<a href=\"https:\/\/comein.nrw\/portal\/wp-content\/uploads\/2022\/04\/Schaubild_final.png\" > <img loading=\"lazy\" decoding=\"async\" width=\"1024\" height=\"566\" src=\"https:\/\/comein.nrw\/portal\/wp-content\/uploads\/2022\/04\/Schaubild_final-1024x566.png\" alt=\"Gezeigt wird das Schaubild des Projekts ComeIn. Abgebildet werden die relevanten Akteure des Projekts. Dazu z\u00e4hlen 12 lehrerbildende Hochschulen des Landes NRW, das Ministerium f\u00fcr Kultur und Wissenschaft NRW, das Ministerium f\u00fcr Schule und Bildung NRW, die Qualit\u00e4ts- und Unterst\u00fctzungsagentur - Landesinstitut f\u00fcr Schule NRW sowie die f\u00fcnf Bezirksregierungen. Im Projekt wird dabei \u00fcber alle drei Phasen der Lehrerausbildung zusammengearbeitet, wobei 8 Communities of Practice gebildet werden.\" srcset=\"https:\/\/comein.nrw\/portal\/wp-content\/uploads\/2022\/04\/Schaubild_final-1024x566.png 1024w, https:\/\/comein.nrw\/portal\/wp-content\/uploads\/2022\/04\/Schaubild_final-300x166.png 300w, https:\/\/comein.nrw\/portal\/wp-content\/uploads\/2022\/04\/Schaubild_final-768x424.png 768w, https:\/\/comein.nrw\/portal\/wp-content\/uploads\/2022\/04\/Schaubild_final-1536x849.png 1536w, https:\/\/comein.nrw\/portal\/wp-content\/uploads\/2022\/04\/Schaubild_final-2048x1132.png 2048w\" sizes=\"auto, (max-width: 1024px) 100vw, 1024px\" \/> <\/a>\n<p style=\"text-align: left;\">Eine vergr\u00f6\u00dferte Darstellung wird durch das Anklicken der Grafik sichtbar.\u00a0<\/p>\n<p><strong>Zwei zentrale Ziele:<\/strong><\/p> <ul> <li>Ressourcen\/Produkte entlang der schulischen Bedarfe zu entwickeln\u00a0<br><strong><em>(<\/em><\/strong><a href=\"https:\/\/comein.nrw\/portal\/ag-imedibi\/\"><strong><em>weitere Informationen zur inhaltlichen Ebene<\/em><\/strong><\/a><strong><em>)<\/em><\/strong><\/li> <li>Einen Prototyp f\u00fcr die Zusammenarbeit von Wissenschaft und (Fortbildungs-) Praxis zu entwickeln\u00a0<br><strong><em>(<\/em><\/strong><a href=\"https:\/\/comein.nrw\/portal\/ag-kowipra\/\"><strong><em>weitere Informationen zur strukturellen Ebene<\/em><\/strong><\/a><strong><em>)<\/em><\/strong><\/li> <\/ul> <p><strong><br>Zieltableau und Zielw\u00fcrfel<br><\/strong>Zur Aussch\u00e4rfung der Projektziele wurde ein Zieltableau das Ziele, Erfolgsindikatoren, Meilensteine, Zeitr\u00e4ume und Verantwortlichkeiten ausdifferenziert, entworfen. Dabei wurde zwischen vier Zieldimensionen differenziert, den beiden zentralen Zielen (A) <em>prototypische Ressourcen<\/em> und (B) <em>anschlussf\u00e4hige und phasen\u00fcbergreifende Kooperationen<\/em> und zwei weiteren Projektzielen (C) <em>Digitalisierungsstrategie<\/em> und (D) <em>nicht intendierte, relevante Projektergebnisse<\/em>. Dar\u00fcber hinaus wurde aus dem Zieltableau ein Zielw\u00fcrfel entwickelt, der die drei Zieldimensionen A-C umfasst.<\/p> <p>Den Zielw\u00fcrfel k\u00f6nnen Sie sich im JPEG-Format <a href=\"https:\/\/comein.nrw\/portal\/wp-content\/uploads\/2022\/01\/Zielwuerfel-gruene-Seite-oben.png\" target=\"_blank\" rel=\"noopener\">hier<\/a> anzeigen lassen.<\/p>\n<video controls width=\"100%\" height=\"100%\" poster=\"https:\/\/comein.nrw\/portal\/wp-content\/uploads\/2023\/02\/ComeIn-Wuerfel-Vorschaubild.png\"> <source src=\"https:\/\/comein.nrw\/portal\/wp-content\/uploads\/2023\/02\/ComeIn-Wuerfel_Final_4K.mp4\" type=\"video\/mp4\"\/>\n<h2><br\/>Zielw\u00fcrfel<\/h2>\n<img decoding=\"async\" src=\"https:\/\/comein.nrw\/portal\/wp-content\/uploads\/2022\/01\/Zielwuerfel-gruene-Seite-oben.png\" width=\"350\" alt=\"Darstellung der ComeIn Ziele als W\u00fcrfel.\" srcset=\"https:\/\/comein.nrw\/portal\/wp-content\/uploads\/2022\/01\/Zielwuerfel-gruene-Seite-oben.png 3000w, https:\/\/comein.nrw\/portal\/wp-content\/uploads\/2022\/01\/Zielwuerfel-gruene-Seite-oben-300x300.png 300w, https:\/\/comein.nrw\/portal\/wp-content\/uploads\/2022\/01\/Zielwuerfel-gruene-Seite-oben-1024x1024.png 1024w, https:\/\/comein.nrw\/portal\/wp-content\/uploads\/2022\/01\/Zielwuerfel-gruene-Seite-oben-150x150.png 150w, https:\/\/comein.nrw\/portal\/wp-content\/uploads\/2022\/01\/Zielwuerfel-gruene-Seite-oben-768x768.png 768w, https:\/\/comein.nrw\/portal\/wp-content\/uploads\/2022\/01\/Zielwuerfel-gruene-Seite-oben-1536x1536.png 1536w, https:\/\/comein.nrw\/portal\/wp-content\/uploads\/2022\/01\/Zielwuerfel-gruene-Seite-oben-2048x2048.png 2048w\" sizes=\"(max-width: 3000px) 100vw, 3000px\" \/>\n<p style=\"text-align: left;\">Eine vergr\u00f6\u00dferte Darstellung wird durch das Anklicken der Grafik sichtbar.<\/p>","_links":{"self":[{"href":"https:\/\/comein.nrw\/portal\/wp-json\/wp\/v2\/pages\/12267","targetHints":{"allow":["GET"]}}],"collection":[{"href":"https:\/\/comein.nrw\/portal\/wp-json\/wp\/v2\/pages"}],"about":[{"href":"https:\/\/comein.nrw\/portal\/wp-json\/wp\/v2\/types\/page"}],"author":[{"embeddable":true,"href":"https:\/\/comein.nrw\/portal\/wp-json\/wp\/v2\/users\/8"}],"replies":[{"embeddable":true,"href":"https:\/\/comein.nrw\/portal\/wp-json\/wp\/v2\/comments?post=12267"}],"version-history":[{"count":96,"href":"https:\/\/comein.nrw\/portal\/wp-json\/wp\/v2\/pages\/12267\/revisions"}],"predecessor-version":[{"id":19450,"href":"https:\/\/comein.nrw\/portal\/wp-json\/wp\/v2\/pages\/12267\/revisions\/19450"}],"wp:attachment":[{"href":"https:\/\/comein.nrw\/portal\/wp-json\/wp\/v2\/media?parent=12267"}],"curies":[{"name":"wp","href":"https:\/\/api.w.org\/{rel}","templated":true}]}}