{"id":13603,"date":"2021-05-03T13:47:15","date_gmt":"2021-05-03T11:47:15","guid":{"rendered":"https:\/\/comein.nrw\/portal\/?page_id=13603"},"modified":"2023-11-09T08:15:52","modified_gmt":"2023-11-09T07:15:52","slug":"oeffentlichkeitsberichte","status":"publish","type":"page","link":"https:\/\/comein.nrw\/portal\/berichte\/oeffentlichkeitsberichte\/","title":{"rendered":"\u00d6ffentlichkeitsberichte"},"content":{"rendered":"<!--themify_builder_content-->\n<div id=\"themify_builder_content-13603\" data-postid=\"13603\" class=\"themify_builder_content themify_builder_content-13603 themify_builder tf_clear\">\n    \t<!-- module_row -->\n\t<div  data-css_id=\"ysqp942\" data-lazy=\"1\" class=\"module_row themify_builder_row fullwidth tb_ysqp942 tb_first tf_clearfix\" >\n\t    \t\t<div class=\"row_inner col_align_top col-count-1 tf_box tf_w tf_rel\">\n\t\t\t<div  data-lazy=\"1\" class=\"module_column tb-column col-full first tb_u3hn943 tf_box\">\n\t\t\t    \t        <div class=\"tb-column-inner tf_box tf_w\">\n\t\t    <!-- module image -->\n<div  class=\"module module-image tb_bgcy690   image-top tf_mw\" data-lazy=\"1\">\n        <div class=\"image-wrap tf_rel tf_mw\">\n\t\t    <img loading=\"lazy\" decoding=\"async\" width=\"2560\" height=\"457\" src=\"https:\/\/comein.nrw\/portal\/wp-content\/uploads\/2021\/11\/Banner-Website-ComeIn-BERICHTE-scaled.jpg\" class=\"wp-post-image wp-image-16449\" alt=\"Das Banner zeigt den Schriftzug &quot;Berichte&quot;.\" srcset=\"https:\/\/comein.nrw\/portal\/wp-content\/uploads\/2021\/11\/Banner-Website-ComeIn-BERICHTE-scaled.jpg 2560w, https:\/\/comein.nrw\/portal\/wp-content\/uploads\/2021\/11\/Banner-Website-ComeIn-BERICHTE-300x54.jpg 300w, https:\/\/comein.nrw\/portal\/wp-content\/uploads\/2021\/11\/Banner-Website-ComeIn-BERICHTE-1024x183.jpg 1024w, https:\/\/comein.nrw\/portal\/wp-content\/uploads\/2021\/11\/Banner-Website-ComeIn-BERICHTE-768x137.jpg 768w, https:\/\/comein.nrw\/portal\/wp-content\/uploads\/2021\/11\/Banner-Website-ComeIn-BERICHTE-1536x274.jpg 1536w, https:\/\/comein.nrw\/portal\/wp-content\/uploads\/2021\/11\/Banner-Website-ComeIn-BERICHTE-2048x366.jpg 2048w\" sizes=\"auto, (max-width: 2560px) 100vw, 2560px\" \/>\t\n\t\t<\/div>\n\t<!-- \/image-wrap -->\n    \n    \t<\/div>\n<!-- \/module image -->\t        <\/div>\n\t    \t<\/div>\n\t\t    <\/div>\n\t    <!-- \/row_inner -->\n\t<\/div>\n\t<!-- \/module_row -->\n\t\t<!-- module_row -->\n\t<div  data-tablet_landscape-padding=\"30px,30px\" data-tablet-padding=\"10px,10px\" data-mobile-padding=\"5px,5px\" data-desktop-padding=\"100px,100px\" data-css_id=\"s4ze388\" data-lazy=\"1\" class=\"module_row themify_builder_row repeat fullwidth_row_container tb_s4ze388 tf_clearfix\" >\n\t    \t\t<div class=\"row_inner col_align_top col-count-1 tf_box tf_w tf_rel\">\n\t\t\t<div  data-lazy=\"1\" class=\"module_column tb-column col-full first tb_vmpx389 tf_box\">\n\t\t\t    \t        <div class=\"tb-column-inner tf_box tf_w\">\n\t\t    <!-- module fancy heading -->\n<div  class=\"module module-fancy-heading tb_szxs389 \" data-lazy=\"1\">\n        <h1 class=\"fancy-heading tf_textc\">\n    <span class=\"main-head tf_block\">\n\t\t\t\t\t\t\t    <\/span>\n\n\t\n    <span class=\"sub-head tf_block tf_rel\">\n\t\t\t\t\t\u00d6ffentlichkeitsbericht des Projekts ComeIn f\u00fcr das Berichtsjahr 2022\t\t    <\/span>\n    <\/h1>\n<\/div>\n<!-- \/module fancy heading -->\n<!-- module link_block -->\n<div  class=\"module module-link-block tb_nwet458 icon-center solid  tf_textc\" data-lazy=\"1\">\n        <a href=\"https:\/\/comein.nrw\/portal\/wp-content\/uploads\/2023\/05\/Oeffentlichkeitsbericht-ComeIn-2022-FKZ-01-JA-2033-A-L.pdf\" class=\"tf_clearfix tb_link_block_container ui tb_default_color themify_lightbox\">\n        \t\t<div class=\"tf-lb-content tf_right\">\n\t\t\t\t\t\t\t\t\t\t<span class=\"tb_link_block_heading tf_block\">\u00d6ffentlichkeitsbericht 2022<\/span>\n\t\t\t\t\t\t\t\t<\/div>\n    <\/a>\n<\/div>\n<!-- \/module buttons -->\n\t        <\/div>\n\t    \t<\/div>\n\t\t    <\/div>\n\t    <!-- \/row_inner -->\n\t<\/div>\n\t<!-- \/module_row -->\n\t\t<!-- module_row -->\n\t<div  data-tablet_landscape-padding=\"30px,30px\" data-tablet-padding=\"10px,10px\" data-mobile-padding=\"5px,5px\" data-desktop-padding=\"100px,100px\" data-css_id=\"oj3v856\" data-lazy=\"1\" class=\"module_row themify_builder_row repeat fullwidth_row_container tb_oj3v856 tf_clearfix\" >\n\t    \t\t<div class=\"row_inner col_align_top col-count-1 tf_box tf_w tf_rel\">\n\t\t\t<div  data-lazy=\"1\" class=\"module_column tb-column col-full first tb_s7fx856 tf_box\">\n\t\t\t    \t        <div class=\"tb-column-inner tf_box tf_w\">\n\t\t    <!-- module fancy heading -->\n<div  class=\"module module-fancy-heading tb_k8ds856 \" data-lazy=\"1\">\n        <h1 class=\"fancy-heading tf_textc\">\n    <span class=\"main-head tf_block\">\n\t\t\t\t\t\t\t    <\/span>\n\n\t\n    <span class=\"sub-head tf_block tf_rel\">\n\t\t\t\t\t\u00d6ffentlichkeitsbericht des Projekts ComeIn f\u00fcr das Berichtsjahr 2021\t\t    <\/span>\n    <\/h1>\n<\/div>\n<!-- \/module fancy heading -->\n<!-- module link_block -->\n<div  class=\"module module-link-block tb_5lm5120 icon-center solid  tf_textc\" data-lazy=\"1\">\n        <a href=\"https:\/\/comein.nrw\/portal\/wp-content\/uploads\/2022\/05\/Oeffentlichkeitsbericht-ComeIn-2021-FKZ-01-JA-2033-A-L.pdf\" class=\"tf_clearfix tb_link_block_container ui tb_default_color themify_lightbox\">\n        \t\t<div class=\"tf-lb-content tf_right\">\n\t\t\t\t\t\t\t\t\t\t<span class=\"tb_link_block_heading tf_block\">\u00d6ffentlichkeitsbericht 2021<\/span>\n\t\t\t\t\t\t\t\t<\/div>\n    <\/a>\n<\/div>\n<!-- \/module buttons -->\n\t        <\/div>\n\t    \t<\/div>\n\t\t    <\/div>\n\t    <!-- \/row_inner -->\n\t<\/div>\n\t<!-- \/module_row -->\n\t\t<!-- module_row -->\n\t<div  data-tablet_landscape-padding=\"30px,30px\" data-tablet-padding=\"10px,10px\" data-mobile-padding=\"5px,5px\" data-desktop-padding=\"100px,100px\" data-css_id=\"p4rc770\" data-lazy=\"1\" class=\"module_row themify_builder_row repeat fullwidth_row_container tb_p4rc770 tf_clearfix\" >\n\t    \t\t<div class=\"row_inner col_align_top col-count-1 tf_box tf_w tf_rel\">\n\t\t\t<div  data-lazy=\"1\" class=\"module_column tb-column col-full first tb_3zfa770 tf_box\">\n\t\t\t    \t        <div class=\"tb-column-inner tf_box tf_w\">\n\t\t    <!-- module fancy heading -->\n<div  class=\"module module-fancy-heading tb_7brq771 \" data-lazy=\"1\">\n        <h1 class=\"fancy-heading tf_textc\">\n    <span class=\"main-head tf_block\">\n\t\t\t\t\t\t\t    <\/span>\n\n\t\n    <span class=\"sub-head tf_block tf_rel\">\n\t\t\t\t\t\u00d6ffentlichkeitsbericht des Projekts ComeIn f\u00fcr das Berichtsjahr 2020\t\t    <\/span>\n    <\/h1>\n<\/div>\n<!-- \/module fancy heading -->\n<!-- module link_block -->\n<div  class=\"module module-link-block tb_07u9865 icon-center solid  tf_textc\" data-lazy=\"1\">\n        <a href=\"https:\/\/comein.nrw\/portal\/wp-content\/uploads\/2021\/06\/Oeffentlichkeitsbericht_DLR_Final_Klein.pdf\" class=\"tf_clearfix tb_link_block_container ui tb_default_color themify_lightbox\">\n        \t\t<div class=\"tf-lb-content tf_right\">\n\t\t\t\t\t\t\t\t\t\t<span class=\"tb_link_block_heading tf_block\">\u00d6ffentlichkeitsbericht 2020<\/span>\n\t\t\t\t\t\t\t\t<\/div>\n    <\/a>\n<\/div>\n<!-- \/module buttons -->\n\t        <\/div>\n\t    \t<\/div>\n\t\t    <\/div>\n\t    <!-- \/row_inner -->\n\t<\/div>\n\t<!-- \/module_row -->\n\t<\/div>\n<!--\/themify_builder_content-->","protected":false},"excerpt":{"rendered":"","protected":false},"author":12,"featured_media":0,"parent":20279,"menu_order":0,"comment_status":"closed","ping_status":"closed","template":"","meta":{"es_repo_domain":"https:\/\/redaktion.openeduhub.net\/edu-sharing\/","es_repo_ticket":"","es_plugin_url":"https:\/\/comein.nrw\/portal\/wp-content\/plugins","footnotes":""},"class_list":["post-13603","page","type-page","status-publish","hentry","has-post-title","has-post-date","has-post-category","has-post-tag","has-post-comment","has-post-author",""],"builder_content":"<img loading=\"lazy\" decoding=\"async\" width=\"2560\" height=\"457\" src=\"https:\/\/comein.nrw\/portal\/wp-content\/uploads\/2021\/11\/Banner-Website-ComeIn-BERICHTE-scaled.jpg\" alt=\"Das Banner zeigt den Schriftzug &quot;Berichte&quot;.\" srcset=\"https:\/\/comein.nrw\/portal\/wp-content\/uploads\/2021\/11\/Banner-Website-ComeIn-BERICHTE-scaled.jpg 2560w, https:\/\/comein.nrw\/portal\/wp-content\/uploads\/2021\/11\/Banner-Website-ComeIn-BERICHTE-300x54.jpg 300w, https:\/\/comein.nrw\/portal\/wp-content\/uploads\/2021\/11\/Banner-Website-ComeIn-BERICHTE-1024x183.jpg 1024w, https:\/\/comein.nrw\/portal\/wp-content\/uploads\/2021\/11\/Banner-Website-ComeIn-BERICHTE-768x137.jpg 768w, https:\/\/comein.nrw\/portal\/wp-content\/uploads\/2021\/11\/Banner-Website-ComeIn-BERICHTE-1536x274.jpg 1536w, https:\/\/comein.nrw\/portal\/wp-content\/uploads\/2021\/11\/Banner-Website-ComeIn-BERICHTE-2048x366.jpg 2048w\" sizes=\"auto, (max-width: 2560px) 100vw, 2560px\" \/>\n<h1><br\/>\u00d6ffentlichkeitsbericht des Projekts ComeIn f\u00fcr das Berichtsjahr 2022<\/h1>\n<a href=\"https:\/\/comein.nrw\/portal\/wp-content\/uploads\/2023\/05\/Oeffentlichkeitsbericht-ComeIn-2022-FKZ-01-JA-2033-A-L.pdf\"> \u00d6ffentlichkeitsbericht 2022 <\/a>\n<h1><br\/>\u00d6ffentlichkeitsbericht des Projekts ComeIn f\u00fcr das Berichtsjahr 2021<\/h1>\n<a href=\"https:\/\/comein.nrw\/portal\/wp-content\/uploads\/2022\/05\/Oeffentlichkeitsbericht-ComeIn-2021-FKZ-01-JA-2033-A-L.pdf\"> \u00d6ffentlichkeitsbericht 2021 <\/a>\n<h1><br\/>\u00d6ffentlichkeitsbericht des Projekts ComeIn f\u00fcr das Berichtsjahr 2020<\/h1>\n<a href=\"https:\/\/comein.nrw\/portal\/wp-content\/uploads\/2021\/06\/Oeffentlichkeitsbericht_DLR_Final_Klein.pdf\"> \u00d6ffentlichkeitsbericht 2020 <\/a>\n<h1><br\/>Weitere Berichte zur Qualit\u00e4tssicherung im Verbundvorhaben ComeIn<\/h1>\nDie Qualit\u00e4tssicherung im Verbundvorhaben Communities of Practice f\u00fcr eine innovative Lehrerbildung NRW (ComeIn) Fragestellungen und Design der Qualit\u00e4tssicherungsberichte\nDie Qualit\u00e4tssicherung der ComeIn-Ressourcen im Verbundvorhaben Communities of Practice f\u00fcr eine innovative Lehrerbildung NRW (ComeIn)\nVerbundprojekt ,Communities of Practice NRW \u2013 f\u00fcr eine Innovative Lehrerbildung\u2019 (ComeIn) Ergebnisse des verbundinternen Audits","_links":{"self":[{"href":"https:\/\/comein.nrw\/portal\/wp-json\/wp\/v2\/pages\/13603","targetHints":{"allow":["GET"]}}],"collection":[{"href":"https:\/\/comein.nrw\/portal\/wp-json\/wp\/v2\/pages"}],"about":[{"href":"https:\/\/comein.nrw\/portal\/wp-json\/wp\/v2\/types\/page"}],"author":[{"embeddable":true,"href":"https:\/\/comein.nrw\/portal\/wp-json\/wp\/v2\/users\/12"}],"replies":[{"embeddable":true,"href":"https:\/\/comein.nrw\/portal\/wp-json\/wp\/v2\/comments?post=13603"}],"version-history":[{"count":49,"href":"https:\/\/comein.nrw\/portal\/wp-json\/wp\/v2\/pages\/13603\/revisions"}],"predecessor-version":[{"id":20280,"href":"https:\/\/comein.nrw\/portal\/wp-json\/wp\/v2\/pages\/13603\/revisions\/20280"}],"up":[{"embeddable":true,"href":"https:\/\/comein.nrw\/portal\/wp-json\/wp\/v2\/pages\/20279"}],"wp:attachment":[{"href":"https:\/\/comein.nrw\/portal\/wp-json\/wp\/v2\/media?parent=13603"}],"curies":[{"name":"wp","href":"https:\/\/api.w.org\/{rel}","templated":true}]}}