{"id":17137,"date":"2022-02-02T13:21:10","date_gmt":"2022-02-02T12:21:10","guid":{"rendered":"https:\/\/comein.nrw\/portal\/?page_id=17137"},"modified":"2023-03-08T09:48:30","modified_gmt":"2023-03-08T08:48:30","slug":"tddl-2022-mese","status":"publish","type":"page","link":"https:\/\/comein.nrw\/portal\/tag-der-digitalen-lehrkraeftebildung-2022\/tddl-2022-mese\/","title":{"rendered":"TddL 2022: MeSE"},"content":{"rendered":"<!--themify_builder_content-->\n<div id=\"themify_builder_content-17137\" data-postid=\"17137\" class=\"themify_builder_content themify_builder_content-17137 themify_builder tf_clear\">\n    \t<!-- module_row -->\n\t<div  data-css_id=\"gdc9207\" data-lazy=\"1\" class=\"module_row themify_builder_row fullwidth tb_gdc9207 tb_first tf_clearfix\" >\n\t    \t\t<div class=\"row_inner col_align_top col-count-1 tf_box tf_w tf_rel\">\n\t\t\t<div  data-lazy=\"1\" class=\"module_column tb-column col-full first tb_ikpc208 tf_box\">\n\t\t\t    \t        <div class=\"tb-column-inner tf_box tf_w\">\n\t\t    <!-- module image -->\n<div  class=\"module module-image tb_br0q208   image-top tf_mw\" data-lazy=\"1\">\n        <div class=\"image-wrap tf_rel tf_mw\">\n\t\t    <img loading=\"lazy\" decoding=\"async\" width=\"2560\" height=\"345\" src=\"https:\/\/comein.nrw\/portal\/wp-content\/uploads\/2022\/01\/Workshop-Banner-scaled.jpg\" class=\"wp-post-image wp-image-16961\" alt=\"Die Grafik zeigt den Schriftzug &quot;Workshop. Tag der digitalen Lehrkr\u00e4ftebildung 2022&quot;.\" srcset=\"https:\/\/comein.nrw\/portal\/wp-content\/uploads\/2022\/01\/Workshop-Banner-scaled.jpg 2560w, https:\/\/comein.nrw\/portal\/wp-content\/uploads\/2022\/01\/Workshop-Banner-300x40.jpg 300w, https:\/\/comein.nrw\/portal\/wp-content\/uploads\/2022\/01\/Workshop-Banner-1024x138.jpg 1024w, https:\/\/comein.nrw\/portal\/wp-content\/uploads\/2022\/01\/Workshop-Banner-768x103.jpg 768w, https:\/\/comein.nrw\/portal\/wp-content\/uploads\/2022\/01\/Workshop-Banner-1536x207.jpg 1536w, https:\/\/comein.nrw\/portal\/wp-content\/uploads\/2022\/01\/Workshop-Banner-2048x276.jpg 2048w\" sizes=\"auto, (max-width: 2560px) 100vw, 2560px\" \/>\t\n\t\t<\/div>\n\t<!-- \/image-wrap -->\n    \n    \t<\/div>\n<!-- \/module image -->\t        <\/div>\n\t    \t<\/div>\n\t\t    <\/div>\n\t    <!-- \/row_inner -->\n\t<\/div>\n\t<!-- \/module_row -->\n\t\t<!-- module_row -->\n\t<div  data-css_id=\"7yml207\" data-lazy=\"1\" class=\"module_row themify_builder_row fullwidth tb_7yml207 tf_clearfix\" >\n\t    \t\t<div class=\"row_inner col_align_top col-count-1 tf_box tf_w tf_rel\">\n\t\t\t<div  data-lazy=\"1\" class=\"module_column tb-column col-full first tb_c4es208 tf_box\">\n\t\t\t    \t        <div class=\"tb-column-inner tf_box tf_w\">\n\t\t    <!-- module text -->\n<div  class=\"module module-text tb_2d5a209   \" data-lazy=\"1\">\n        <div  class=\"tb_text_wrap\">\n    <h3><span style=\"color: #004c93;\"><strong><br>Community of Practice: <\/strong>Medienbezogene Schulentwicklung<\/span><\/h3>\n<p><strong>Titel des Workshops:<br><\/strong>Medienbezogene Schulentwicklung \u2013 vier phasen\u00fcbergreifend entwickelte digitale Ressourcen f\u00fcr die Zukunft der Lehrkr\u00e4ftebildung<\/p>\n<p><strong>Uhrzeit: <\/strong>15:00-16:30 Uhr<\/p>\n<p><strong>Durchf\u00fchrende\u00a0<\/strong><strong>Personen:<br><\/strong>Prof. Dr. Bardo Herzig (Universit\u00e4t Paderborn)<br>Prof. Dr. Birgit Eickelmann (Universit\u00e4t Paderborn)<br>Dr. Johanna Schulze (Universit\u00e4t Paderborn)<br>Christian Friebe (Universit\u00e4t zu K\u00f6ln)<br>Harald Melching (Bezirksregierung M\u00fcnster)<br>Prof. Dr. Nicole Naeve-Sto\u00df (Universit\u00e4t zu K\u00f6ln)<br>Prof. Dr. Jutta Standop (Universit\u00e4t Bonn)<\/p>\n<p><b>Ressource(n):<br><\/b><\/p>\n<ol>\n<li style=\"list-style-type: none;\">\n<ol>\n<li>Online-Selbstlernkurs: Agile Medienkonzeptarbeit als Schulentwicklungsinstrument im Zuge der Digitalisierung<\/li>\n<li>MOOC: Bildungsgerechte Schulentwicklung im Zuge der Digitalisierung<\/li>\n<li>Konzept: Kollegiale Kooperation zum lernf\u00f6rderlichen Medieneinsatz im Unterricht am Beispiel der Einf\u00fchrung von Flipped Classroom \u2013 eine mediendidaktische Chance<\/li>\n<li>Konzept: Kollaboratives Lernen mit digitalen Medien national und international<\/li>\n<\/ol>\n<\/li>\n<\/ol>\n<p><strong>Inhalt des Workshops:<br><\/strong><\/p>\n<p>Die zukunftsf\u00e4hige Gestaltung von Schule in einer digitalisierten Welt ist Aufgabe aller Lehrkr\u00e4fte und explizit schulischer Akteur*innen mit Leitungsfunktionen (z.B. Schulleitungen). Damit einher geht das Erfordernis zur Aus- und Fortbildung grundlegender Kompetenzen f\u00fcr die Umsetzung medienbezogener Schulentwicklungsprozesse.<\/p>\n<p>Die phasen\u00fcbergreifend arbeitende Wissensgemeinschaft der CoP Medienbezogene Schulentwicklung (kurz: CoP MeSE) widmet sich diesem Bestreben und entwickelt und erprobt derzeit vier Konzepte und\/oder digitale Ressourcen f\u00fcr die phasen\u00fcbergreifende Lehrkr\u00e4ftebildung zur F\u00f6rderung digitalisierungsbezogener Kompetenzen zu diesem fach\u00fcbergreifenden Themenfeld. Insgesamt k\u00f6nnen durch die Prozesse der Zusammenarbeit der CoP MeSE Ressourcen verzeichnet werden, die thematisch und methodisch sowohl einen Online-Selbstlernkurs zur agilen Medienkonzeptarbeit und einen Massive Open Online Course (MOOC) zur bildungsgerechten Schulentwicklung im Zuge der Digitalisierung als auch ein Konzept zur kollegiale Kooperation zum lernf\u00f6rderlichen Medieneinsatz im Unterricht am Beispiel der Einf\u00fchrung von Flipped Classroom und einem Seminarkonzept zum kollaboratives Lernen mit digitalen Medien national und international umfassen.<\/p>\n<p>Der Workshop verfolgt neben der Vorstellung des Arbeitsstandes der CoP MeSE nach eineinhalb Projektjahren das \u00fcbergeordnete Ziel, die vier Ressourcen in ihrem aktuellen Arbeitsstand vor- und zur Diskussion zu stellen (z.B. hinsichtlich deren Einsetzbarkeit in der Praxis). Die Durchf\u00fchrung des Workshops erfolgt dabei interaktiv, sodass einerseits die Vorstellungen und Diskussionen der Ressourcen in Kleingruppen und separaten Breakout Rooms erfolgen und andererseits die gesamte Umsetzung des Workshops durch eine digitale Plattform vorbereitend und begleitend unterst\u00fctzt wird (Infos erfolgen nach Anmeldung).<\/p>    <\/div>\n<\/div>\n<!-- \/module text -->\t        <\/div>\n\t    \t<\/div>\n\t\t    <\/div>\n\t    <!-- \/row_inner -->\n\t<\/div>\n\t<!-- \/module_row -->\n\t<\/div>\n<!--\/themify_builder_content-->","protected":false},"excerpt":{"rendered":"<p>Community of Practice: Medienbezogene Schulentwicklung Titel des Workshops:Medienbezogene Schulentwicklung \u2013 vier phasen\u00fcbergreifend entwickelte digitale Ressourcen f\u00fcr die Zukunft der Lehrkr\u00e4ftebildung Uhrzeit: 15:00-16:30 Uhr Durchf\u00fchrende\u00a0Personen:Prof. Dr. Bardo Herzig (Universit\u00e4t Paderborn)Prof. Dr. Birgit Eickelmann (Universit\u00e4t Paderborn)Dr. Johanna Schulze (Universit\u00e4t Paderborn)Christian Friebe (Universit\u00e4t zu K\u00f6ln)Harald Melching (Bezirksregierung M\u00fcnster)Prof. Dr. Nicole Naeve-Sto\u00df (Universit\u00e4t zu K\u00f6ln)Prof. Dr. Jutta Standop (Universit\u00e4t [&hellip;]<\/p>\n","protected":false},"author":12,"featured_media":0,"parent":17021,"menu_order":0,"comment_status":"closed","ping_status":"closed","template":"","meta":{"es_repo_domain":"","es_repo_ticket":"","es_plugin_url":"","footnotes":""},"class_list":["post-17137","page","type-page","status-publish","hentry","has-post-title","has-post-date","has-post-category","has-post-tag","has-post-comment","has-post-author",""],"builder_content":"<img loading=\"lazy\" decoding=\"async\" width=\"2560\" height=\"345\" src=\"https:\/\/comein.nrw\/portal\/wp-content\/uploads\/2022\/01\/Workshop-Banner-scaled.jpg\" alt=\"Die Grafik zeigt den Schriftzug &quot;Workshop. Tag der digitalen Lehrkr\u00e4ftebildung 2022&quot;.\" srcset=\"https:\/\/comein.nrw\/portal\/wp-content\/uploads\/2022\/01\/Workshop-Banner-scaled.jpg 2560w, https:\/\/comein.nrw\/portal\/wp-content\/uploads\/2022\/01\/Workshop-Banner-300x40.jpg 300w, https:\/\/comein.nrw\/portal\/wp-content\/uploads\/2022\/01\/Workshop-Banner-1024x138.jpg 1024w, https:\/\/comein.nrw\/portal\/wp-content\/uploads\/2022\/01\/Workshop-Banner-768x103.jpg 768w, https:\/\/comein.nrw\/portal\/wp-content\/uploads\/2022\/01\/Workshop-Banner-1536x207.jpg 1536w, https:\/\/comein.nrw\/portal\/wp-content\/uploads\/2022\/01\/Workshop-Banner-2048x276.jpg 2048w\" sizes=\"auto, (max-width: 2560px) 100vw, 2560px\" \/>\n<h3><strong><br>Community of Practice: <\/strong>Medienbezogene Schulentwicklung<\/h3> <p><strong>Titel des Workshops:<br><\/strong>Medienbezogene Schulentwicklung \u2013 vier phasen\u00fcbergreifend entwickelte digitale Ressourcen f\u00fcr die Zukunft der Lehrkr\u00e4ftebildung<\/p> <p><strong>Uhrzeit: <\/strong>15:00-16:30 Uhr<\/p> <p><strong>Durchf\u00fchrende\u00a0<\/strong><strong>Personen:<br><\/strong>Prof. Dr. Bardo Herzig (Universit\u00e4t Paderborn)<br>Prof. Dr. Birgit Eickelmann (Universit\u00e4t Paderborn)<br>Dr. Johanna Schulze (Universit\u00e4t Paderborn)<br>Christian Friebe (Universit\u00e4t zu K\u00f6ln)<br>Harald Melching (Bezirksregierung M\u00fcnster)<br>Prof. Dr. Nicole Naeve-Sto\u00df (Universit\u00e4t zu K\u00f6ln)<br>Prof. Dr. Jutta Standop (Universit\u00e4t Bonn)<\/p> <p><b>Ressource(n):<br><\/b><\/p> <ol> <li style=\"list-style-type: none;\"> <ol> <li>Online-Selbstlernkurs: Agile Medienkonzeptarbeit als Schulentwicklungsinstrument im Zuge der Digitalisierung<\/li> <li>MOOC: Bildungsgerechte Schulentwicklung im Zuge der Digitalisierung<\/li> <li>Konzept: Kollegiale Kooperation zum lernf\u00f6rderlichen Medieneinsatz im Unterricht am Beispiel der Einf\u00fchrung von Flipped Classroom \u2013 eine mediendidaktische Chance<\/li> <li>Konzept: Kollaboratives Lernen mit digitalen Medien national und international<\/li> <\/ol> <\/li> <\/ol> <p><strong>Inhalt des Workshops:<br><\/strong><\/p> <p>Die zukunftsf\u00e4hige Gestaltung von Schule in einer digitalisierten Welt ist Aufgabe aller Lehrkr\u00e4fte und explizit schulischer Akteur*innen mit Leitungsfunktionen (z.B. Schulleitungen). Damit einher geht das Erfordernis zur Aus- und Fortbildung grundlegender Kompetenzen f\u00fcr die Umsetzung medienbezogener Schulentwicklungsprozesse.<\/p> <p>Die phasen\u00fcbergreifend arbeitende Wissensgemeinschaft der CoP Medienbezogene Schulentwicklung (kurz: CoP MeSE) widmet sich diesem Bestreben und entwickelt und erprobt derzeit vier Konzepte und\/oder digitale Ressourcen f\u00fcr die phasen\u00fcbergreifende Lehrkr\u00e4ftebildung zur F\u00f6rderung digitalisierungsbezogener Kompetenzen zu diesem fach\u00fcbergreifenden Themenfeld. Insgesamt k\u00f6nnen durch die Prozesse der Zusammenarbeit der CoP MeSE Ressourcen verzeichnet werden, die thematisch und methodisch sowohl einen Online-Selbstlernkurs zur agilen Medienkonzeptarbeit und einen Massive Open Online Course (MOOC) zur bildungsgerechten Schulentwicklung im Zuge der Digitalisierung als auch ein Konzept zur kollegiale Kooperation zum lernf\u00f6rderlichen Medieneinsatz im Unterricht am Beispiel der Einf\u00fchrung von Flipped Classroom und einem Seminarkonzept zum kollaboratives Lernen mit digitalen Medien national und international umfassen.<\/p> <p>Der Workshop verfolgt neben der Vorstellung des Arbeitsstandes der CoP MeSE nach eineinhalb Projektjahren das \u00fcbergeordnete Ziel, die vier Ressourcen in ihrem aktuellen Arbeitsstand vor- und zur Diskussion zu stellen (z.B. hinsichtlich deren Einsetzbarkeit in der Praxis). Die Durchf\u00fchrung des Workshops erfolgt dabei interaktiv, sodass einerseits die Vorstellungen und Diskussionen der Ressourcen in Kleingruppen und separaten Breakout Rooms erfolgen und andererseits die gesamte Umsetzung des Workshops durch eine digitale Plattform vorbereitend und begleitend unterst\u00fctzt wird (Infos erfolgen nach Anmeldung).<\/p>\n<a href=\"https:\/\/zlb.uni-due.de\/tag-der-digitalen-lehrkraeftebildung-anmeldung\/\" target=\"_blank\" rel=\"noopener\"> Zur Anmeldung <\/a>","_links":{"self":[{"href":"https:\/\/comein.nrw\/portal\/wp-json\/wp\/v2\/pages\/17137","targetHints":{"allow":["GET"]}}],"collection":[{"href":"https:\/\/comein.nrw\/portal\/wp-json\/wp\/v2\/pages"}],"about":[{"href":"https:\/\/comein.nrw\/portal\/wp-json\/wp\/v2\/types\/page"}],"author":[{"embeddable":true,"href":"https:\/\/comein.nrw\/portal\/wp-json\/wp\/v2\/users\/12"}],"replies":[{"embeddable":true,"href":"https:\/\/comein.nrw\/portal\/wp-json\/wp\/v2\/comments?post=17137"}],"version-history":[{"count":10,"href":"https:\/\/comein.nrw\/portal\/wp-json\/wp\/v2\/pages\/17137\/revisions"}],"predecessor-version":[{"id":18207,"href":"https:\/\/comein.nrw\/portal\/wp-json\/wp\/v2\/pages\/17137\/revisions\/18207"}],"up":[{"embeddable":true,"href":"https:\/\/comein.nrw\/portal\/wp-json\/wp\/v2\/pages\/17021"}],"wp:attachment":[{"href":"https:\/\/comein.nrw\/portal\/wp-json\/wp\/v2\/media?parent=17137"}],"curies":[{"name":"wp","href":"https:\/\/api.w.org\/{rel}","templated":true}]}}