{"id":17151,"date":"2022-02-02T13:21:31","date_gmt":"2022-02-02T12:21:31","guid":{"rendered":"https:\/\/comein.nrw\/portal\/?page_id=17151"},"modified":"2023-03-08T09:48:39","modified_gmt":"2023-03-08T08:48:39","slug":"tddl-2022-mint","status":"publish","type":"page","link":"https:\/\/comein.nrw\/portal\/tag-der-digitalen-lehrkraeftebildung-2022\/tddl-2022-mint\/","title":{"rendered":"TddL 2022: MINT"},"content":{"rendered":"<!--themify_builder_content-->\n<div id=\"themify_builder_content-17151\" data-postid=\"17151\" class=\"themify_builder_content themify_builder_content-17151 themify_builder tf_clear\">\n    \t<!-- module_row -->\n\t<div  data-css_id=\"6qa0821\" data-lazy=\"1\" class=\"module_row themify_builder_row fullwidth tb_6qa0821 tb_first tf_clearfix\" >\n\t    \t\t<div class=\"row_inner col_align_top col-count-1 tf_box tf_w tf_rel\">\n\t\t\t<div  data-lazy=\"1\" class=\"module_column tb-column col-full first tb_ew20822 tf_box\">\n\t\t\t    \t        <div class=\"tb-column-inner tf_box tf_w\">\n\t\t    <!-- module image -->\n<div  class=\"module module-image tb_q0fg822   image-top tf_mw\" data-lazy=\"1\">\n        <div class=\"image-wrap tf_rel tf_mw\">\n\t\t    <img loading=\"lazy\" decoding=\"async\" width=\"2560\" height=\"345\" src=\"https:\/\/comein.nrw\/portal\/wp-content\/uploads\/2022\/01\/Workshop-Banner-scaled.jpg\" class=\"wp-post-image wp-image-16961\" alt=\"Die Grafik zeigt den Schriftzug &quot;Workshop. Tag der digitalen Lehrkr\u00e4ftebildung 2022&quot;.\" srcset=\"https:\/\/comein.nrw\/portal\/wp-content\/uploads\/2022\/01\/Workshop-Banner-scaled.jpg 2560w, https:\/\/comein.nrw\/portal\/wp-content\/uploads\/2022\/01\/Workshop-Banner-300x40.jpg 300w, https:\/\/comein.nrw\/portal\/wp-content\/uploads\/2022\/01\/Workshop-Banner-1024x138.jpg 1024w, https:\/\/comein.nrw\/portal\/wp-content\/uploads\/2022\/01\/Workshop-Banner-768x103.jpg 768w, https:\/\/comein.nrw\/portal\/wp-content\/uploads\/2022\/01\/Workshop-Banner-1536x207.jpg 1536w, https:\/\/comein.nrw\/portal\/wp-content\/uploads\/2022\/01\/Workshop-Banner-2048x276.jpg 2048w\" sizes=\"auto, (max-width: 2560px) 100vw, 2560px\" \/>\t\n\t\t<\/div>\n\t<!-- \/image-wrap -->\n    \n    \t<\/div>\n<!-- \/module image -->\t        <\/div>\n\t    \t<\/div>\n\t\t    <\/div>\n\t    <!-- \/row_inner -->\n\t<\/div>\n\t<!-- \/module_row -->\n\t\t<!-- module_row -->\n\t<div  data-css_id=\"lzmk821\" data-lazy=\"1\" class=\"module_row themify_builder_row fullwidth tb_lzmk821 tf_clearfix\" >\n\t    \t\t<div class=\"row_inner col_align_top col-count-1 tf_box tf_w tf_rel\">\n\t\t\t<div  data-lazy=\"1\" class=\"module_column tb-column col-full first tb_iyvs823 tf_box\">\n\t\t\t    \t        <div class=\"tb-column-inner tf_box tf_w\">\n\t\t    <!-- module text -->\n<div  class=\"module module-text tb_n1dd823   \" data-lazy=\"1\">\n        <div  class=\"tb_text_wrap\">\n    <h3><span style=\"color: #004c93;\"><strong><br>Community of Practice:\u00a0<\/strong>MINT<\/span><\/h3>\n<p><strong>Titel des Workshops:<br><\/strong>MINT-Lehrkr\u00e4fte digital fit \u2013 Von Videos zu Smartphone-Experimenten<\/p>\n<p><strong>Uhrzeit:<\/strong>13:15-14:45 Uhr<\/p>\n<p><strong>Durchf\u00fchrende\u00a0<\/strong><strong>Personen:\u00a0<br><\/strong>Leitungsteam der CoP MINT<\/p>\n<p><b>Ressource(n):<br><\/b>h5p-Selbstlernkurs<br>phyphox<br>MINT und die Farm der Zukunft (Video, Link: <span style=\"color: #004c93;\"><a style=\"color: #004c93;\" href=\"https:\/\/youtu.be\/kTXK7IsTc10\">https:\/\/youtu.be\/kTXK7IsTc10<\/a><\/span>)<br>Checkliste zur Einsch\u00e4tzung von Erkl\u00e4rvideos<\/p>\n<p><strong>Inhalt des Workshops:<br><\/strong>Mit Erkl\u00e4r-\/Lernvideos hat die CoP MINT einen gemeinsamen Arbeitsgegenstand gew\u00e4hlt, an dem sich f\u00e4cher- und phasen\u00fcbergreifend exemplarisch digitalisierungsbezogene Kompetenzen von (angehenden) Lehrkr\u00e4ften f\u00f6rdern lassen. Nach einem gemeinsamen Einstieg in dieses Thema k\u00f6nnen bereits entwickelte Ressourcen erkundet und das Potenzial hinsichtlich einer (Fort)Bildungsperspektive diskutiert werden. Dabei haben Sie die Wahl zwischen folgenden Angeboten:<\/p>\n<p>\u2013 Chemie:\u00a0\u00a0\u00a0 <br>Vorgestellt wird der Stand der Entwicklung eines h5p-Selbstlernkurses f\u00fcr Lehramtsstudierende, Referendare und Lehrkr\u00e4fte und erste inhaltliche und technische \u00dcberlegungen. Ziel des Kurses ist die Vermittlung von fundiertem technischem wie didaktischem Wissen, das den Einsatz von H5P-Content im Unterricht erm\u00f6glichen soll. Hierbei soll dem OER-Gedanken folgend nicht nur selbst-erstellte Lernvideos zu h5p Verwendung finden, sondern in erster Linie auf bereits verf\u00fcgbare, qualitativ hochwertige und frei verf\u00fcgbare Lernvideos und Materialien gesetzt werden. Im Rahmen der Kursentwicklung werden die Bedarfe der einzelnen Phasen zur F\u00f6rderung digitalisierungsbezogener Kompetenzen bedacht und somit eine optimale Verzahnung der Lerninhalte gew\u00e4hrleistet.<\/p>\n<p>\u2013 Physik I:\u00a0\u00a0\u00a0 <br>F\u00fcr die Experimentier-App phyphox wurde eine spezielle, kosteng\u00fcnstige Sensorbox entwickelt, die viele genau justierbaren und gut kontrollierbaren Sensoren beinhaltet. Der Workshop gibt Einblicke in eine Vielzahl von Experimenten mit dem Smartphone (mit und ohne externe Sensoren). Teilnehmende am Workshop sollten bitte phyphox auf ihrem Handy installiert haben.<\/p>\n<p>\u2013 Physik II:\u00a0\u00a0 <br>Mit Experimenten f\u00fcr den Naturwissenschaftlichen Unterricht im digitalen Makerspace\u00a0\u00a0\u00a0\u00a0\u00a0\u00a0 <br>In diesem Unterrichtsprojekt werden die Zusammenh\u00e4nge von Physik und Technik in Verbindung mit modernen Anbaumethoden untersucht. Am Ende sollen die Sch\u00fcler*innen selbst Vorschl\u00e4ge f\u00fcr die Farm der Zukunft entwickeln \u2013 Anbaumethoden, die nicht nur klimafreundlich und grundwasserschonend sind, sondern auch auf den kleinen Farmen des globalen S\u00fcdens genau so funktionieren sollen wie auf unseren Feldern im Norden.<\/p>\n<p>\u2013 Technik\/Mathematik: \u00a0\u00a0\u00a0\u00a0\u00a0\u00a0 <br>Beim vergangenen Tag der digitalen Lehrerbildung wurde ein einfach handhabbares Kriterienraster vorgestellt, mit dessen Hilfe Lehrkr\u00e4fte Erkl\u00e4rvideos f\u00fcr den Unterrichtseinsatz in den F\u00e4chern Technik und Physik beurteilen und ausw\u00e4hlen k\u00f6nnen. Der Workshop greift damalige Anregungen auf und bietet Interessierten aller F\u00e4cher die M\u00f6glichkeit, ihre Ideen in eine Adaption a) f\u00fcr weitere F\u00e4cher (insbesondere f\u00fcr die Mathematik) und b) f\u00fcr die Nutzung durch Sch\u00fcler*innen vorzunehmen.<\/p>\n<p>In einem gemeinsamen Ausblick steht die weitere phasen\u00fcbergreifende Kooperation in der CoP MINT im Fokus.<\/p>    <\/div>\n<\/div>\n<!-- \/module text -->\t        <\/div>\n\t    \t<\/div>\n\t\t    <\/div>\n\t    <!-- \/row_inner -->\n\t<\/div>\n\t<!-- \/module_row -->\n\t<\/div>\n<!--\/themify_builder_content-->","protected":false},"excerpt":{"rendered":"<p>Community of Practice:\u00a0MINT Titel des Workshops:MINT-Lehrkr\u00e4fte digital fit \u2013 Von Videos zu Smartphone-Experimenten Uhrzeit:13:15-14:45 Uhr Durchf\u00fchrende\u00a0Personen:\u00a0Leitungsteam der CoP MINT Ressource(n):h5p-SelbstlernkursphyphoxMINT und die Farm der Zukunft (Video, Link: https:\/\/youtu.be\/kTXK7IsTc10)Checkliste zur Einsch\u00e4tzung von Erkl\u00e4rvideos Inhalt des Workshops:Mit Erkl\u00e4r-\/Lernvideos hat die CoP MINT einen gemeinsamen Arbeitsgegenstand gew\u00e4hlt, an dem sich f\u00e4cher- und phasen\u00fcbergreifend exemplarisch digitalisierungsbezogene Kompetenzen von (angehenden) [&hellip;]<\/p>\n","protected":false},"author":12,"featured_media":0,"parent":17021,"menu_order":0,"comment_status":"closed","ping_status":"closed","template":"","meta":{"es_repo_domain":"","es_repo_ticket":"","es_plugin_url":"","footnotes":""},"class_list":["post-17151","page","type-page","status-publish","hentry","has-post-title","has-post-date","has-post-category","has-post-tag","has-post-comment","has-post-author",""],"builder_content":"<img loading=\"lazy\" decoding=\"async\" width=\"2560\" height=\"345\" src=\"https:\/\/comein.nrw\/portal\/wp-content\/uploads\/2022\/01\/Workshop-Banner-scaled.jpg\" alt=\"Die Grafik zeigt den Schriftzug &quot;Workshop. Tag der digitalen Lehrkr\u00e4ftebildung 2022&quot;.\" srcset=\"https:\/\/comein.nrw\/portal\/wp-content\/uploads\/2022\/01\/Workshop-Banner-scaled.jpg 2560w, https:\/\/comein.nrw\/portal\/wp-content\/uploads\/2022\/01\/Workshop-Banner-300x40.jpg 300w, https:\/\/comein.nrw\/portal\/wp-content\/uploads\/2022\/01\/Workshop-Banner-1024x138.jpg 1024w, https:\/\/comein.nrw\/portal\/wp-content\/uploads\/2022\/01\/Workshop-Banner-768x103.jpg 768w, https:\/\/comein.nrw\/portal\/wp-content\/uploads\/2022\/01\/Workshop-Banner-1536x207.jpg 1536w, https:\/\/comein.nrw\/portal\/wp-content\/uploads\/2022\/01\/Workshop-Banner-2048x276.jpg 2048w\" sizes=\"auto, (max-width: 2560px) 100vw, 2560px\" \/>\n<h3><strong><br>Community of Practice:\u00a0<\/strong>MINT<\/h3> <p><strong>Titel des Workshops:<br><\/strong>MINT-Lehrkr\u00e4fte digital fit \u2013 Von Videos zu Smartphone-Experimenten<\/p> <p><strong>Uhrzeit:<\/strong>13:15-14:45 Uhr<\/p> <p><strong>Durchf\u00fchrende\u00a0<\/strong><strong>Personen:\u00a0<br><\/strong>Leitungsteam der CoP MINT<\/p> <p><b>Ressource(n):<br><\/b>h5p-Selbstlernkurs<br>phyphox<br>MINT und die Farm der Zukunft (Video, Link: <a style=\"color: #004c93;\" href=\"https:\/\/youtu.be\/kTXK7IsTc10\">https:\/\/youtu.be\/kTXK7IsTc10<\/a>)<br>Checkliste zur Einsch\u00e4tzung von Erkl\u00e4rvideos<\/p> <p><strong>Inhalt des Workshops:<br><\/strong>Mit Erkl\u00e4r-\/Lernvideos hat die CoP MINT einen gemeinsamen Arbeitsgegenstand gew\u00e4hlt, an dem sich f\u00e4cher- und phasen\u00fcbergreifend exemplarisch digitalisierungsbezogene Kompetenzen von (angehenden) Lehrkr\u00e4ften f\u00f6rdern lassen. Nach einem gemeinsamen Einstieg in dieses Thema k\u00f6nnen bereits entwickelte Ressourcen erkundet und das Potenzial hinsichtlich einer (Fort)Bildungsperspektive diskutiert werden. Dabei haben Sie die Wahl zwischen folgenden Angeboten:<\/p> <p>\u2013 Chemie:\u00a0\u00a0\u00a0 <br>Vorgestellt wird der Stand der Entwicklung eines h5p-Selbstlernkurses f\u00fcr Lehramtsstudierende, Referendare und Lehrkr\u00e4fte und erste inhaltliche und technische \u00dcberlegungen. Ziel des Kurses ist die Vermittlung von fundiertem technischem wie didaktischem Wissen, das den Einsatz von H5P-Content im Unterricht erm\u00f6glichen soll. Hierbei soll dem OER-Gedanken folgend nicht nur selbst-erstellte Lernvideos zu h5p Verwendung finden, sondern in erster Linie auf bereits verf\u00fcgbare, qualitativ hochwertige und frei verf\u00fcgbare Lernvideos und Materialien gesetzt werden. Im Rahmen der Kursentwicklung werden die Bedarfe der einzelnen Phasen zur F\u00f6rderung digitalisierungsbezogener Kompetenzen bedacht und somit eine optimale Verzahnung der Lerninhalte gew\u00e4hrleistet.<\/p> <p>\u2013 Physik I:\u00a0\u00a0\u00a0 <br>F\u00fcr die Experimentier-App phyphox wurde eine spezielle, kosteng\u00fcnstige Sensorbox entwickelt, die viele genau justierbaren und gut kontrollierbaren Sensoren beinhaltet. Der Workshop gibt Einblicke in eine Vielzahl von Experimenten mit dem Smartphone (mit und ohne externe Sensoren). Teilnehmende am Workshop sollten bitte phyphox auf ihrem Handy installiert haben.<\/p> <p>\u2013 Physik II:\u00a0\u00a0 <br>Mit Experimenten f\u00fcr den Naturwissenschaftlichen Unterricht im digitalen Makerspace\u00a0\u00a0\u00a0\u00a0\u00a0\u00a0 <br>In diesem Unterrichtsprojekt werden die Zusammenh\u00e4nge von Physik und Technik in Verbindung mit modernen Anbaumethoden untersucht. Am Ende sollen die Sch\u00fcler*innen selbst Vorschl\u00e4ge f\u00fcr die Farm der Zukunft entwickeln \u2013 Anbaumethoden, die nicht nur klimafreundlich und grundwasserschonend sind, sondern auch auf den kleinen Farmen des globalen S\u00fcdens genau so funktionieren sollen wie auf unseren Feldern im Norden.<\/p> <p>\u2013 Technik\/Mathematik: \u00a0\u00a0\u00a0\u00a0\u00a0\u00a0 <br>Beim vergangenen Tag der digitalen Lehrerbildung wurde ein einfach handhabbares Kriterienraster vorgestellt, mit dessen Hilfe Lehrkr\u00e4fte Erkl\u00e4rvideos f\u00fcr den Unterrichtseinsatz in den F\u00e4chern Technik und Physik beurteilen und ausw\u00e4hlen k\u00f6nnen. Der Workshop greift damalige Anregungen auf und bietet Interessierten aller F\u00e4cher die M\u00f6glichkeit, ihre Ideen in eine Adaption a) f\u00fcr weitere F\u00e4cher (insbesondere f\u00fcr die Mathematik) und b) f\u00fcr die Nutzung durch Sch\u00fcler*innen vorzunehmen.<\/p> <p>In einem gemeinsamen Ausblick steht die weitere phasen\u00fcbergreifende Kooperation in der CoP MINT im Fokus.<\/p>\n<a href=\"https:\/\/zlb.uni-due.de\/tag-der-digitalen-lehrkraeftebildung-anmeldung\/\" target=\"_blank\" rel=\"noopener\"> Zur Anmeldung <\/a>","_links":{"self":[{"href":"https:\/\/comein.nrw\/portal\/wp-json\/wp\/v2\/pages\/17151","targetHints":{"allow":["GET"]}}],"collection":[{"href":"https:\/\/comein.nrw\/portal\/wp-json\/wp\/v2\/pages"}],"about":[{"href":"https:\/\/comein.nrw\/portal\/wp-json\/wp\/v2\/types\/page"}],"author":[{"embeddable":true,"href":"https:\/\/comein.nrw\/portal\/wp-json\/wp\/v2\/users\/12"}],"replies":[{"embeddable":true,"href":"https:\/\/comein.nrw\/portal\/wp-json\/wp\/v2\/comments?post=17151"}],"version-history":[{"count":13,"href":"https:\/\/comein.nrw\/portal\/wp-json\/wp\/v2\/pages\/17151\/revisions"}],"predecessor-version":[{"id":18195,"href":"https:\/\/comein.nrw\/portal\/wp-json\/wp\/v2\/pages\/17151\/revisions\/18195"}],"up":[{"embeddable":true,"href":"https:\/\/comein.nrw\/portal\/wp-json\/wp\/v2\/pages\/17021"}],"wp:attachment":[{"href":"https:\/\/comein.nrw\/portal\/wp-json\/wp\/v2\/media?parent=17151"}],"curies":[{"name":"wp","href":"https:\/\/api.w.org\/{rel}","templated":true}]}}