{"id":19500,"date":"2023-04-25T09:03:21","date_gmt":"2023-04-25T07:03:21","guid":{"rendered":"https:\/\/comein.nrw\/portal\/?page_id=19500"},"modified":"2023-06-14T14:17:25","modified_gmt":"2023-06-14T12:17:25","slug":"digeo-oer-fuer-muendige-digitale-geomedienbildug","status":"publish","type":"page","link":"https:\/\/comein.nrw\/portal\/cops\/cop-geiwi\/digeo-oer-fuer-muendige-digitale-geomedienbildug\/","title":{"rendered":"DiGeo\u00a0&#8211; OER f\u00fcr m\u00fcndige digitale Geomedienbildug"},"content":{"rendered":"<div style=\"height:100px\" aria-hidden=\"true\" class=\"wp-block-spacer\"><\/div>\n\n\n\n<div class=\"wp-block-columns is-layout-flex wp-container-core-columns-is-layout-9d6595d7 wp-block-columns-is-layout-flex\">\n<div class=\"wp-block-column is-layout-flow wp-block-column-is-layout-flow\">\n<h2 class=\"wp-block-heading\">DiGeo&nbsp;&#8211; OER f\u00fcr m\u00fcndige digitale Geomedienbildung: Reflexion und Reflexivit\u00e4t<\/h2>\n<\/div>\n\n\n\n<div class=\"wp-block-column is-layout-flow wp-block-column-is-layout-flow\">\n<div class=\"wp-block-buttons is-content-justification-right is-layout-flex wp-container-core-buttons-is-layout-765c4724 wp-block-buttons-is-layout-flex\">\n<div class=\"wp-block-button has-custom-font-size has-small-font-size\"><a class=\"wp-block-button__link wp-element-button\" href=\"https:\/\/redaktion.openeduhub.net\/edu-sharing\/components\/render\/3294c98b-9c9e-4446-bf83-4031e8026394\" target=\"_blank\" rel=\"noreferrer noopener\">Nutzungskonzept (PDF)<\/a><\/div>\n\n\n\n<div class=\"wp-block-button has-custom-font-size has-small-font-size\"><a class=\"wp-block-button__link wp-element-button\" href=\"https:\/\/moodle.uni-due.de\/course\/view.php?id=31497\" target=\"_blank\" rel=\"noreferrer noopener\">Zum Kurs (Anmelden als Gast)<\/a><\/div>\n<\/div>\n<\/div>\n<\/div>\n\n\n\n<div class=\"wp-block-columns is-layout-flex wp-container-core-columns-is-layout-9d6595d7 wp-block-columns-is-layout-flex\">\n<div class=\"wp-block-column is-layout-flow wp-block-column-is-layout-flow\">\n<h3 class=\"wp-block-heading\"><strong>Adressat:innen des Nutzungskonzeptes<\/strong><\/h3>\n\n\n\n<p>\u2612 Hochschullehrende<br>\u2612 Seminarleiter:innen \/ <br>Multiplikator:innen f\u00fcr den Vorbereitungsdienst<br>\u2612 Fortbildner:innen \/ <br>Multiplikator:innen f\u00fcr Fortbildung<\/p>\n<\/div>\n\n\n\n<div class=\"wp-block-column is-layout-flow wp-block-column-is-layout-flow\">\n<h3 class=\"wp-block-heading\">Bildungsstufen<\/h3>\n\n\n\n<p>\u2610 Elementarbereich<br>\u2612 Primarstufe<br>\u2612 Sekundarstufe I<br>\u2612 Sekundarstufe II <br>\u2612 Berufliche Bildung<\/p>\n<\/div>\n\n\n\n<div class=\"wp-block-column is-layout-flow wp-block-column-is-layout-flow\">\n<h3 class=\"wp-block-heading\">Fach<\/h3>\n\n\n\n<p>Geographie, <br>einsetzbar in weiteren sozial- bzw. gesellschaftswissenschaftlichen F\u00e4chern<\/p>\n<\/div>\n<\/div>\n\n\n\n<h3 class=\"wp-block-heading\">Kurzbeschreibung<\/h3>\n\n\n\n<p>Wir sind heute im Alltagsleben und auch beruflich in vielf\u00e4ltiger Weise \u201egeomedial eingebunden\u201c. Von raumbezogenen Bewertungsportalen \u00fcber Navigation und Logistik, Monitoring und \u00dcberwachung bis hin zu Computerspielen reicht dabei die Spannweite. Geomedien und Karten sind dabei nicht die Abbildung von Realit\u00e4t, sondern interessensgeleitete Ordnungen und Visualisierungen derselben. Die Lerneinheiten schaffen unterschiedliche Lerngelegenheiten: Auf der einen Seite Techniken, Interessen und Wirkungen der Geomedien kritisch aufzuarbeiten (Reflexion). Auf der anderen Seite werden M\u00f6glichkeiten geboten, den eigenen Geomedienkonsum zu analysieren, zu bewerten und bewusst zu gestalten. Die Lerneinheiten sollen dabei zumindest dem Sinn nach von den Lehrer*innen und angehenden Lehrkr\u00e4ften in die schulische Bildung \u00fcbertragen werden k\u00f6nnen. Dabei beinhaltet DiGeo die folgenden Lerneinheiten: 1.) subjektive Karten, 2.) geomediale Partizipation, 3.) Geoprivacy und Geo-Surveillance, 4.) Technische Konstruktion von Geomedien, 5.) Digital Placemaking, 6.) Raum und Struktur, 7.) Geomediale Diskurse, 8.) Dekonstruktion, 9.) Immanente Kritik, 10.) Fiktion im Raum &amp; Raum als Fiktion.<\/p>\n\n<!--themify_builder_content-->\n<div id=\"themify_builder_content-19500\" data-postid=\"19500\" class=\"themify_builder_content themify_builder_content-19500 themify_builder tf_clear\">\n    <\/div>\n<!--\/themify_builder_content-->","protected":false},"excerpt":{"rendered":"<p>DiGeo&nbsp;&#8211; OER f\u00fcr m\u00fcndige digitale Geomedienbildung: Reflexion und Reflexivit\u00e4t Adressat:innen des Nutzungskonzeptes \u2612 Hochschullehrende\u2612 Seminarleiter:innen \/ Multiplikator:innen f\u00fcr den Vorbereitungsdienst\u2612 Fortbildner:innen \/ Multiplikator:innen f\u00fcr Fortbildung Bildungsstufen \u2610 Elementarbereich\u2612 Primarstufe\u2612 Sekundarstufe I\u2612 Sekundarstufe II \u2612 Berufliche Bildung Fach Geographie, einsetzbar in weiteren sozial- bzw. gesellschaftswissenschaftlichen F\u00e4chern Kurzbeschreibung Wir sind heute im Alltagsleben und auch beruflich in [&hellip;]<\/p>\n","protected":false},"author":23,"featured_media":0,"parent":5690,"menu_order":0,"comment_status":"closed","ping_status":"closed","template":"","meta":{"es_repo_domain":"https:\/\/redaktion.openeduhub.net\/edu-sharing\/","es_repo_ticket":"TICKET_3ec84f8b57478dc7f603bf1f41addbdb7dbdce3f","es_plugin_url":"https:\/\/comein.nrw\/portal\/wp-content\/plugins","footnotes":""},"class_list":["post-19500","page","type-page","status-publish","hentry","has-post-title","has-post-date","has-post-category","has-post-tag","has-post-comment","has-post-author",""],"builder_content":"","_links":{"self":[{"href":"https:\/\/comein.nrw\/portal\/wp-json\/wp\/v2\/pages\/19500","targetHints":{"allow":["GET"]}}],"collection":[{"href":"https:\/\/comein.nrw\/portal\/wp-json\/wp\/v2\/pages"}],"about":[{"href":"https:\/\/comein.nrw\/portal\/wp-json\/wp\/v2\/types\/page"}],"author":[{"embeddable":true,"href":"https:\/\/comein.nrw\/portal\/wp-json\/wp\/v2\/users\/23"}],"replies":[{"embeddable":true,"href":"https:\/\/comein.nrw\/portal\/wp-json\/wp\/v2\/comments?post=19500"}],"version-history":[{"count":9,"href":"https:\/\/comein.nrw\/portal\/wp-json\/wp\/v2\/pages\/19500\/revisions"}],"predecessor-version":[{"id":19812,"href":"https:\/\/comein.nrw\/portal\/wp-json\/wp\/v2\/pages\/19500\/revisions\/19812"}],"up":[{"embeddable":true,"href":"https:\/\/comein.nrw\/portal\/wp-json\/wp\/v2\/pages\/5690"}],"wp:attachment":[{"href":"https:\/\/comein.nrw\/portal\/wp-json\/wp\/v2\/media?parent=19500"}],"curies":[{"name":"wp","href":"https:\/\/api.w.org\/{rel}","templated":true}]}}