{"id":19565,"date":"2023-05-13T14:12:29","date_gmt":"2023-05-13T12:12:29","guid":{"rendered":"https:\/\/comein.nrw\/portal\/?page_id=19565"},"modified":"2023-10-20T12:54:48","modified_gmt":"2023-10-20T10:54:48","slug":"architekturkonzept","status":"publish","type":"page","link":"https:\/\/comein.nrw\/portal\/ags\/metaportal\/architekturkonzept\/","title":{"rendered":"Architekturkonzept"},"content":{"rendered":"<div style=\"height:10px\" aria-hidden=\"true\" class=\"wp-block-spacer\"><\/div>\n\n\n\n<h2 class=\"wp-block-heading\">Vernetzte Bildungsinfrastruktur<\/h2>\n\n\n\n<p>Das ComeIn-Portal bietet einen zentralen Sucheinstieg f\u00fcr Ressourcen, die in der Lehrkr\u00e4fteaus- und -fortbildung zur F\u00f6rderung digitalisierungsbezogener Kompetenzen verwendet werden k\u00f6nnen. Im Portal werden dazu Ressourcen quell\u00fcbergreifend gelistet, die diese Ziele unterst\u00fctzen sollen. Die Ressourcen wurden von den Fachredaktionen der Repositorien und den Communities of Practice des ComeIn-Projektes erstellt und erschlossen.<\/p>\n\n\n\n<p>Die Potenziale einer vernetzten Bildungslandschaft auszusch\u00f6pfen, ist eine Chance, die mit der Digitalisierung von Lehr-\/Lernprozessen einhergeht. Um die Funktionalit\u00e4ten dieses Portals nachhaltig bereitzustellen, wurden dazu im Projektverlauf vielf\u00e4ltige Kooperationen angestrebt. Die Architektur des ComeIn-Portals und der dazugeh\u00f6rigen redaktionellen Prozesse der Communities of Practice werden durch mehrere Kooperationen unterst\u00fctzt. Die Redaktionsumgebung zur Erfassung ComeIn-relevanter Ressourcen und Metadaten wird in Kooperation mit <a rel=\"noreferrer noopener\" href=\"https:\/\/wirlernenonline.de\/\" data-type=\"URL\" data-id=\"https:\/\/wirlernenonline.de\/\" target=\"_blank\">WirLernenOnline<\/a> \/ OpenEduHub (initiiert als gemeinsames Projekt des <a rel=\"noreferrer noopener\" href=\"https:\/\/buendnis-freie-bildung.de\/\" target=\"_blank\">B\u00fcndnis Freie Bildung<\/a>, <a rel=\"noreferrer noopener\" href=\"https:\/\/www.wikimedia.de\/\" target=\"_blank\">Wikimedia Deutschland e.V.<\/a> und <a rel=\"noreferrer noopener\" href=\"https:\/\/edu-sharing-network.org\/\" target=\"_blank\">edu-sharing.net e.V.<\/a>) f\u00fcr die <a href=\"https:\/\/comein.nrw\/portal\/cops\/\">Communities of Practice von ComeIn<\/a> bereitgestellt und basiert auf der Open-Source-Software <a rel=\"noreferrer noopener\" href=\"https:\/\/edu-sharing.com\/\" target=\"_blank\">edu-sharing<\/a>. Metadaten der Ressourcen werden im Suchindex <a rel=\"noreferrer noopener\" href=\"https:\/\/oersi.org\/resources\/pages\/de\/\" target=\"_blank\">OERSI<\/a> vorgehalten, der ma\u00dfgeblich von dem <a rel=\"noreferrer noopener\" href=\"https:\/\/www.hbz-nrw.de\/\" target=\"_blank\">Hochschulbibliothekszentrums NRW (hbz)<\/a> und der <a rel=\"noreferrer noopener\" href=\"https:\/\/tib.eu\/\" target=\"_blank\">Technische Informationsbibliothek (TIB)<\/a> betrieben wird. Die offene Schnittstelle von OERSI wird f\u00fcr die ComeIn-Suche nachgenutzt. Die Entwicklung von Standards und Vokabularen erfolgte in Zusammenarbeit mit <a href=\"https:\/\/wiki.dnb.de\/display\/DINIAGKIM\/Gruppen\">Arbeitsgruppen des Kompetenzzentrums f\u00fcr interoperable Metadaten<\/a>. Insbesondere werden Metadaten, die zwischen den Systemen ausgetauscht werden durch das <a rel=\"noreferrer noopener\" href=\"https:\/\/dini-ag-kim.github.io\/amb\/\" target=\"_blank\">Allgemeine Metadatenprofil f\u00fcr Bildungsressourcen (AMB)<\/a> harmonisiert, das auf schema.org und LRMI basiert. <br><br>Auf diese Weise ist es ein gemeinsames Anliegen, offene Bildungsinfrastrukturen zu schaffen und bestehende miteinander zu vernetzten.<\/p>\n\n\n\n<p><strong>Wir danken allen Beteiligten!<\/strong><\/p>\n\n\n\n<h3 class=\"wp-block-heading\">Weitere Informationen<\/h3>\n\n\n\n<ul class=\"wp-block-list\">\n<li><a href=\"https:\/\/wiki.dnb.de\/display\/DINIAGKIM\/OER-Metadatengruppe\" target=\"_blank\" rel=\"noreferrer noopener\">OER-Metadatengruppe<\/a> &#8211; Allgemeines Metadatenprofil f\u00fcr Bildungsressourcen, Harmonisierungsempfehlungen, Publikation kontrollierter Vokabulare, &#8230;<\/li>\n\n\n\n<li><a href=\"https:\/\/wiki.dnb.de\/display\/DINIAGKIM\/Curricula-Gruppe\" target=\"_blank\" rel=\"noreferrer noopener\">Curricula-Gruppe<\/a> &#8211; Metadatenstandards f\u00fcr Curricula im Bildungsbereich, Publikation kontrollierter Vokabulare, &#8230;<\/li>\n\n\n\n<li><a rel=\"noreferrer noopener\" href=\"https:\/\/wirlernenonline.de\/\" target=\"_blank\">WirLernenOnline<\/a> &#8211; Suchindex f\u00fcr OER in der Schule<\/li>\n\n\n\n<li><a rel=\"noreferrer noopener\" href=\"https:\/\/oersi.org\/resources\/pages\/de\/\" target=\"_blank\">OERSI<\/a> &#8211; Suchindex f\u00fcr OER in der Hochschullehre<\/li>\n\n\n\n<li><a href=\"https:\/\/jointly.info\/#about\" target=\"_blank\" rel=\"noreferrer noopener\">JOINTLY<\/a> &#8211; OER-f\u00f6rderliche Werkzeuge<\/li>\n\n\n\n<li><a href=\"https:\/\/wiki.oer-contentbuffet.info\/confluence\/oede\/arbeitsgruppen-themen\/oede-ag-4-software-infrastrukturen\">B\u00fcndnis Freie Bildung: OEde<\/a> &#8211; Wissensdatenbank<\/li>\n\n\n\n<li><a rel=\"noreferrer noopener\" href=\"https:\/\/edu-sharing-network.org\/\" target=\"_blank\">Edu-sharing Network<\/a> &#8211; Vernetzte Bildungsorganisation<\/li>\n\n\n\n<li><a rel=\"noreferrer noopener\" href=\"https:\/\/metadaten.nrw\/\" target=\"_blank\">Metadaten.nrw<\/a> &#8211; Hub f\u00fcr Metadatenkompetenz und Wegweiser f\u00fcr offene Metadatenservices<\/li>\n<\/ul>\n\n\n\n<figure class=\"wp-block-gallery has-nested-images columns-default is-cropped wp-block-gallery-1 is-layout-flex wp-block-gallery-is-layout-flex\">\n<figure class=\"wp-block-image size-full\"><img loading=\"lazy\" decoding=\"async\" width=\"1280\" height=\"720\" data-id=\"19615\" src=\"https:\/\/comein.nrw\/portal\/wp-content\/uploads\/2023\/05\/infrastruktur.png\" alt=\"\" class=\"wp-image-19615\" srcset=\"https:\/\/comein.nrw\/portal\/wp-content\/uploads\/2023\/05\/infrastruktur.png 1280w, https:\/\/comein.nrw\/portal\/wp-content\/uploads\/2023\/05\/infrastruktur-300x169.png 300w, https:\/\/comein.nrw\/portal\/wp-content\/uploads\/2023\/05\/infrastruktur-1024x576.png 1024w, https:\/\/comein.nrw\/portal\/wp-content\/uploads\/2023\/05\/infrastruktur-768x432.png 768w\" sizes=\"auto, (max-width: 1280px) 100vw, 1280px\" \/><\/figure>\n<\/figure>\n\n<!--themify_builder_content-->\n<div id=\"themify_builder_content-19565\" data-postid=\"19565\" class=\"themify_builder_content themify_builder_content-19565 themify_builder tf_clear\">\n    <\/div>\n<!--\/themify_builder_content-->","protected":false},"excerpt":{"rendered":"<p>Vernetzte Bildungsinfrastruktur Das ComeIn-Portal bietet einen zentralen Sucheinstieg f\u00fcr Ressourcen, die in der Lehrkr\u00e4fteaus- und -fortbildung zur F\u00f6rderung digitalisierungsbezogener Kompetenzen verwendet werden k\u00f6nnen. Im Portal werden dazu Ressourcen quell\u00fcbergreifend gelistet, die diese Ziele unterst\u00fctzen sollen. Die Ressourcen wurden von den Fachredaktionen der Repositorien und den Communities of Practice des ComeIn-Projektes erstellt und erschlossen. Die Potenziale [&hellip;]<\/p>\n","protected":false},"author":23,"featured_media":0,"parent":8182,"menu_order":0,"comment_status":"closed","ping_status":"closed","template":"","meta":{"es_repo_domain":"https:\/\/redaktion.openeduhub.net\/edu-sharing\/","es_repo_ticket":"","es_plugin_url":"https:\/\/comein.nrw\/portal\/wp-content\/plugins","footnotes":""},"class_list":["post-19565","page","type-page","status-publish","hentry","has-post-title","has-post-date","has-post-category","has-post-tag","has-post-comment","has-post-author",""],"builder_content":"","_links":{"self":[{"href":"https:\/\/comein.nrw\/portal\/wp-json\/wp\/v2\/pages\/19565","targetHints":{"allow":["GET"]}}],"collection":[{"href":"https:\/\/comein.nrw\/portal\/wp-json\/wp\/v2\/pages"}],"about":[{"href":"https:\/\/comein.nrw\/portal\/wp-json\/wp\/v2\/types\/page"}],"author":[{"embeddable":true,"href":"https:\/\/comein.nrw\/portal\/wp-json\/wp\/v2\/users\/23"}],"replies":[{"embeddable":true,"href":"https:\/\/comein.nrw\/portal\/wp-json\/wp\/v2\/comments?post=19565"}],"version-history":[{"count":30,"href":"https:\/\/comein.nrw\/portal\/wp-json\/wp\/v2\/pages\/19565\/revisions"}],"predecessor-version":[{"id":20256,"href":"https:\/\/comein.nrw\/portal\/wp-json\/wp\/v2\/pages\/19565\/revisions\/20256"}],"up":[{"embeddable":true,"href":"https:\/\/comein.nrw\/portal\/wp-json\/wp\/v2\/pages\/8182"}],"wp:attachment":[{"href":"https:\/\/comein.nrw\/portal\/wp-json\/wp\/v2\/media?parent=19565"}],"curies":[{"name":"wp","href":"https:\/\/api.w.org\/{rel}","templated":true}]}}