{"id":2796,"date":"2020-09-06T20:37:39","date_gmt":"2020-09-06T18:37:39","guid":{"rendered":"https:\/\/comein.nrw\/portal\/?page_id=2796"},"modified":"2023-05-03T11:48:31","modified_gmt":"2023-05-03T09:48:31","slug":"orientierungsrahmen-in-komplexen-mehrebensystemen","status":"publish","type":"page","link":"https:\/\/comein.nrw\/portal\/veranstaltungen\/orientierungsrahmen-in-komplexen-mehrebensystemen\/","title":{"rendered":"Orientierungsrahmen in komplexen Mehrebensystemen 2020"},"content":{"rendered":"<!--themify_builder_content-->\n<div id=\"themify_builder_content-2796\" data-postid=\"2796\" class=\"themify_builder_content themify_builder_content-2796 themify_builder tf_clear\">\n    \t<!-- module_row -->\n\t<div  data-css_id=\"yqo8430\" data-lazy=\"1\" class=\"module_row themify_builder_row fullwidth tb_yqo8430 tb_first tf_clearfix\" >\n\t    \t\t<div class=\"row_inner col_align_top col-count-1 tf_box tf_w tf_rel\">\n\t\t\t<div  data-lazy=\"1\" class=\"module_column tb-column col-full first tb_3ymu431 tf_box\">\n\t\t\t    \t        <div class=\"tb-column-inner tf_box tf_w\">\n\t\t    <!-- module text -->\n<div  class=\"module module-text tb_xhck432  repeat \" data-lazy=\"1\">\n        <div  class=\"tb_text_wrap\">\n    <p style=\"text-align: center;\">Die Veranstaltung hat bereits stattgefunden. Die Thementische wurden durchgef\u00fchrt und sind erfolgreich beendet worden. Eine Teilnahme ist nicht mehr m\u00f6glich.\u00a0<\/p>    <\/div>\n<\/div>\n<!-- \/module text -->\t        <\/div>\n\t    \t<\/div>\n\t\t    <\/div>\n\t    <!-- \/row_inner -->\n\t<\/div>\n\t<!-- \/module_row -->\n\t\t<!-- module_row -->\n\t<div  data-css_id=\"yww2276\" data-lazy=\"1\" class=\"module_row themify_builder_row fullwidth tb_yww2276 tf_clearfix\" >\n\t    \t\t<div class=\"row_inner col_align_top col-count-2 tf_box tf_w tf_rel\"  data-basecol=\"2\" data-col_tablet=\"column-full\" data-col_tablet_landscape=\"column-full\" data-col_mobile=\"column-full\">\n\t\t\t<div  data-lazy=\"1\" style=\"width: 73.8%\" class=\"module_column tb-column col4-3 first tb_7bkw277 tf_box\">\n\t\t\t    \t        <div class=\"tb-column-inner tf_box tf_w\">\n\t\t    <!-- module text -->\n<div  class=\"module module-text tb_6yql172   \" data-lazy=\"1\">\n        <div  class=\"tb_text_wrap\">\n    <h1>Orientierungsrahmen in komplexen Mehrebenensystemen<\/h1>\n<p>Die Session zu den \u201eOrientierungsrahmen in komplexen Mehrebensystemen\u201c wird sich in interaktiver Gruppenarbeit zun\u00e4chst einer ersten Analyse zuwenden: (1) Wo stehe ich innerhalb meines Systems vor welchen Herausforderungen der Digitalisierung? Nach dieser Identifikation werden in der Session drei Orientierungsrahmen zur Digitalisierung in der Lehrerausbildung und -fortbildung thematisiert. In einer zweiten interaktiven Runde werden diese auf das eigene System abgebildet und ihr heuristischer Wert identifiziert: Welche Kompetenzen bringe ich bereits mit, um einen Innovationsprozess zu unterst\u00fctzen? Welche Kompetenzen sind innerhalb meines Systems von weiteren Akteuren einzufordern? Welche Kompetenzen k\u00f6nnten zuk\u00fcnftig notwendig werden und sind bislang noch nicht in Orientierungsrahmen identifiziert? Im gemeinsamen Plenum gilt es, potentielle Synergien zwischen den Akteuren \u00fcber die Ebenen hinweg zu identifizieren.<\/p>    <\/div>\n<\/div>\n<!-- \/module text -->\t        <\/div>\n\t    \t<\/div>\n\t\t<div  data-lazy=\"1\" style=\"width: 23%\" class=\"module_column tb-column col4-1 last tb_cfg6346 tf_box\">\n\t\t\t    \t        <div class=\"tb-column-inner tf_box tf_w\">\n\t\t    <!-- module text -->\n<div  class=\"module module-text tb_1kow936  repeat \" data-lazy=\"1\">\n        <div  class=\"tb_text_wrap\">\n    <p style=\"text-align: center;\"><strong>Tobinski, David, Dr, <br \/><\/strong>Universit\u00e4t Duisburg Essen, <br \/><a href=\"https:\/\/comein.nrw\/portal\/ag-imedibi\/\">AG-Imedibi des Projektes Com<sup>e<\/sup>in\u00a0<\/a><\/p>\n<p style=\"text-align: center;\">Anschrift: <br \/>Universit\u00e4t Duisburg-Essen, <br \/>Universit\u00e4tsstr. 15, 45141 Essen<\/p>\n<p style=\"text-align: center;\"><a href=\"mailto: david.tobinski@uni-due.de\" target=\"_blank\" rel=\"noopener\">E-Mail<\/a><\/p>    <\/div>\n<\/div>\n<!-- \/module text -->\t        <\/div>\n\t    \t<\/div>\n\t\t    <\/div>\n\t    <!-- \/row_inner -->\n\t<\/div>\n\t<!-- \/module_row -->\n\t<\/div>\n<!--\/themify_builder_content-->","protected":false},"excerpt":{"rendered":"<p>Die Veranstaltung hat bereits stattgefunden. Die Thementische wurden durchgef\u00fchrt und sind erfolgreich beendet worden. Eine Teilnahme ist nicht mehr m\u00f6glich.\u00a0 Orientierungsrahmen in komplexen Mehrebenensystemen Die Session zu den \u201eOrientierungsrahmen in komplexen Mehrebensystemen\u201c wird sich in interaktiver Gruppenarbeit zun\u00e4chst einer ersten Analyse zuwenden: (1) Wo stehe ich innerhalb meines Systems vor welchen Herausforderungen der Digitalisierung? Nach [&hellip;]<\/p>\n","protected":false},"author":16,"featured_media":0,"parent":16847,"menu_order":0,"comment_status":"closed","ping_status":"closed","template":"","meta":{"es_repo_domain":"https:\/\/redaktion.openeduhub.net\/edu-sharing\/","es_repo_ticket":"","es_plugin_url":"https:\/\/comein.nrw\/portal\/wp-content\/plugins","footnotes":""},"class_list":["post-2796","page","type-page","status-publish","hentry","has-post-title","has-post-date","has-post-category","has-post-tag","has-post-comment","has-post-author",""],"builder_content":"<p style=\"text-align: center;\">Die Veranstaltung hat bereits stattgefunden. Die Thementische wurden durchgef\u00fchrt und sind erfolgreich beendet worden. Eine Teilnahme ist nicht mehr m\u00f6glich.\u00a0<\/p>\n<h1>Orientierungsrahmen in komplexen Mehrebenensystemen<\/h1> <p>Die Session zu den \u201eOrientierungsrahmen in komplexen Mehrebensystemen\u201c wird sich in interaktiver Gruppenarbeit zun\u00e4chst einer ersten Analyse zuwenden: (1) Wo stehe ich innerhalb meines Systems vor welchen Herausforderungen der Digitalisierung? Nach dieser Identifikation werden in der Session drei Orientierungsrahmen zur Digitalisierung in der Lehrerausbildung und -fortbildung thematisiert. In einer zweiten interaktiven Runde werden diese auf das eigene System abgebildet und ihr heuristischer Wert identifiziert: Welche Kompetenzen bringe ich bereits mit, um einen Innovationsprozess zu unterst\u00fctzen? Welche Kompetenzen sind innerhalb meines Systems von weiteren Akteuren einzufordern? Welche Kompetenzen k\u00f6nnten zuk\u00fcnftig notwendig werden und sind bislang noch nicht in Orientierungsrahmen identifiziert? Im gemeinsamen Plenum gilt es, potentielle Synergien zwischen den Akteuren \u00fcber die Ebenen hinweg zu identifizieren.<\/p>\n<p style=\"text-align: center;\"><strong>Tobinski, David, Dr, <br \/><\/strong>Universit\u00e4t Duisburg Essen, <br \/><a href=\"https:\/\/comein.nrw\/portal\/ag-imedibi\/\">AG-Imedibi des Projektes Com<sup>e<\/sup>in\u00a0<\/a><\/p> <p style=\"text-align: center;\">Anschrift: <br \/>Universit\u00e4t Duisburg-Essen, <br \/>Universit\u00e4tsstr. 15, 45141 Essen<\/p> <p style=\"text-align: center;\"><a href=\"mailto: david.tobinski@uni-due.de\" target=\"_blank\" rel=\"noopener\">E-Mail<\/a><\/p>","_links":{"self":[{"href":"https:\/\/comein.nrw\/portal\/wp-json\/wp\/v2\/pages\/2796","targetHints":{"allow":["GET"]}}],"collection":[{"href":"https:\/\/comein.nrw\/portal\/wp-json\/wp\/v2\/pages"}],"about":[{"href":"https:\/\/comein.nrw\/portal\/wp-json\/wp\/v2\/types\/page"}],"author":[{"embeddable":true,"href":"https:\/\/comein.nrw\/portal\/wp-json\/wp\/v2\/users\/16"}],"replies":[{"embeddable":true,"href":"https:\/\/comein.nrw\/portal\/wp-json\/wp\/v2\/comments?post=2796"}],"version-history":[{"count":17,"href":"https:\/\/comein.nrw\/portal\/wp-json\/wp\/v2\/pages\/2796\/revisions"}],"predecessor-version":[{"id":19527,"href":"https:\/\/comein.nrw\/portal\/wp-json\/wp\/v2\/pages\/2796\/revisions\/19527"}],"up":[{"embeddable":true,"href":"https:\/\/comein.nrw\/portal\/wp-json\/wp\/v2\/pages\/16847"}],"wp:attachment":[{"href":"https:\/\/comein.nrw\/portal\/wp-json\/wp\/v2\/media?parent=2796"}],"curies":[{"name":"wp","href":"https:\/\/api.w.org\/{rel}","templated":true}]}}