{"id":2824,"date":"2020-09-06T20:44:48","date_gmt":"2020-09-06T18:44:48","guid":{"rendered":"https:\/\/comein.nrw\/portal\/?page_id=2824"},"modified":"2023-05-03T11:51:15","modified_gmt":"2023-05-03T09:51:15","slug":"strategien-der-hochschulentwicklung","status":"publish","type":"page","link":"https:\/\/comein.nrw\/portal\/veranstaltungen\/strategien-der-hochschulentwicklung\/","title":{"rendered":"Strategien der Hochschulentwicklung 2020"},"content":{"rendered":"<!--themify_builder_content-->\n<div id=\"themify_builder_content-2824\" data-postid=\"2824\" class=\"themify_builder_content themify_builder_content-2824 themify_builder tf_clear\">\n    \t<!-- module_row -->\n\t<div  data-css_id=\"99nu855\" data-lazy=\"1\" class=\"module_row themify_builder_row fullwidth tb_99nu855 tb_first tf_clearfix\" >\n\t    \t\t<div class=\"row_inner col_align_top col-count-1 tf_box tf_w tf_rel\">\n\t\t\t<div  data-lazy=\"1\" class=\"module_column tb-column col-full first tb_fd7l856 tf_box\">\n\t\t\t    \t        <div class=\"tb-column-inner tf_box tf_w\">\n\t\t    <!-- module text -->\n<div  class=\"module module-text tb_yii3856  repeat \" data-lazy=\"1\">\n        <div  class=\"tb_text_wrap\">\n    <p style=\"text-align: center;\">Die Veranstaltung hat bereits stattgefunden. Die Thementische wurden durchgef\u00fchrt und sind erfolgreich beendet worden. Eine Teilnahme ist nicht mehr m\u00f6glich.\u00a0<\/p>    <\/div>\n<\/div>\n<!-- \/module text -->\t        <\/div>\n\t    \t<\/div>\n\t\t    <\/div>\n\t    <!-- \/row_inner -->\n\t<\/div>\n\t<!-- \/module_row -->\n\t\t<!-- module_row -->\n\t<div  data-css_id=\"vsrn340\" data-lazy=\"1\" class=\"module_row themify_builder_row fullwidth tb_vsrn340 tf_clearfix\" >\n\t    \t\t<div class=\"row_inner col_align_top col-count-2 tf_box tf_w tf_rel\"  data-basecol=\"2\" data-col_tablet=\"column-full\" data-col_tablet_landscape=\"column-full\" data-col_mobile=\"column-full\">\n\t\t\t<div  data-lazy=\"1\" class=\"module_column tb-column col4-3 first tb_jivk341 tf_box\">\n\t\t\t    \t        <div class=\"tb-column-inner tf_box tf_w\">\n\t\t    <!-- module text -->\n<div  class=\"module module-text tb_xws5853   \" data-lazy=\"1\">\n        <div  class=\"tb_text_wrap\">\n    <h1>Strategien der Hochschulentwicklung<\/h1>\n<p>F\u00f6rderprogramme zur Qualit\u00e4tsentwicklung wie die Bund-L\u00e4nder-Vereinbarungen Qualit\u00e4tspakt Lehre oder Qualit\u00e4tsoffensive Lehrerbildung erm\u00f6glichen es Universit\u00e4ten und Hochschulen, innovative Konzepte und neue Ideen zu erproben und weiterzuentwickeln. Der langfristige Erfolg einzelner Projekte zeigt sich im ersten Schritt darin, ob die befristet finanzierten Ma\u00dfnahmen in den regul\u00e4ren Betrieb \u00fcbernommen werden. Wichtiger ist, ob sich eine Organisation im zweiten Schritt anhand der entwickelten Konzepte und Ideen neu ausrichtet. Dies findet seinen Ausdruck in den einschl\u00e4gigen Selbstbeschreibungen wie Leitbildern, Entwicklungspl\u00e4nen oder Strategiepapieren, die wiederum den Ausgangspunkt f\u00fcr k\u00fcnftige Innovationen festlegen.<\/p>\n<p>Anhand von Ausz\u00fcgen aus Entwicklungspl\u00e4nen und Strategiepapieren beteiligter Universit\u00e4ten zum Thema Digitalisierung und Lehrerbildung werden unterschiedliche Ankn\u00fcpfungspunkte f\u00fcr Ma\u00dfnahmen der QLP-Projekte erl\u00e4utert. Im Austausch werden die Potenziale f\u00fcr die Weiterentwicklung der Strategieformulierung auf Basis erfolgreicher QLB-Projekte diskutiert.<\/p>    <\/div>\n<\/div>\n<!-- \/module text -->\t        <\/div>\n\t    \t<\/div>\n\t\t<div  data-lazy=\"1\" class=\"module_column tb-column col4-1 last tb_nijg133 tf_box\">\n\t\t\t    \t        <div class=\"tb-column-inner tf_box tf_w\">\n\t\t    <!-- module text -->\n<div  class=\"module module-text tb_qrvi687  repeat \" data-lazy=\"1\">\n        <div  class=\"tb_text_wrap\">\n    <p style=\"text-align: center;\"><strong>Verantwortlich: <\/strong><\/p>\n<p style=\"text-align: center;\"><strong><em>Simon G\u00f6rtz,<\/em><\/strong> <br \/>Dr., Dipl. Math., Dezernent f\u00fcr <br \/>Studium, Lehre und Qualit\u00e4tsmanagement <br \/>an der Bergischen Universit\u00e4t Wuppertal.<\/p>\n<p style=\"text-align: center;\">Anschrift: <br \/>Bergische Universit\u00e4t Wuppertal,<br \/>Gau\u00dfstra\u00dfe 20, <br \/>42119 Wuppertal<\/p>\n<p style=\"text-align: center;\"><a href=\"mailto: sgoertz@uni-wuppertal.de\" target=\"_blank\" rel=\"noopener\">E-Mail<\/a><\/p>    <\/div>\n<\/div>\n<!-- \/module text -->\t        <\/div>\n\t    \t<\/div>\n\t\t    <\/div>\n\t    <!-- \/row_inner -->\n\t<\/div>\n\t<!-- \/module_row -->\n\t<\/div>\n<!--\/themify_builder_content-->","protected":false},"excerpt":{"rendered":"<p>Die Veranstaltung hat bereits stattgefunden. Die Thementische wurden durchgef\u00fchrt und sind erfolgreich beendet worden. Eine Teilnahme ist nicht mehr m\u00f6glich.\u00a0 Strategien der Hochschulentwicklung F\u00f6rderprogramme zur Qualit\u00e4tsentwicklung wie die Bund-L\u00e4nder-Vereinbarungen Qualit\u00e4tspakt Lehre oder Qualit\u00e4tsoffensive Lehrerbildung erm\u00f6glichen es Universit\u00e4ten und Hochschulen, innovative Konzepte und neue Ideen zu erproben und weiterzuentwickeln. Der langfristige Erfolg einzelner Projekte zeigt sich [&hellip;]<\/p>\n","protected":false},"author":16,"featured_media":0,"parent":16847,"menu_order":0,"comment_status":"closed","ping_status":"closed","template":"","meta":{"es_repo_domain":"https:\/\/redaktion.openeduhub.net\/edu-sharing\/","es_repo_ticket":"","es_plugin_url":"https:\/\/comein.nrw\/portal\/wp-content\/plugins","footnotes":""},"class_list":["post-2824","page","type-page","status-publish","hentry","has-post-title","has-post-date","has-post-category","has-post-tag","has-post-comment","has-post-author",""],"builder_content":"<p style=\"text-align: center;\">Die Veranstaltung hat bereits stattgefunden. Die Thementische wurden durchgef\u00fchrt und sind erfolgreich beendet worden. Eine Teilnahme ist nicht mehr m\u00f6glich.\u00a0<\/p>\n<h1>Strategien der Hochschulentwicklung<\/h1> <p>F\u00f6rderprogramme zur Qualit\u00e4tsentwicklung wie die Bund-L\u00e4nder-Vereinbarungen Qualit\u00e4tspakt Lehre oder Qualit\u00e4tsoffensive Lehrerbildung erm\u00f6glichen es Universit\u00e4ten und Hochschulen, innovative Konzepte und neue Ideen zu erproben und weiterzuentwickeln. Der langfristige Erfolg einzelner Projekte zeigt sich im ersten Schritt darin, ob die befristet finanzierten Ma\u00dfnahmen in den regul\u00e4ren Betrieb \u00fcbernommen werden. Wichtiger ist, ob sich eine Organisation im zweiten Schritt anhand der entwickelten Konzepte und Ideen neu ausrichtet. Dies findet seinen Ausdruck in den einschl\u00e4gigen Selbstbeschreibungen wie Leitbildern, Entwicklungspl\u00e4nen oder Strategiepapieren, die wiederum den Ausgangspunkt f\u00fcr k\u00fcnftige Innovationen festlegen.<\/p> <p>Anhand von Ausz\u00fcgen aus Entwicklungspl\u00e4nen und Strategiepapieren beteiligter Universit\u00e4ten zum Thema Digitalisierung und Lehrerbildung werden unterschiedliche Ankn\u00fcpfungspunkte f\u00fcr Ma\u00dfnahmen der QLP-Projekte erl\u00e4utert. Im Austausch werden die Potenziale f\u00fcr die Weiterentwicklung der Strategieformulierung auf Basis erfolgreicher QLB-Projekte diskutiert.<\/p>\n<p style=\"text-align: center;\"><strong>Verantwortlich: <\/strong><\/p> <p style=\"text-align: center;\"><strong><em>Simon G\u00f6rtz,<\/em><\/strong> <br \/>Dr., Dipl. Math., Dezernent f\u00fcr <br \/>Studium, Lehre und Qualit\u00e4tsmanagement <br \/>an der Bergischen Universit\u00e4t Wuppertal.<\/p> <p style=\"text-align: center;\">Anschrift: <br \/>Bergische Universit\u00e4t Wuppertal,<br \/>Gau\u00dfstra\u00dfe 20, <br \/>42119 Wuppertal<\/p> <p style=\"text-align: center;\"><a href=\"mailto: sgoertz@uni-wuppertal.de\" target=\"_blank\" rel=\"noopener\">E-Mail<\/a><\/p>","_links":{"self":[{"href":"https:\/\/comein.nrw\/portal\/wp-json\/wp\/v2\/pages\/2824","targetHints":{"allow":["GET"]}}],"collection":[{"href":"https:\/\/comein.nrw\/portal\/wp-json\/wp\/v2\/pages"}],"about":[{"href":"https:\/\/comein.nrw\/portal\/wp-json\/wp\/v2\/types\/page"}],"author":[{"embeddable":true,"href":"https:\/\/comein.nrw\/portal\/wp-json\/wp\/v2\/users\/16"}],"replies":[{"embeddable":true,"href":"https:\/\/comein.nrw\/portal\/wp-json\/wp\/v2\/comments?post=2824"}],"version-history":[{"count":15,"href":"https:\/\/comein.nrw\/portal\/wp-json\/wp\/v2\/pages\/2824\/revisions"}],"predecessor-version":[{"id":19530,"href":"https:\/\/comein.nrw\/portal\/wp-json\/wp\/v2\/pages\/2824\/revisions\/19530"}],"up":[{"embeddable":true,"href":"https:\/\/comein.nrw\/portal\/wp-json\/wp\/v2\/pages\/16847"}],"wp:attachment":[{"href":"https:\/\/comein.nrw\/portal\/wp-json\/wp\/v2\/media?parent=2824"}],"curies":[{"name":"wp","href":"https:\/\/api.w.org\/{rel}","templated":true}]}}