{"id":2844,"date":"2020-09-06T20:45:42","date_gmt":"2020-09-06T18:45:42","guid":{"rendered":"https:\/\/comein.nrw\/portal\/?page_id=2844"},"modified":"2023-05-03T11:52:12","modified_gmt":"2023-05-03T09:52:12","slug":"medienbezogene-schulentwicklung","status":"publish","type":"page","link":"https:\/\/comein.nrw\/portal\/veranstaltungen\/medienbezogene-schulentwicklung\/","title":{"rendered":"Medienbezogene Schulentwicklung 2020"},"content":{"rendered":"<!--themify_builder_content-->\n<div id=\"themify_builder_content-2844\" data-postid=\"2844\" class=\"themify_builder_content themify_builder_content-2844 themify_builder tf_clear\">\n    \t<!-- module_row -->\n\t<div  data-css_id=\"obxs906\" data-lazy=\"1\" class=\"module_row themify_builder_row fullwidth tb_obxs906 tb_first tf_clearfix\" >\n\t    \t\t<div class=\"row_inner col_align_top col-count-1 tf_box tf_w tf_rel\">\n\t\t\t<div  data-lazy=\"1\" class=\"module_column tb-column col-full first tb_dn6x906 tf_box\">\n\t\t\t    \t        <div class=\"tb-column-inner tf_box tf_w\">\n\t\t    <!-- module text -->\n<div  class=\"module module-text tb_eure906  repeat \" data-lazy=\"1\">\n        <div  class=\"tb_text_wrap\">\n    <p style=\"text-align: center;\">Die Veranstaltung hat bereits stattgefunden. Die Thementische wurden durchgef\u00fchrt und sind erfolgreich beendet worden. Eine Teilnahme ist nicht mehr m\u00f6glich.\u00a0<\/p>    <\/div>\n<\/div>\n<!-- \/module text -->\t        <\/div>\n\t    \t<\/div>\n\t\t    <\/div>\n\t    <!-- \/row_inner -->\n\t<\/div>\n\t<!-- \/module_row -->\n\t\t<!-- module_row -->\n\t<div  data-css_id=\"t42f333\" data-lazy=\"1\" class=\"module_row themify_builder_row fullwidth tb_t42f333 tf_clearfix\" >\n\t    \t\t<div class=\"row_inner col_align_top col-count-2 tf_box tf_w tf_rel\">\n\t\t\t<div  data-lazy=\"1\" class=\"module_column tb-column col4-3 first tb_xrm4334 tf_box\">\n\t\t\t    \t        <div class=\"tb-column-inner tf_box tf_w\">\n\t\t    <!-- module text -->\n<div  class=\"module module-text tb_51vs699   \" data-lazy=\"1\">\n        <div  class=\"tb_text_wrap\">\n    <h1>Medienbezogene Schulentwicklung<\/h1>    <\/div>\n<\/div>\n<!-- \/module text --><!-- module text -->\n<div  class=\"module module-text tb_1kok932   \" data-lazy=\"1\">\n        <div  class=\"tb_text_wrap\">\n    <p>Innovative Lehrer*innenbildung in einem Mehrebenensystem entwickeln \u2013 Ein erster Einblick in die Arbeit der Community of Practice Medienbezogene Schulentwicklung Johanna Schulze (Universit\u00e4t Paderborn, Community of Practice Medienbezogene Schulentwicklung<\/p>\n<p>Die Community of Practice Medienbezogene Schulentwicklung (CoP MeSE) stellt eine von acht inhaltlich arbeitenden CoP im Verbundprojekt Com<sup>e<\/sup>in dar. Mit Expertisen von etwa 30 Vertreter*innen der ersten, zweiten und dritten Phase der Lehrer*innenbildung Nordrhein-Westfalens verzeichnet die CoP MeSE die M\u00f6glichkeit innovative Lehrer*innenbildungsformate in einem hoch relevanten digitalisierungsbezogenen Themenbereich zu entwickeln und Lernprozesse zwischen den Phasen zu implizieren. Neben den Potenzialen einer solchen CoP, sind besonders in der Anfangsphase eines Projektes Herausforderungen (z.B. organisatorischen oder personellen) zu entgegnen.<\/p>\n<p>Der Thementisch wird als interaktives Format angelegt: Neben einer Vorstellung der CoP MeSE mit ihrer Arbeitsweise zu Beginn des Projektes sowie ersten Teilergebnissen, wird die M\u00f6glichkeit f\u00fcr einen diskursiven Austausch von Erfahrungen und Vorstellungen zu Potenzialen und Herausforderungen phasen\u00fcbergreifender Arbeitsgemeinschaften erm\u00f6glicht.<\/p>    <\/div>\n<\/div>\n<!-- \/module text -->\t        <\/div>\n\t    \t<\/div>\n\t\t<div  data-lazy=\"1\" class=\"module_column tb-column col4-1 last tb_r2gx147 tf_box\">\n\t\t\t    \t        <div class=\"tb-column-inner tf_box tf_w\">\n\t\t    <!-- module text -->\n<div  class=\"module module-text tb_6qmg615  repeat \" data-lazy=\"1\">\n        <div  class=\"tb_text_wrap\">\n    <p style=\"text-align: center;\"><strong>Verantwortlich: Schulze, Johanna, <br \/><\/strong>Master of Education. <br \/>\u201cInnovationsstelle\u201c Medienbezogene Schulentwicklung&#8216; (MeSE) \u2013<\/p>\n<p style=\"text-align: center;\">Leitung: <strong>Prof. Dr. Birgit Eickelmann<\/strong> und <strong>Prof. Dr. Bardo Herzig.<\/strong><\/p>\n<p style=\"text-align: center;\">Anschrift: <br \/>Universit\u00e4t Paderborn,<br \/>Warburger Str. 100, <br \/>33098 Paderborn<\/p>\n<p style=\"text-align: center;\">E-Mail: <a href=\"mailto: schulzej@mail.upb.de\" target=\"_blank\" rel=\"noopener\">Johanna Schulze\u00a0<\/a><\/p>    <\/div>\n<\/div>\n<!-- \/module text -->\t        <\/div>\n\t    \t<\/div>\n\t\t    <\/div>\n\t    <!-- \/row_inner -->\n\t<\/div>\n\t<!-- \/module_row -->\n\t<\/div>\n<!--\/themify_builder_content-->","protected":false},"excerpt":{"rendered":"<p>Die Veranstaltung hat bereits stattgefunden. Die Thementische wurden durchgef\u00fchrt und sind erfolgreich beendet worden. Eine Teilnahme ist nicht mehr m\u00f6glich.\u00a0 Medienbezogene Schulentwicklung Innovative Lehrer*innenbildung in einem Mehrebenensystem entwickeln \u2013 Ein erster Einblick in die Arbeit der Community of Practice Medienbezogene Schulentwicklung Johanna Schulze (Universit\u00e4t Paderborn, Community of Practice Medienbezogene Schulentwicklung Die Community of Practice Medienbezogene [&hellip;]<\/p>\n","protected":false},"author":16,"featured_media":0,"parent":16847,"menu_order":0,"comment_status":"closed","ping_status":"closed","template":"","meta":{"es_repo_domain":"https:\/\/redaktion.openeduhub.net\/edu-sharing\/","es_repo_ticket":"","es_plugin_url":"https:\/\/comein.nrw\/portal\/wp-content\/plugins","footnotes":""},"class_list":["post-2844","page","type-page","status-publish","hentry","has-post-title","has-post-date","has-post-category","has-post-tag","has-post-comment","has-post-author",""],"builder_content":"<p style=\"text-align: center;\">Die Veranstaltung hat bereits stattgefunden. Die Thementische wurden durchgef\u00fchrt und sind erfolgreich beendet worden. Eine Teilnahme ist nicht mehr m\u00f6glich.\u00a0<\/p>\n<h1>Medienbezogene Schulentwicklung<\/h1>\n<p>Innovative Lehrer*innenbildung in einem Mehrebenensystem entwickeln \u2013 Ein erster Einblick in die Arbeit der Community of Practice Medienbezogene Schulentwicklung Johanna Schulze (Universit\u00e4t Paderborn, Community of Practice Medienbezogene Schulentwicklung<\/p> <p>Die Community of Practice Medienbezogene Schulentwicklung (CoP MeSE) stellt eine von acht inhaltlich arbeitenden CoP im Verbundprojekt Com<sup>e<\/sup>in dar. Mit Expertisen von etwa 30 Vertreter*innen der ersten, zweiten und dritten Phase der Lehrer*innenbildung Nordrhein-Westfalens verzeichnet die CoP MeSE die M\u00f6glichkeit innovative Lehrer*innenbildungsformate in einem hoch relevanten digitalisierungsbezogenen Themenbereich zu entwickeln und Lernprozesse zwischen den Phasen zu implizieren. Neben den Potenzialen einer solchen CoP, sind besonders in der Anfangsphase eines Projektes Herausforderungen (z.B. organisatorischen oder personellen) zu entgegnen.<\/p> <p>Der Thementisch wird als interaktives Format angelegt: Neben einer Vorstellung der CoP MeSE mit ihrer Arbeitsweise zu Beginn des Projektes sowie ersten Teilergebnissen, wird die M\u00f6glichkeit f\u00fcr einen diskursiven Austausch von Erfahrungen und Vorstellungen zu Potenzialen und Herausforderungen phasen\u00fcbergreifender Arbeitsgemeinschaften erm\u00f6glicht.<\/p>\n<p style=\"text-align: center;\"><strong>Verantwortlich: Schulze, Johanna, <br \/><\/strong>Master of Education. <br \/>\u201cInnovationsstelle\u201c Medienbezogene Schulentwicklung' (MeSE) \u2013<\/p> <p style=\"text-align: center;\">Leitung: <strong>Prof. Dr. Birgit Eickelmann<\/strong> und <strong>Prof. Dr. Bardo Herzig.<\/strong><\/p> <p style=\"text-align: center;\">Anschrift: <br \/>Universit\u00e4t Paderborn,<br \/>Warburger Str. 100, <br \/>33098 Paderborn<\/p> <p style=\"text-align: center;\">E-Mail: <a href=\"mailto: schulzej@mail.upb.de\" target=\"_blank\" rel=\"noopener\">Johanna Schulze\u00a0<\/a><\/p>","_links":{"self":[{"href":"https:\/\/comein.nrw\/portal\/wp-json\/wp\/v2\/pages\/2844","targetHints":{"allow":["GET"]}}],"collection":[{"href":"https:\/\/comein.nrw\/portal\/wp-json\/wp\/v2\/pages"}],"about":[{"href":"https:\/\/comein.nrw\/portal\/wp-json\/wp\/v2\/types\/page"}],"author":[{"embeddable":true,"href":"https:\/\/comein.nrw\/portal\/wp-json\/wp\/v2\/users\/16"}],"replies":[{"embeddable":true,"href":"https:\/\/comein.nrw\/portal\/wp-json\/wp\/v2\/comments?post=2844"}],"version-history":[{"count":11,"href":"https:\/\/comein.nrw\/portal\/wp-json\/wp\/v2\/pages\/2844\/revisions"}],"predecessor-version":[{"id":19531,"href":"https:\/\/comein.nrw\/portal\/wp-json\/wp\/v2\/pages\/2844\/revisions\/19531"}],"up":[{"embeddable":true,"href":"https:\/\/comein.nrw\/portal\/wp-json\/wp\/v2\/pages\/16847"}],"wp:attachment":[{"href":"https:\/\/comein.nrw\/portal\/wp-json\/wp\/v2\/media?parent=2844"}],"curies":[{"name":"wp","href":"https:\/\/api.w.org\/{rel}","templated":true}]}}