{"id":2862,"date":"2020-09-06T20:48:30","date_gmt":"2020-09-06T18:48:30","guid":{"rendered":"https:\/\/comein.nrw\/portal\/?page_id=2862"},"modified":"2023-05-03T11:53:01","modified_gmt":"2023-05-03T09:53:01","slug":"qualitaetsmanagement-in-komplexen-mehrebenensystemen","status":"publish","type":"page","link":"https:\/\/comein.nrw\/portal\/veranstaltungen\/qualitaetsmanagement-in-komplexen-mehrebenensystemen\/","title":{"rendered":"Qualit\u00e4tsmanagement in komplexen Mehrebenensystemen 2020"},"content":{"rendered":"<!--themify_builder_content-->\n<div id=\"themify_builder_content-2862\" data-postid=\"2862\" class=\"themify_builder_content themify_builder_content-2862 themify_builder tf_clear\">\n    \t<!-- module_row -->\n\t<div  data-css_id=\"ijqx799\" data-lazy=\"1\" class=\"module_row themify_builder_row fullwidth tb_ijqx799 tb_first tf_clearfix\" >\n\t    \t\t<div class=\"row_inner col_align_top col-count-1 tf_box tf_w tf_rel\">\n\t\t\t<div  data-lazy=\"1\" class=\"module_column tb-column col-full first tb_8rr8800 tf_box\">\n\t\t\t    \t        <div class=\"tb-column-inner tf_box tf_w\">\n\t\t    <!-- module text -->\n<div  class=\"module module-text tb_ei9y800  repeat \" data-lazy=\"1\">\n        <div  class=\"tb_text_wrap\">\n    <p style=\"text-align: center;\">Die Veranstaltung hat bereits stattgefunden. Die Thementische wurden durchgef\u00fchrt und sind erfolgreich beendet worden. Eine Teilnahme ist nicht mehr m\u00f6glich.\u00a0<\/p>    <\/div>\n<\/div>\n<!-- \/module text -->\t        <\/div>\n\t    \t<\/div>\n\t\t    <\/div>\n\t    <!-- \/row_inner -->\n\t<\/div>\n\t<!-- \/module_row -->\n\t\t<!-- module_row -->\n\t<div  data-css_id=\"sahp62\" data-lazy=\"1\" class=\"module_row themify_builder_row fullwidth tb_sahp62 tf_clearfix\" >\n\t    \t\t<div class=\"row_inner col_align_top col-count-2 tf_box tf_w tf_rel\"  data-basecol=\"2\" data-col_tablet=\"column-full\" data-col_tablet_landscape=\"column-full\" data-col_mobile=\"column-full\">\n\t\t\t<div  data-lazy=\"1\" class=\"module_column tb-column col4-3 first tb_4olo62 tf_box\">\n\t\t\t    \t        <div class=\"tb-column-inner tf_box tf_w\">\n\t\t    <!-- module text -->\n<div  class=\"module module-text tb_nth3136   \" data-lazy=\"1\">\n        <div  class=\"tb_text_wrap\">\n    <h1>Qualit\u00e4tsmanagement in komplexen Mehrebenensystemen<\/h1><p><strong>Qualit\u00e4tsmanagement in komplexen Mehrebenensystemen <\/strong>mit sukzessive erweiterten Zielhorizonten (Prof. Dr. Heike Buhl, Universit\u00e4t Paderborn QM): Das Qualit\u00e4tsmanagement dient der wissenschaftlichen Qualit\u00e4tssicherung der Prozesse im Verbundprojekt Com<sup>e<\/sup>in. Aufgrund der Komplexit\u00e4t der Ma\u00dfnahmen, ihrer Ergebnisoffenheit und der Vielzahl und Heterogenit\u00e4t der beteiligten Akteure ist dies einerseits besonders relevant und steht andererseits vor gro\u00dfen Herausforderungen: So werden die Ziele, Gelingensbedingungen und Arbeitsprozessstrukturen der verschiedenen Einheiten (z.B. CoPs) aus unterschiedlichen Perspektiven (z.B. der Vertreter*innen der drei Phasen) ber\u00fccksichtigt. Im Verlauf der Projektarbeit werden die Ziele dann konkretisiert und m\u00f6glicherweise modifiziert. Zieldefinition, Zielerreichung und Zielmodifikation werden unter Beteiligung aller Akteure summativ und formativ begleitet. Das QM befindet sich aktuell in der fr\u00fchen Phase, Ziele und Gelingensbedingungen zu identifizieren. Die Session soll daher erste Einblicke in die Arbeitsweise des QM geben, indem das Forschungsdesign und erste Ergebnisse dargestellt werden. Dazu gehen wir in einen Erfahrungs- und Erwartungsaustausch mit den Teilnehmer*innen.<\/p>    <\/div>\n<\/div>\n<!-- \/module text -->\t        <\/div>\n\t    \t<\/div>\n\t\t<div  data-lazy=\"1\" class=\"module_column tb-column col4-1 last tb_mczt50 tf_box\">\n\t\t\t    \t        <div class=\"tb-column-inner tf_box tf_w\">\n\t\t    <!-- module text -->\n<div  class=\"module module-text tb_wwe181  repeat \" data-lazy=\"1\">\n        <div  class=\"tb_text_wrap\">\n    <p style=\"text-align: center;\"><strong><em>Verantwortlich. <br \/><\/em><\/strong><\/p>\n<p style=\"text-align: center;\"><strong>Prof. Dr. Heike Buhl<\/strong><br \/>Universit\u00e4t Paderborn <br \/>Qualit\u00e4tsmanagement des Projektes Com<sup>e<\/sup>in<\/p>\n<p style=\"text-align: center;\">Anschrift: <br \/>Universit\u00e4t Paderborn, <br \/>Warburger Str. 100, <br \/>33098 Paderborn<\/p>\n<p style=\"text-align: center;\"><a href=\"mailto: heike.buhl@upb.de\" target=\"_blank\" rel=\"noopener\">E-Mail<\/a><\/p>    <\/div>\n<\/div>\n<!-- \/module text --><!-- module text -->\n<div  class=\"module module-text tb_m2ht248   \" data-lazy=\"1\">\n        <div  class=\"tb_text_wrap\">\n        <\/div>\n<\/div>\n<!-- \/module text -->\t        <\/div>\n\t    \t<\/div>\n\t\t    <\/div>\n\t    <!-- \/row_inner -->\n\t<\/div>\n\t<!-- \/module_row -->\n\t<\/div>\n<!--\/themify_builder_content-->","protected":false},"excerpt":{"rendered":"<p>Die Veranstaltung hat bereits stattgefunden. Die Thementische wurden durchgef\u00fchrt und sind erfolgreich beendet worden. Eine Teilnahme ist nicht mehr m\u00f6glich.\u00a0 Qualit\u00e4tsmanagement in komplexen Mehrebenensystemen Qualit\u00e4tsmanagement in komplexen Mehrebenensystemen mit sukzessive erweiterten Zielhorizonten (Prof. Dr. Heike Buhl, Universit\u00e4t Paderborn QM): Das Qualit\u00e4tsmanagement dient der wissenschaftlichen Qualit\u00e4tssicherung der Prozesse im Verbundprojekt Comein. Aufgrund der Komplexit\u00e4t der Ma\u00dfnahmen, [&hellip;]<\/p>\n","protected":false},"author":16,"featured_media":0,"parent":16847,"menu_order":0,"comment_status":"closed","ping_status":"closed","template":"","meta":{"es_repo_domain":"https:\/\/redaktion.openeduhub.net\/edu-sharing\/","es_repo_ticket":"","es_plugin_url":"https:\/\/comein.nrw\/portal\/wp-content\/plugins","footnotes":""},"class_list":["post-2862","page","type-page","status-publish","hentry","has-post-title","has-post-date","has-post-category","has-post-tag","has-post-comment","has-post-author",""],"builder_content":"<p style=\"text-align: center;\">Die Veranstaltung hat bereits stattgefunden. Die Thementische wurden durchgef\u00fchrt und sind erfolgreich beendet worden. Eine Teilnahme ist nicht mehr m\u00f6glich.\u00a0<\/p>\n<h1>Qualit\u00e4tsmanagement in komplexen Mehrebenensystemen<\/h1><p><strong>Qualit\u00e4tsmanagement in komplexen Mehrebenensystemen <\/strong>mit sukzessive erweiterten Zielhorizonten (Prof. Dr. Heike Buhl, Universit\u00e4t Paderborn QM): Das Qualit\u00e4tsmanagement dient der wissenschaftlichen Qualit\u00e4tssicherung der Prozesse im Verbundprojekt Com<sup>e<\/sup>in. Aufgrund der Komplexit\u00e4t der Ma\u00dfnahmen, ihrer Ergebnisoffenheit und der Vielzahl und Heterogenit\u00e4t der beteiligten Akteure ist dies einerseits besonders relevant und steht andererseits vor gro\u00dfen Herausforderungen: So werden die Ziele, Gelingensbedingungen und Arbeitsprozessstrukturen der verschiedenen Einheiten (z.B. CoPs) aus unterschiedlichen Perspektiven (z.B. der Vertreter*innen der drei Phasen) ber\u00fccksichtigt. Im Verlauf der Projektarbeit werden die Ziele dann konkretisiert und m\u00f6glicherweise modifiziert. Zieldefinition, Zielerreichung und Zielmodifikation werden unter Beteiligung aller Akteure summativ und formativ begleitet. Das QM befindet sich aktuell in der fr\u00fchen Phase, Ziele und Gelingensbedingungen zu identifizieren. Die Session soll daher erste Einblicke in die Arbeitsweise des QM geben, indem das Forschungsdesign und erste Ergebnisse dargestellt werden. Dazu gehen wir in einen Erfahrungs- und Erwartungsaustausch mit den Teilnehmer*innen.<\/p>\n<p style=\"text-align: center;\"><strong><em>Verantwortlich. <br \/><\/em><\/strong><\/p> <p style=\"text-align: center;\"><strong>Prof. Dr. Heike Buhl<\/strong><br \/>Universit\u00e4t Paderborn <br \/>Qualit\u00e4tsmanagement des Projektes Com<sup>e<\/sup>in<\/p> <p style=\"text-align: center;\">Anschrift: <br \/>Universit\u00e4t Paderborn, <br \/>Warburger Str. 100, <br \/>33098 Paderborn<\/p> <p style=\"text-align: center;\"><a href=\"mailto: heike.buhl@upb.de\" target=\"_blank\" rel=\"noopener\">E-Mail<\/a><\/p>\n","_links":{"self":[{"href":"https:\/\/comein.nrw\/portal\/wp-json\/wp\/v2\/pages\/2862","targetHints":{"allow":["GET"]}}],"collection":[{"href":"https:\/\/comein.nrw\/portal\/wp-json\/wp\/v2\/pages"}],"about":[{"href":"https:\/\/comein.nrw\/portal\/wp-json\/wp\/v2\/types\/page"}],"author":[{"embeddable":true,"href":"https:\/\/comein.nrw\/portal\/wp-json\/wp\/v2\/users\/16"}],"replies":[{"embeddable":true,"href":"https:\/\/comein.nrw\/portal\/wp-json\/wp\/v2\/comments?post=2862"}],"version-history":[{"count":15,"href":"https:\/\/comein.nrw\/portal\/wp-json\/wp\/v2\/pages\/2862\/revisions"}],"predecessor-version":[{"id":19532,"href":"https:\/\/comein.nrw\/portal\/wp-json\/wp\/v2\/pages\/2862\/revisions\/19532"}],"up":[{"embeddable":true,"href":"https:\/\/comein.nrw\/portal\/wp-json\/wp\/v2\/pages\/16847"}],"wp:attachment":[{"href":"https:\/\/comein.nrw\/portal\/wp-json\/wp\/v2\/media?parent=2862"}],"curies":[{"name":"wp","href":"https:\/\/api.w.org\/{rel}","templated":true}]}}