{"id":5664,"date":"2020-11-03T12:16:35","date_gmt":"2020-11-03T11:16:35","guid":{"rendered":"https:\/\/comein.nrw\/portal\/cop-kunst-musik-copy\/"},"modified":"2023-04-28T09:59:58","modified_gmt":"2023-04-28T07:59:58","slug":"cop-kunst-musik","status":"publish","type":"page","link":"https:\/\/comein.nrw\/portal\/cops\/cop-kunst-musik\/","title":{"rendered":"CoP Kunst\/Musik"},"content":{"rendered":"<!--themify_builder_content-->\n<div id=\"themify_builder_content-5664\" data-postid=\"5664\" class=\"themify_builder_content themify_builder_content-5664 themify_builder tf_clear\">\n    \t<!-- module_row -->\n\t<div  data-css_id=\"cu66711\" data-lazy=\"1\" class=\"module_row themify_builder_row fullwidth tb_cu66711 tb_first tf_clearfix\" >\n\t    \t\t<div class=\"row_inner col_align_top col-count-1 tf_box tf_w tf_rel\">\n\t\t\t<div  data-lazy=\"1\" class=\"module_column tb-column col-full first tb_nujf712 tf_box\">\n\t\t\t    \t        <div class=\"tb-column-inner tf_box tf_w\">\n\t\t    <!-- module image -->\n<div  class=\"module module-image tb_vhup539   image-top tf_mw wow\" data-tf-animation=\"fadeInLeft\" data-lazy=\"1\">\n        <div class=\"image-wrap tf_rel tf_mw\">\n\t\t    <img loading=\"lazy\" decoding=\"async\" width=\"2000\" height=\"269\" src=\"https:\/\/comein.nrw\/portal\/wp-content\/uploads\/2021\/08\/Kunst-Musik.jpg\" class=\"wp-post-image wp-image-15953\" alt=\"Das Banner zeigt den Schriftzug &quot;CoP Kunst \/ Musik&quot;\" srcset=\"https:\/\/comein.nrw\/portal\/wp-content\/uploads\/2021\/08\/Kunst-Musik.jpg 2000w, https:\/\/comein.nrw\/portal\/wp-content\/uploads\/2021\/08\/Kunst-Musik-300x40.jpg 300w, https:\/\/comein.nrw\/portal\/wp-content\/uploads\/2021\/08\/Kunst-Musik-1024x138.jpg 1024w, https:\/\/comein.nrw\/portal\/wp-content\/uploads\/2021\/08\/Kunst-Musik-768x103.jpg 768w, https:\/\/comein.nrw\/portal\/wp-content\/uploads\/2021\/08\/Kunst-Musik-1536x207.jpg 1536w\" sizes=\"auto, (max-width: 2000px) 100vw, 2000px\" \/>\t\n\t\t<\/div>\n\t<!-- \/image-wrap -->\n    \n    \t<\/div>\n<!-- \/module image -->\t        <\/div>\n\t    \t<\/div>\n\t\t    <\/div>\n\t    <!-- \/row_inner -->\n\t<\/div>\n\t<!-- \/module_row -->\n\t\t<!-- module_row -->\n\t<div  data-css_id=\"scac438\" data-lazy=\"1\" class=\"module_row themify_builder_row repeat fullwidth tb_scac438 tf_clearfix\" >\n\t    \t\t<div class=\"row_inner col_align_top col-count-2 tf_box tf_w tf_rel\"  data-basecol=\"2\" data-col_tablet=\"column-full\" data-col_mobile=\"column-full\">\n\t\t\t<div  data-lazy=\"1\" style=\"width: 80.8%\" class=\"module_column tb-column col2-1 first tb_ayan440 tf_box\">\n\t\t\t    \t        <div class=\"tb-column-inner tf_box tf_w\">\n\t\t    <!-- module text -->\n<div  class=\"module module-text tb_sfp8861   \" data-lazy=\"1\">\n        <div  class=\"tb_text_wrap\">\n    <p style=\"text-align: left;\">Kreativ-\u200bsch\u00f6pferisches Gestalten mit und \u00fcber digitale Medien und Technologien sowie die Reflexion dar\u00fcber stellen aktuelle Herausforderungen f\u00fcr einen zeitgem\u00e4\u00dfen Kunst-\u200b und Musikunterricht dar. Ziel der CoP Kunst und Musik ist es, M\u00f6glichkeiten und Grenzen eines digital unterst\u00fctzten und begleitenden musik- und kunstp\u00e4dagogischen Handelns unter Ber\u00fccksichtigung aktueller wissenschaftlicher Erkenntnisse herauszuarbeiten und auf dieser Basis entsprechende fachspezifische Konzepte und Produkte f\u00fcr alle Phasen der Lehrendenbildung zu entwickeln, zu erproben und zu evaluieren. Im Zentrum steht dabei die Frage, welche neuen Methoden, Lehr-\/\u200bLernr\u00e4ume und Formen k\u00fcnstlerischen Gestaltens die Digitalisierung im Kunst-\u200b und Musikunterricht erm\u00f6glicht. Dabei wird auch zu untersuchen sein, wie digitale Medien zur F\u00f6rderung individueller Lern- und Entwicklungsprozesse von Sch\u00fcler*innen im Unterricht eingesetzt werden k\u00f6nnen und wie diese im Verh\u00e4ltnis zu bisherigen analogen Medien kritisch zu bewerten sind.<\/p>    <\/div>\n<\/div>\n<!-- \/module text -->\t        <\/div>\n\t    \t<\/div>\n\t\t<div  data-lazy=\"1\" style=\"width: 16%\" class=\"module_column tb-column col2-1 last tb_7f3o440 tf_box\">\n\t\t\t    \t        <div class=\"tb-column-inner tf_box tf_w\">\n\t\t    <!-- module image -->\n<div  class=\"module module-image tb_pscs225   image-top tf_mw\" data-lazy=\"1\">\n        <div class=\"image-wrap tf_rel tf_mw\">\n\t\t    <img loading=\"lazy\" decoding=\"async\" width=\"500\" height=\"500\" src=\"https:\/\/comein.nrw\/portal\/wp-content\/uploads\/2021\/06\/Logo-CoP-Kunst-Musik_min.jpg\" class=\"wp-post-image wp-image-14321\" alt=\"Das Bild zeigt das Logo der CoP Kunst\/Musik\" srcset=\"https:\/\/comein.nrw\/portal\/wp-content\/uploads\/2021\/06\/Logo-CoP-Kunst-Musik_min.jpg 500w, https:\/\/comein.nrw\/portal\/wp-content\/uploads\/2021\/06\/Logo-CoP-Kunst-Musik_min-300x300.jpg 300w, https:\/\/comein.nrw\/portal\/wp-content\/uploads\/2021\/06\/Logo-CoP-Kunst-Musik_min-150x150.jpg 150w\" sizes=\"auto, (max-width: 500px) 100vw, 500px\" \/>\t\n\t\t<\/div>\n\t<!-- \/image-wrap -->\n    \n    \t<\/div>\n<!-- \/module image -->\t        <\/div>\n\t    \t<\/div>\n\t\t    <\/div>\n\t    <!-- \/row_inner -->\n\t<\/div>\n\t<!-- \/module_row -->\n\t\t<!-- module_row -->\n\t<div  data-css_id=\"ksr4980\" data-lazy=\"1\" class=\"module_row themify_builder_row fullwidth tb_ksr4980 tf_clearfix\" >\n\t    \t\t<div class=\"row_inner col_align_top col-count-1 tf_box tf_w tf_rel\">\n\t\t\t<div  data-lazy=\"1\" class=\"module_column tb-column col-full first tb_aaxj984 tf_box\">\n\t\t\t    \t        <div class=\"tb-column-inner tf_box tf_w\">\n\t\t    <!-- module fancy heading -->\n<div  class=\"module module-fancy-heading tb_oker185 \" data-lazy=\"1\">\n        <h2 class=\"fancy-heading tf_textc\">\n    <span class=\"main-head tf_block\">\n\t\t\t\t\tLeitungsebene\t\t    <\/span>\n\n\t\n    <span class=\"sub-head tf_block tf_rel\">\n\t\t\t\t\t\t\t    <\/span>\n    <\/h2>\n<\/div>\n<!-- \/module fancy heading -->\n\t        <\/div>\n\t    \t<\/div>\n\t\t    <\/div>\n\t    <!-- \/row_inner -->\n\t<\/div>\n\t<!-- \/module_row -->\n\t\t<!-- module_row -->\n\t<div  data-css_id=\"bp7x779\" data-lazy=\"1\" class=\"module_row themify_builder_row fullwidth tb_bp7x779 tf_clearfix\" >\n\t    \t\t<div class=\"row_inner col_align_top col-count-3 tf_box tf_w tf_rel\">\n\t\t\t<div  data-lazy=\"1\" class=\"module_column tb-column col3-1 first tb_6s6t780 tf_box\">\n\t\t\t    \t        <div class=\"tb-column-inner tf_box tf_w\">\n\t\t    <!-- module image -->\n<div  class=\"module module-image tb_fogb654   image-center tf_mw\" data-lazy=\"1\">\n        <div class=\"image-wrap tf_rel tf_mw\">\n\t\t    <img loading=\"lazy\" decoding=\"async\" src=\"https:\/\/comein.nrw\/portal\/wp-content\/uploads\/2021\/07\/Foto-Clausen-min.jpg\" width=\"157\" height=\"207\" class=\"wp-post-image wp-image-15873\" alt=\"Das Bild zeigt Herrn Prof. Dr. Clausen.\">\t\n\t\t<\/div>\n\t<!-- \/image-wrap -->\n    \n    \t<\/div>\n<!-- \/module image --><!-- module text -->\n<div  class=\"module module-text tb_46fd383   \" data-lazy=\"1\">\n        <div  class=\"tb_text_wrap\">\n    <p style=\"text-align: center;\"><span style=\"color: #333333;\"><strong>Prof. Dr. Bernd Clausen<br \/><\/strong>Universit\u00e4t Siegen<\/span><\/p>\n<p style=\"text-align: center;\"><span style=\"color: #333333;\"><strong>Leitung der CoP<\/strong><\/span><\/p>    <\/div>\n<\/div>\n<!-- \/module text -->\t        <\/div>\n\t    \t<\/div>\n\t\t<div  data-lazy=\"1\" class=\"module_column tb-column col3-1 middle tb_9mmv319 tf_box\">\n\t\t\t    \t        <div class=\"tb-column-inner tf_box tf_w\">\n\t\t    <!-- module image -->\n<div  class=\"module module-image tb_lbrd286   image-center tf_mw\" data-lazy=\"1\">\n        <div class=\"image-wrap tf_rel tf_mw\">\n\t\t    <img loading=\"lazy\" decoding=\"async\" src=\"https:\/\/comein.nrw\/portal\/wp-content\/uploads\/2021\/06\/Foto-Voit-min-min.png\" width=\"157\" height=\"207\" class=\"wp-post-image wp-image-14577\" alt=\"Das Bild zeigt die angegebene Person.\">\t\n\t\t<\/div>\n\t<!-- \/image-wrap -->\n    \n    \t<\/div>\n<!-- \/module image --><!-- module text -->\n<div  class=\"module module-text tb_s1y3850   \" data-lazy=\"1\">\n        <div  class=\"tb_text_wrap\">\n    <p style=\"text-align: center;\"><span style=\"color: #333333;\"><strong>Prof. Dr. Johannes Voit<br \/><\/strong>Universit\u00e4t Bielefeld<\/span><\/p>\n<p style=\"text-align: center;\"><span style=\"color: #333333;\"><strong>Leitung der CoP<\/strong><\/span><\/p>    <\/div>\n<\/div>\n<!-- \/module text -->\t        <\/div>\n\t    \t<\/div>\n\t\t<div  data-lazy=\"1\" class=\"module_column tb-column col3-1 last tb_66o6320 tf_box\">\n\t\t\t    \t        <div class=\"tb-column-inner tf_box tf_w\">\n\t\t    <!-- module image -->\n<div  class=\"module module-image tb_zj9l942   image-center tf_mw\" data-lazy=\"1\">\n        <div class=\"image-wrap tf_rel tf_mw\">\n\t\t    <img loading=\"lazy\" decoding=\"async\" src=\"https:\/\/comein.nrw\/portal\/wp-content\/uploads\/2022\/05\/Eckes.jpg\" width=\"157\" height=\"207\" class=\"wp-post-image wp-image-18915\" alt=\"Das Bild zeigt die angegebene Person.\">\t\n\t\t<\/div>\n\t<!-- \/image-wrap -->\n    \n    \t<\/div>\n<!-- \/module image --><!-- module text -->\n<div  class=\"module module-text tb_z2sh162   \" data-lazy=\"1\">\n        <div  class=\"tb_text_wrap\">\n    <p style=\"font-weight: 400; text-align: center;\"><span style=\"color: #292929;\"><strong>Prof. Dr.\u00a0Magdalena Eckes<\/strong><\/span><br><span style=\"color: #292929;\">Universit\u00e4t Siegen<\/span><\/p>\n<p style=\"font-weight: 400; text-align: center;\"><span style=\"color: #292929;\"><strong>Leitung der CoP<\/strong><\/span><\/p>    <\/div>\n<\/div>\n<!-- \/module text -->\t        <\/div>\n\t    \t<\/div>\n\t\t    <\/div>\n\t    <!-- \/row_inner -->\n\t<\/div>\n\t<!-- \/module_row -->\n\t\t<!-- module_row -->\n\t<div  data-css_id=\"w958564\" data-lazy=\"1\" class=\"module_row themify_builder_row fullwidth tb_w958564 tf_clearfix\" >\n\t    \t\t<div class=\"row_inner col_align_top col-count-3 tf_box tf_w tf_rel\">\n\t\t\t<div  data-lazy=\"1\" class=\"module_column tb-column col3-1 first tb_2r0f565 tf_box\">\n\t\t\t    \t        <div class=\"tb-column-inner tf_box tf_w\">\n\t\t    <!-- module image -->\n<div  class=\"module module-image tb_602s566   image-center tf_mw\" data-lazy=\"1\">\n        <div class=\"image-wrap tf_rel tf_mw\">\n\t\t    <img loading=\"lazy\" decoding=\"async\" src=\"https:\/\/comein.nrw\/portal\/wp-content\/uploads\/2021\/06\/Foto-Heye-min-min.png\" width=\"157\" height=\"207\" class=\"wp-post-image wp-image-14581\" alt=\"Das Bild zeigt die angegebene Person.\">\t\n\t\t<\/div>\n\t<!-- \/image-wrap -->\n    \n    \t<\/div>\n<!-- \/module image --><!-- module text -->\n<div  class=\"module module-text tb_spa0566   \" data-lazy=\"1\">\n        <div  class=\"tb_text_wrap\">\n    <p class=\"TextA\" style=\"text-align: center;\"><span style=\"color: #333333;\"><strong>Dr. Andreas Heye<br \/><\/strong>Universit\u00e4t Bielefeld<\/span><\/p>\n<p class=\"TextA\" style=\"text-align: center;\"><span style=\"color: #333333;\"><strong>Mitarbeiter Innovationsstelle<\/strong><\/span><\/p>\n<p style=\"text-align: center;\"><span style=\"color: #333333;\"><a style=\"color: #333333;\" href=\"mailto:andreas.heye@uni-bielefeld.de\">E-Mail an Dr. Andreas Heye<\/a><\/span><\/p>    <\/div>\n<\/div>\n<!-- \/module text -->\t        <\/div>\n\t    \t<\/div>\n\t\t<div  data-lazy=\"1\" class=\"module_column tb-column col3-1 middle tb_ag6i565 tf_box\">\n\t\t\t    \t        <div class=\"tb-column-inner tf_box tf_w\">\n\t\t    <!-- module image -->\n<div  class=\"module module-image tb_2q7j478   image-center tf_mw\" data-lazy=\"1\">\n        <div class=\"image-wrap tf_rel tf_mw\">\n\t\t    <img loading=\"lazy\" decoding=\"async\" src=\"https:\/\/comein.nrw\/portal\/wp-content\/uploads\/2021\/06\/Foto-Weyel-min-min.png\" width=\"157\" height=\"207\" class=\"wp-post-image wp-image-14585\" alt=\"Das Bild zeigt die angegebene Person.\">\t\n\t\t<\/div>\n\t<!-- \/image-wrap -->\n    \n    \t<\/div>\n<!-- \/module image --><!-- module text -->\n<div  class=\"module module-text tb_8nag108   \" data-lazy=\"1\">\n        <div  class=\"tb_text_wrap\">\n    <p class=\"TextA\" style=\"text-align: center;\"><span style=\"color: #333333;\"><strong>Benjamin Weyel<br \/><\/strong>Universit\u00e4t Siegen<\/span><\/p>\n<p class=\"TextA\" style=\"text-align: center;\"><span style=\"color: #333333;\"><strong>Mitarbeiter Innovationsstelle<\/strong><\/span><\/p>\n<p style=\"text-align: center;\"><span style=\"color: #333333;\"><a style=\"color: #333333;\" href=\"mailto:benjamin.weyel@uni-siegen.de\">E-Mail an Benjamin Weyel<\/a><\/span><\/p>    <\/div>\n<\/div>\n<!-- \/module text -->\t        <\/div>\n\t    \t<\/div>\n\t\t<div  data-lazy=\"1\" class=\"module_column tb-column col3-1 last tb_ojvo565 tf_box\">\n\t\t\t    \t        <div class=\"tb-column-inner tf_box tf_w\">\n\t\t    <!-- module image -->\n<div  class=\"module module-image tb_asjn566   image-center tf_mw\" data-lazy=\"1\">\n        <div class=\"image-wrap tf_rel tf_mw\">\n\t\t    <img loading=\"lazy\" decoding=\"async\" src=\"https:\/\/comein.nrw\/portal\/wp-content\/uploads\/2023\/04\/image_Website.jpg\" width=\"157\" height=\"207\" class=\"wp-post-image wp-image-19516\" alt=\"Das Bild zeigt Frau Annette Hasselbeck.\">\t\n\t\t<\/div>\n\t<!-- \/image-wrap -->\n    \n    \t<\/div>\n<!-- \/module image --><!-- module text -->\n<div  class=\"module module-text tb_5wui566   \" data-lazy=\"1\">\n        <div  class=\"tb_text_wrap\">\n    <p class=\"TextA\" style=\"text-align: center;\"><span style=\"color: #333333;\"><strong>Annette Hasselbeck<br><\/strong><\/span><span style=\"color: #333333;\">Universit\u00e4t Siegen<\/span><\/p>\n<p class=\"TextA\" style=\"text-align: center;\"><span style=\"color: #333333;\"><strong>Mitarbeiterin Innovationsstelle<\/strong><\/span><\/p>\n<p style=\"text-align: center;\"><span style=\"color: #333333;\"><a style=\"color: #333333;\" href=\"mailto:annette.hasselbeck@uni-siegen.de\">E-Mail an Annette Hasselbeck<\/a><\/span><\/p>    <\/div>\n<\/div>\n<!-- \/module text -->\t        <\/div>\n\t    \t<\/div>\n\t\t    <\/div>\n\t    <!-- \/row_inner -->\n\t<\/div>\n\t<!-- \/module_row -->\n\t\t<!-- module_row -->\n\t<div  data-css_id=\"j0cv553\" data-lazy=\"1\" class=\"module_row themify_builder_row repeat fullwidth tb_j0cv553 tf_clearfix\" >\n\t    \t\t<div class=\"row_inner col_align_top col-count-1 tf_box tf_w tf_rel\">\n\t\t\t<div  data-lazy=\"1\" class=\"module_column tb-column col-full first tb_zo7o553 tf_box\">\n\t\t\t    \t        <div class=\"tb-column-inner tf_box tf_w\">\n\t\t    <!-- module fancy heading -->\n<div  class=\"module module-fancy-heading tb_av1c553 \" data-lazy=\"1\">\n        <h2 class=\"fancy-heading tf_textc\">\n    <span class=\"main-head tf_block\">\n\t\t\t\t\tMitglieder (unter anderem)\t\t    <\/span>\n\n\t\n    <span class=\"sub-head tf_block tf_rel\">\n\t\t\t\t\t\t\t    <\/span>\n    <\/h2>\n<\/div>\n<!-- \/module fancy heading -->\n<!-- module accordion -->\n<div  class=\"module module-accordion tb_wzfi553 \" data-behavior=\"toggle\" data-lazy=\"1\">\n    \n    <ul class=\"ui module-accordion plus-icon-button  tb_default_color\">\n\t\t    <li>\n\t\t\t<div class=\"accordion-title tf_rel\">\n\t\t\t\t<a href=\"#acc-wzfi553-0\" aria-controls=\"acc-wzfi553-0-content\" aria-expanded=\"false\">\n\t\t\t\t\t<i class=\"accordion-icon\"><svg  aria-hidden=\"true\" class=\"tf_fa tf-ti-angle-down\"><use href=\"#tf-ti-angle-down\"><\/use><\/svg><\/i>\t\t\t\t\t<i class=\"accordion-active-icon tf_hide\"><svg  aria-hidden=\"true\" class=\"tf_fa tf-ti-angle-up\"><use href=\"#tf-ti-angle-up\"><\/use><\/svg><\/i>\t\t\t\t\t<span class=\"tb_title_accordion tf_w\">Mitglieder unterschiedlicher Universit\u00e4ten<\/span>\n\t\t\t\t<\/a>\n\t\t\t<\/div><!-- .accordion-title -->\n\n\t\t\t<div id=\"acc-wzfi553-0-content\" data-id=\"acc-wzfi553-0\" aria-hidden=\"true\" class=\"accordion-content tf_hide\">\n\n\t\t\t\t\t\t\t\t\t<div\t\t\t\t\t\tclass=\"tb_text_wrap\"\n\t\t\t\t\t\t>\n\t\t\t\t\t\t\n<table id=\"tablepress-45\" class=\"tablepress tablepress-id-45\">\n<tbody class=\"row-hover\">\n<tr class=\"row-1 odd\">\n\t<td class=\"column-1\">Dortmund:<\/td><td class=\"column-2\">Katharina H\u00f6ller<\/td>\n<\/tr>\n<tr class=\"row-2 even\">\n\t<td class=\"column-1\">Kunstakademie D\u00fcsseldorf:<\/td><td class=\"column-2\">Prof. Dr. Sara Horn\u00e4k<br \/>\nDr. Susanne Henning<\/td>\n<\/tr>\n<tr class=\"row-3 odd\">\n\t<td class=\"column-1\">Paderborn: <\/td><td class=\"column-2\">Univ.-Prof. Dr. Rebekka Schmidt<\/td>\n<\/tr>\n<tr class=\"row-4 even\">\n\t<td class=\"column-1\">Wuppertal:<\/td><td class=\"column-2\">Univ.-Prof. Dr. Ulrich Heinen<br \/>\nUniv.-Prof. Dr. Helmke Jan Keden<br \/>\nDr. Daniela Neuhaus<\/td>\n<\/tr>\n<\/tbody>\n<\/table>\n<!-- #tablepress-45 from cache -->\t\t\t\t\t<\/div>\n\t\t\t\t\n\t\t\t<\/div><!-- .accordion-content -->\n\t    <\/li>\n\t\t    <li>\n\t\t\t<div class=\"accordion-title tf_rel\">\n\t\t\t\t<a href=\"#acc-wzfi553-1\" aria-controls=\"acc-wzfi553-1-content\" aria-expanded=\"false\">\n\t\t\t\t\t<i class=\"accordion-icon\"><svg  aria-hidden=\"true\" class=\"tf_fa tf-ti-angle-down\"><use href=\"#tf-ti-angle-down\"><\/use><\/svg><\/i>\t\t\t\t\t<i class=\"accordion-active-icon tf_hide\"><svg  aria-hidden=\"true\" class=\"tf_fa tf-ti-angle-up\"><use href=\"#tf-ti-angle-up\"><\/use><\/svg><\/i>\t\t\t\t\t<span class=\"tb_title_accordion tf_w\">Mitglieder aus Zentren f\u00fcr schulpraktische Lehrerausbildung<\/span>\n\t\t\t\t<\/a>\n\t\t\t<\/div><!-- .accordion-title -->\n\n\t\t\t<div id=\"acc-wzfi553-1-content\" data-id=\"acc-wzfi553-1\" aria-hidden=\"true\" class=\"accordion-content tf_hide\">\n\n\t\t\t\t\t\t\t\t\t<div\t\t\t\t\t\tclass=\"tb_text_wrap\"\n\t\t\t\t\t\t>\n\t\t\t\t\t\t\n<table id=\"tablepress-46\" class=\"tablepress tablepress-id-46\">\n<tbody class=\"row-hover\">\n<tr class=\"row-1 odd\">\n\t<td class=\"column-1\">Siegen:<\/td><td class=\"column-2\">Achim Leonhardt <\/td>\n<\/tr>\n<\/tbody>\n<\/table>\n<!-- #tablepress-46 from cache -->\t\t\t\t\t<\/div>\n\t\t\t\t\n\t\t\t<\/div><!-- .accordion-content -->\n\t    <\/li>\n\t\t    <li>\n\t\t\t<div class=\"accordion-title tf_rel\">\n\t\t\t\t<a href=\"#acc-wzfi553-2\" aria-controls=\"acc-wzfi553-2-content\" aria-expanded=\"false\">\n\t\t\t\t\t<i class=\"accordion-icon\"><svg  aria-hidden=\"true\" class=\"tf_fa tf-ti-angle-down\"><use href=\"#tf-ti-angle-down\"><\/use><\/svg><\/i>\t\t\t\t\t<i class=\"accordion-active-icon tf_hide\"><svg  aria-hidden=\"true\" class=\"tf_fa tf-ti-angle-up\"><use href=\"#tf-ti-angle-up\"><\/use><\/svg><\/i>\t\t\t\t\t<span class=\"tb_title_accordion tf_w\">Mitglieder der Bezirksregierungen<\/span>\n\t\t\t\t<\/a>\n\t\t\t<\/div><!-- .accordion-title -->\n\n\t\t\t<div id=\"acc-wzfi553-2-content\" data-id=\"acc-wzfi553-2\" aria-hidden=\"true\" class=\"accordion-content tf_hide\">\n\n\t\t\t\t\t\t\t\t\t<div\t\t\t\t\t\tclass=\"tb_text_wrap\"\n\t\t\t\t\t\t>\n\t\t\t\t\t\t\n<table id=\"tablepress-47\" class=\"tablepress tablepress-id-47\">\n<tbody class=\"row-hover\">\n<tr class=\"row-1 odd\">\n\t<td class=\"column-1\">M\u00fcnster:<\/td><td class=\"column-2\">Uta Hertel<\/td>\n<\/tr>\n<\/tbody>\n<\/table>\n<!-- #tablepress-47 from cache -->\t\t\t\t\t<\/div>\n\t\t\t\t\n\t\t\t<\/div><!-- .accordion-content -->\n\t    <\/li>\n\t    <\/ul>\n\n<\/div><!-- \/module accordion -->\t        <\/div>\n\t    \t<\/div>\n\t\t    <\/div>\n\t    <!-- \/row_inner -->\n\t<\/div>\n\t<!-- \/module_row -->\n\t<\/div>\n<!--\/themify_builder_content-->","protected":false},"excerpt":{"rendered":"<p>Kreativ-\u200bsch\u00f6pferisches Gestalten mit und \u00fcber digitale Medien und Technologien sowie die Reflexion dar\u00fcber stellen aktuelle Herausforderungen f\u00fcr einen zeitgem\u00e4\u00dfen Kunst-\u200b und Musikunterricht dar. Ziel der CoP Kunst und Musik ist es, M\u00f6glichkeiten und Grenzen eines digital unterst\u00fctzten und begleitenden musik- und kunstp\u00e4dagogischen Handelns unter Ber\u00fccksichtigung aktueller wissenschaftlicher Erkenntnisse herauszuarbeiten und auf dieser Basis entsprechende fachspezifische [&hellip;]<\/p>\n","protected":false},"author":8,"featured_media":0,"parent":4640,"menu_order":0,"comment_status":"closed","ping_status":"closed","template":"","meta":{"es_repo_domain":"https:\/\/redaktion.openeduhub.net\/edu-sharing\/","es_repo_ticket":"","es_plugin_url":"https:\/\/comein.nrw\/portal\/wp-content\/plugins","footnotes":""},"class_list":["post-5664","page","type-page","status-publish","hentry","has-post-title","has-post-date","has-post-category","has-post-tag","has-post-comment","has-post-author",""],"builder_content":"<img loading=\"lazy\" decoding=\"async\" width=\"2000\" height=\"269\" src=\"https:\/\/comein.nrw\/portal\/wp-content\/uploads\/2021\/08\/Kunst-Musik.jpg\" alt=\"Das Banner zeigt den Schriftzug &quot;CoP Kunst \/ Musik&quot;\" srcset=\"https:\/\/comein.nrw\/portal\/wp-content\/uploads\/2021\/08\/Kunst-Musik.jpg 2000w, https:\/\/comein.nrw\/portal\/wp-content\/uploads\/2021\/08\/Kunst-Musik-300x40.jpg 300w, https:\/\/comein.nrw\/portal\/wp-content\/uploads\/2021\/08\/Kunst-Musik-1024x138.jpg 1024w, https:\/\/comein.nrw\/portal\/wp-content\/uploads\/2021\/08\/Kunst-Musik-768x103.jpg 768w, https:\/\/comein.nrw\/portal\/wp-content\/uploads\/2021\/08\/Kunst-Musik-1536x207.jpg 1536w\" sizes=\"auto, (max-width: 2000px) 100vw, 2000px\" \/>\n<p style=\"text-align: left;\">Kreativ-\u200bsch\u00f6pferisches Gestalten mit und \u00fcber digitale Medien und Technologien sowie die Reflexion dar\u00fcber stellen aktuelle Herausforderungen f\u00fcr einen zeitgem\u00e4\u00dfen Kunst-\u200b und Musikunterricht dar. Ziel der CoP Kunst und Musik ist es, M\u00f6glichkeiten und Grenzen eines digital unterst\u00fctzten und begleitenden musik- und kunstp\u00e4dagogischen Handelns unter Ber\u00fccksichtigung aktueller wissenschaftlicher Erkenntnisse herauszuarbeiten und auf dieser Basis entsprechende fachspezifische Konzepte und Produkte f\u00fcr alle Phasen der Lehrendenbildung zu entwickeln, zu erproben und zu evaluieren. Im Zentrum steht dabei die Frage, welche neuen Methoden, Lehr-\/\u200bLernr\u00e4ume und Formen k\u00fcnstlerischen Gestaltens die Digitalisierung im Kunst-\u200b und Musikunterricht erm\u00f6glicht. Dabei wird auch zu untersuchen sein, wie digitale Medien zur F\u00f6rderung individueller Lern- und Entwicklungsprozesse von Sch\u00fcler*innen im Unterricht eingesetzt werden k\u00f6nnen und wie diese im Verh\u00e4ltnis zu bisherigen analogen Medien kritisch zu bewerten sind.<\/p>\n<img loading=\"lazy\" decoding=\"async\" width=\"500\" height=\"500\" src=\"https:\/\/comein.nrw\/portal\/wp-content\/uploads\/2021\/06\/Logo-CoP-Kunst-Musik_min.jpg\" alt=\"Das Bild zeigt das Logo der CoP Kunst\/Musik\" srcset=\"https:\/\/comein.nrw\/portal\/wp-content\/uploads\/2021\/06\/Logo-CoP-Kunst-Musik_min.jpg 500w, https:\/\/comein.nrw\/portal\/wp-content\/uploads\/2021\/06\/Logo-CoP-Kunst-Musik_min-300x300.jpg 300w, https:\/\/comein.nrw\/portal\/wp-content\/uploads\/2021\/06\/Logo-CoP-Kunst-Musik_min-150x150.jpg 150w\" sizes=\"auto, (max-width: 500px) 100vw, 500px\" \/>\n<h2>Leitungsebene<br\/><\/h2>\n<img loading=\"lazy\" decoding=\"async\" src=\"https:\/\/comein.nrw\/portal\/wp-content\/uploads\/2021\/07\/Foto-Clausen-min.jpg\" width=\"157\" height=\"207\" alt=\"Das Bild zeigt Herrn Prof. Dr. Clausen.\">\n<p style=\"text-align: center;\"><strong>Prof. Dr. Bernd Clausen<br \/><\/strong>Universit\u00e4t Siegen<\/p> <p style=\"text-align: center;\"><strong>Leitung der CoP<\/strong><\/p>\n<img loading=\"lazy\" decoding=\"async\" src=\"https:\/\/comein.nrw\/portal\/wp-content\/uploads\/2021\/06\/Foto-Voit-min-min.png\" width=\"157\" height=\"207\" alt=\"Das Bild zeigt die angegebene Person.\">\n<p style=\"text-align: center;\"><strong>Prof. Dr. Johannes Voit<br \/><\/strong>Universit\u00e4t Bielefeld<\/p> <p style=\"text-align: center;\"><strong>Leitung der CoP<\/strong><\/p>\n<img loading=\"lazy\" decoding=\"async\" src=\"https:\/\/comein.nrw\/portal\/wp-content\/uploads\/2022\/05\/Eckes.jpg\" width=\"157\" height=\"207\" alt=\"Das Bild zeigt die angegebene Person.\">\n<p style=\"font-weight: 400; text-align: center;\"><strong>Prof. Dr.\u00a0Magdalena Eckes<\/strong><br>Universit\u00e4t Siegen<\/p> <p style=\"font-weight: 400; text-align: center;\"><strong>Leitung der CoP<\/strong><\/p>\n<img loading=\"lazy\" decoding=\"async\" src=\"https:\/\/comein.nrw\/portal\/wp-content\/uploads\/2021\/06\/Foto-Heye-min-min.png\" width=\"157\" height=\"207\" alt=\"Das Bild zeigt die angegebene Person.\">\n<p style=\"text-align: center;\"><strong>Dr. Andreas Heye<br \/><\/strong>Universit\u00e4t Bielefeld<\/p> <p style=\"text-align: center;\"><strong>Mitarbeiter Innovationsstelle<\/strong><\/p> <p style=\"text-align: center;\"><a style=\"color: #333333;\" href=\"mailto:andreas.heye@uni-bielefeld.de\">E-Mail an Dr. Andreas Heye<\/a><\/p>\n<img loading=\"lazy\" decoding=\"async\" src=\"https:\/\/comein.nrw\/portal\/wp-content\/uploads\/2021\/06\/Foto-Weyel-min-min.png\" width=\"157\" height=\"207\" alt=\"Das Bild zeigt die angegebene Person.\">\n<p style=\"text-align: center;\"><strong>Benjamin Weyel<br \/><\/strong>Universit\u00e4t Siegen<\/p> <p style=\"text-align: center;\"><strong>Mitarbeiter Innovationsstelle<\/strong><\/p> <p style=\"text-align: center;\"><a style=\"color: #333333;\" href=\"mailto:benjamin.weyel@uni-siegen.de\">E-Mail an Benjamin Weyel<\/a><\/p>\n<img loading=\"lazy\" decoding=\"async\" src=\"https:\/\/comein.nrw\/portal\/wp-content\/uploads\/2023\/04\/image_Website.jpg\" width=\"157\" height=\"207\" alt=\"Das Bild zeigt Frau Annette Hasselbeck.\">\n<p style=\"text-align: center;\"><strong>Annette Hasselbeck<br><\/strong>Universit\u00e4t Siegen<\/p> <p style=\"text-align: center;\"><strong>Mitarbeiterin Innovationsstelle<\/strong><\/p> <p style=\"text-align: center;\"><a style=\"color: #333333;\" href=\"mailto:annette.hasselbeck@uni-siegen.de\">E-Mail an Annette Hasselbeck<\/a><\/p>\n<h2>Mitglieder (unter anderem)<br\/><\/h2>\n<ul><li><h4>Mitglieder unterschiedlicher Universit\u00e4ten<\/h4><p>[table id=45 \/]<\/p><\/li><li><h4>Mitglieder aus Zentren f\u00fcr schulpraktische Lehrerausbildung<\/h4><p>[table id=46 \/]<\/p><\/li><li><h4>Mitglieder der Bezirksregierungen<\/h4><p>[table id=47 \/]<\/p><\/li><\/ul>","_links":{"self":[{"href":"https:\/\/comein.nrw\/portal\/wp-json\/wp\/v2\/pages\/5664","targetHints":{"allow":["GET"]}}],"collection":[{"href":"https:\/\/comein.nrw\/portal\/wp-json\/wp\/v2\/pages"}],"about":[{"href":"https:\/\/comein.nrw\/portal\/wp-json\/wp\/v2\/types\/page"}],"author":[{"embeddable":true,"href":"https:\/\/comein.nrw\/portal\/wp-json\/wp\/v2\/users\/8"}],"replies":[{"embeddable":true,"href":"https:\/\/comein.nrw\/portal\/wp-json\/wp\/v2\/comments?post=5664"}],"version-history":[{"count":68,"href":"https:\/\/comein.nrw\/portal\/wp-json\/wp\/v2\/pages\/5664\/revisions"}],"predecessor-version":[{"id":19517,"href":"https:\/\/comein.nrw\/portal\/wp-json\/wp\/v2\/pages\/5664\/revisions\/19517"}],"up":[{"embeddable":true,"href":"https:\/\/comein.nrw\/portal\/wp-json\/wp\/v2\/pages\/4640"}],"wp:attachment":[{"href":"https:\/\/comein.nrw\/portal\/wp-json\/wp\/v2\/media?parent=5664"}],"curies":[{"name":"wp","href":"https:\/\/api.w.org\/{rel}","templated":true}]}}