{"id":6158,"date":"2020-11-12T14:29:46","date_gmt":"2020-11-12T13:29:46","guid":{"rendered":"https:\/\/comein.nrw\/portal\/projektgovernance-copy\/"},"modified":"2022-05-31T15:31:38","modified_gmt":"2022-05-31T13:31:38","slug":"projektgovernance","status":"publish","type":"page","link":"https:\/\/comein.nrw\/portal\/projektgovernance\/","title":{"rendered":"Projektgovernance"},"content":{"rendered":"<!--themify_builder_content-->\n<div id=\"themify_builder_content-6158\" data-postid=\"6158\" class=\"themify_builder_content themify_builder_content-6158 themify_builder tf_clear\">\n    \t<!-- module_row -->\n\t<div  data-css_id=\"rv0n590\" data-lazy=\"1\" class=\"module_row themify_builder_row fullwidth tb_rv0n590 tb_first tf_clearfix\" >\n\t    \t\t<div class=\"row_inner col_align_top col-count-1 tf_box tf_w tf_rel\">\n\t\t\t<div  data-lazy=\"1\" class=\"module_column tb-column col-full first tb_6u48591 tf_box\">\n\t\t\t    \t        <div class=\"tb-column-inner tf_box tf_w\">\n\t\t    <!-- module image -->\n<div  class=\"module module-image tb_dnwr659   image-top tf_mw\" data-lazy=\"1\">\n        <div class=\"image-wrap tf_rel tf_mw\">\n\t\t    <img loading=\"lazy\" decoding=\"async\" width=\"2000\" height=\"269\" src=\"https:\/\/comein.nrw\/portal\/wp-content\/uploads\/2021\/08\/Projektgovernance.jpg\" class=\"wp-post-image wp-image-15999\" alt=\"Das Banner zeigt den Schriftzug &quot;Projektgovernance&quot;\" srcset=\"https:\/\/comein.nrw\/portal\/wp-content\/uploads\/2021\/08\/Projektgovernance.jpg 2000w, https:\/\/comein.nrw\/portal\/wp-content\/uploads\/2021\/08\/Projektgovernance-300x40.jpg 300w, https:\/\/comein.nrw\/portal\/wp-content\/uploads\/2021\/08\/Projektgovernance-1024x138.jpg 1024w, https:\/\/comein.nrw\/portal\/wp-content\/uploads\/2021\/08\/Projektgovernance-768x103.jpg 768w, https:\/\/comein.nrw\/portal\/wp-content\/uploads\/2021\/08\/Projektgovernance-1536x207.jpg 1536w\" sizes=\"auto, (max-width: 2000px) 100vw, 2000px\" \/>\t\n\t\t<\/div>\n\t<!-- \/image-wrap -->\n    \n    \t<\/div>\n<!-- \/module image -->\t        <\/div>\n\t    \t<\/div>\n\t\t    <\/div>\n\t    <!-- \/row_inner -->\n\t<\/div>\n\t<!-- \/module_row -->\n\t\t<!-- module_row -->\n\t<div  data-css_id=\"0iq2888\" data-lazy=\"1\" class=\"module_row themify_builder_row repeat fullwidth tb_0iq2888 tf_clearfix\" >\n\t    \t\t<div class=\"row_inner col_align_top col-count-2 tf_box tf_w tf_rel\"  data-basecol=\"2\" data-col_tablet=\"column-full\" data-col_mobile=\"column-full\">\n\t\t\t<div  data-lazy=\"1\" style=\"width: 55.16%\" class=\"module_column tb-column col4-3 first tb_6n9m633 tf_box\">\n\t\t\t    \t        <div class=\"tb-column-inner tf_box tf_w\">\n\t\t    <!-- module text -->\n<div  class=\"module module-text tb_29nw029    wow\" data-tf-animation=\"fadeInLeft\" data-lazy=\"1\">\n        <div  class=\"tb_text_wrap\">\n    <p style=\"text-align: left;\"><span style=\"color: #ffffff;\"><strong>Eine landesweite Steuerungsgruppe <\/strong>unter Leitung der Verbundkoordination (Universit\u00e4t Duisburg-Essen)<strong>,<\/strong> bestehend aus den von den zw\u00f6lf Hochschulleitungen eingesetzten Projektleitungen sowie Vertreter*innen von QUA-LiS, den f\u00fcnf Bezirksregierungen und (beratend) den sieben Hauptpersonalr\u00e4ten, wird jedes Fr\u00fchjahr durch Zwischenberichte der \u201eCommunities of Practice\u201c (CoP) und der Qualit\u00e4tssicherung \u00fcber den Verbundfortschritt unterrichtet. Auf Basis der Berichte legt die Steuerungsgruppe die strategische Rahmenplanung fest, stellt ein Monitoring der Implementation sicher und entscheidet \u00fcber das weitere Vorgehen.<\/span><\/p>\n<p style=\"text-align: left;\"><span style=\"color: #ffffff;\">Innerhalb der Steuerungsgruppe wird ein Lenkungskreis, bestehend aus den von den Hochschulleitungen eingesetzten Projektleitungen, etabliert. Dieser ber\u00e4t die Verbundkoordination in Fragen der verwaltungstechnischen Projektsteuerung.<\/span><\/p>\n<p style=\"text-align: left;\"><span style=\"color: #ffffff;\">Entscheidungsgrundlage sind u. a. die Ergebnisse des <a style=\"color: #ffffff;\" href=\"https:\/\/comein.nrw\/portal\/qualitaetsmanagement\/\">Qualit\u00e4tsmanagements<\/a>. Dieser eigenst\u00e4ndige Bereich zielt auf die prozessbegleitende Qualit\u00e4tssicherung f\u00fcr den Verbund und damit insbesondere f\u00fcr die Arbeit der CoP. Hinzu kommen auf Ebene der Verbundkoordination drei Arbeitsgruppen, deren Ergebnisse ebenfalls an die Steuerungsgruppe adressiert werden: Die <a style=\"color: #ffffff;\" href=\"https:\/\/comein.nrw\/portal\/ag-imedibi\/\">AG \u201eInterdisziplin\u00e4re Mediendidaktik und -bildung\u201c (Imedibi)<\/a>, die <a style=\"color: #ffffff;\" href=\"https:\/\/comein.nrw\/portal\/metaportal\/\">AG Metaportal<\/a> und die <a style=\"color: #ffffff;\" href=\"https:\/\/comein.nrw\/portal\/ag-kowipra\/\">AG \u201eKooperation von Wissenschaft und (Fortbildungs-)Praxis\u201c (KoWiPra)<\/a>.<\/span><\/p>\n<p style=\"text-align: left;\"><span style=\"color: #ffffff;\">In diesem Governance-Rahmen entfaltet sich die spezifische Arbeitsform der \u201eCommunities of Practice\u201c. Dort kommen Akteure aus unterschiedlichen Kontexten zusammen, um wechselseitig Lernprozesse mit Blick auf ein gemeinsames Ziel zu initiieren. Angestrebt wird die Verbindung einer rein funktionalen, mehrwertbezogenen Kooperation mit der Herausbildung gemeinsamer Normen und Werte. Konzeptueller Ankerpunkt ist die Evidenzorientierung, welche die Koppelung von Forschung und Produktentwicklung mit diskursiver Offenheit verkn\u00fcpft.<\/span><\/p>    <\/div>\n<\/div>\n<!-- \/module text -->\t        <\/div>\n\t    \t<\/div>\n\t\t<div  data-lazy=\"1\" style=\"width: 41.64%\" class=\"module_column tb-column col4-1 last tb_xwas326 tf_box\">\n\t\t\t    \t        <div class=\"tb-column-inner tf_box tf_w\">\n\t\t    <!-- module image -->\n<div  class=\"module module-image tb_j57b91   image-top tf_mw\" data-lazy=\"1\">\n        <div class=\"image-wrap tf_rel tf_mw\">\n\t\t    <a href=\"https:\/\/comein.nrw\/portal\/wp-content\/uploads\/2022\/05\/Organigramm-ComeIn_31.-Mai-2022.jpg\"\n\t       \t        rel=\"lightbox[6158]\">\n\t\t   \t\t<img loading=\"lazy\" decoding=\"async\" width=\"1152\" height=\"864\" src=\"https:\/\/comein.nrw\/portal\/wp-content\/uploads\/2022\/05\/Organigramm-ComeIn_31.-Mai-2022.jpg\" class=\"wp-post-image wp-image-19223\" alt=\"Die Grafik zeigt ein Organigramm von Come In. Von oben nach unten werden die einzelnen Mitarbeiter*innen des Projektes nach ihren Stellungen und Universit\u00e4tsstandorten aufgelistet.\" srcset=\"https:\/\/comein.nrw\/portal\/wp-content\/uploads\/2022\/05\/Organigramm-ComeIn_31.-Mai-2022.jpg 1152w, https:\/\/comein.nrw\/portal\/wp-content\/uploads\/2022\/05\/Organigramm-ComeIn_31.-Mai-2022-300x225.jpg 300w, https:\/\/comein.nrw\/portal\/wp-content\/uploads\/2022\/05\/Organigramm-ComeIn_31.-Mai-2022-1024x768.jpg 1024w, https:\/\/comein.nrw\/portal\/wp-content\/uploads\/2022\/05\/Organigramm-ComeIn_31.-Mai-2022-768x576.jpg 768w\" sizes=\"auto, (max-width: 1152px) 100vw, 1152px\" \/>\t    <\/a>\n\t\n\t\t<\/div>\n\t<!-- \/image-wrap -->\n    \n    \t<\/div>\n<!-- \/module image --><!-- module text -->\n<div  class=\"module module-text tb_gxhu229   \" data-lazy=\"1\">\n        <div  class=\"tb_text_wrap\">\n    <p style=\"text-align: center;\"><span style=\"color: #fafafa;\">Eine vergr\u00f6\u00dferte Darstellung wird durch das Anklicken der Grafik sichtbar.\u00a0<\/span><\/p>    <\/div>\n<\/div>\n<!-- \/module text -->\t        <\/div>\n\t    \t<\/div>\n\t\t    <\/div>\n\t    <!-- \/row_inner -->\n\t<\/div>\n\t<!-- \/module_row -->\n\t<\/div>\n<!--\/themify_builder_content-->","protected":false},"excerpt":{"rendered":"<p>Eine landesweite Steuerungsgruppe unter Leitung der Verbundkoordination (Universit\u00e4t Duisburg-Essen), bestehend aus den von den zw\u00f6lf Hochschulleitungen eingesetzten Projektleitungen sowie Vertreter*innen von QUA-LiS, den f\u00fcnf Bezirksregierungen und (beratend) den sieben Hauptpersonalr\u00e4ten, wird jedes Fr\u00fchjahr durch Zwischenberichte der \u201eCommunities of Practice\u201c (CoP) und der Qualit\u00e4tssicherung \u00fcber den Verbundfortschritt unterrichtet. Auf Basis der Berichte legt die Steuerungsgruppe die [&hellip;]<\/p>\n","protected":false},"author":12,"featured_media":0,"parent":0,"menu_order":0,"comment_status":"closed","ping_status":"closed","template":"","meta":{"es_repo_domain":"","es_repo_ticket":"","es_plugin_url":"","footnotes":""},"class_list":["post-6158","page","type-page","status-publish","hentry","has-post-title","has-post-date","has-post-category","has-post-tag","has-post-comment","has-post-author",""],"builder_content":"<img loading=\"lazy\" decoding=\"async\" width=\"2000\" height=\"269\" src=\"https:\/\/comein.nrw\/portal\/wp-content\/uploads\/2021\/08\/Projektgovernance.jpg\" alt=\"Das Banner zeigt den Schriftzug &quot;Projektgovernance&quot;\" srcset=\"https:\/\/comein.nrw\/portal\/wp-content\/uploads\/2021\/08\/Projektgovernance.jpg 2000w, https:\/\/comein.nrw\/portal\/wp-content\/uploads\/2021\/08\/Projektgovernance-300x40.jpg 300w, https:\/\/comein.nrw\/portal\/wp-content\/uploads\/2021\/08\/Projektgovernance-1024x138.jpg 1024w, https:\/\/comein.nrw\/portal\/wp-content\/uploads\/2021\/08\/Projektgovernance-768x103.jpg 768w, https:\/\/comein.nrw\/portal\/wp-content\/uploads\/2021\/08\/Projektgovernance-1536x207.jpg 1536w\" sizes=\"auto, (max-width: 2000px) 100vw, 2000px\" \/>\n<p style=\"text-align: left;\"><strong>Eine landesweite Steuerungsgruppe <\/strong>unter Leitung der Verbundkoordination (Universit\u00e4t Duisburg-Essen)<strong>,<\/strong> bestehend aus den von den zw\u00f6lf Hochschulleitungen eingesetzten Projektleitungen sowie Vertreter*innen von QUA-LiS, den f\u00fcnf Bezirksregierungen und (beratend) den sieben Hauptpersonalr\u00e4ten, wird jedes Fr\u00fchjahr durch Zwischenberichte der \u201eCommunities of Practice\u201c (CoP) und der Qualit\u00e4tssicherung \u00fcber den Verbundfortschritt unterrichtet. Auf Basis der Berichte legt die Steuerungsgruppe die strategische Rahmenplanung fest, stellt ein Monitoring der Implementation sicher und entscheidet \u00fcber das weitere Vorgehen.<\/p> <p style=\"text-align: left;\">Innerhalb der Steuerungsgruppe wird ein Lenkungskreis, bestehend aus den von den Hochschulleitungen eingesetzten Projektleitungen, etabliert. Dieser ber\u00e4t die Verbundkoordination in Fragen der verwaltungstechnischen Projektsteuerung.<\/p> <p style=\"text-align: left;\">Entscheidungsgrundlage sind u. a. die Ergebnisse des <a style=\"color: #ffffff;\" href=\"https:\/\/comein.nrw\/portal\/qualitaetsmanagement\/\">Qualit\u00e4tsmanagements<\/a>. Dieser eigenst\u00e4ndige Bereich zielt auf die prozessbegleitende Qualit\u00e4tssicherung f\u00fcr den Verbund und damit insbesondere f\u00fcr die Arbeit der CoP. Hinzu kommen auf Ebene der Verbundkoordination drei Arbeitsgruppen, deren Ergebnisse ebenfalls an die Steuerungsgruppe adressiert werden: Die <a style=\"color: #ffffff;\" href=\"https:\/\/comein.nrw\/portal\/ag-imedibi\/\">AG \u201eInterdisziplin\u00e4re Mediendidaktik und -bildung\u201c (Imedibi)<\/a>, die <a style=\"color: #ffffff;\" href=\"https:\/\/comein.nrw\/portal\/metaportal\/\">AG Metaportal<\/a> und die <a style=\"color: #ffffff;\" href=\"https:\/\/comein.nrw\/portal\/ag-kowipra\/\">AG \u201eKooperation von Wissenschaft und (Fortbildungs-)Praxis\u201c (KoWiPra)<\/a>.<\/p> <p style=\"text-align: left;\">In diesem Governance-Rahmen entfaltet sich die spezifische Arbeitsform der \u201eCommunities of Practice\u201c. Dort kommen Akteure aus unterschiedlichen Kontexten zusammen, um wechselseitig Lernprozesse mit Blick auf ein gemeinsames Ziel zu initiieren. Angestrebt wird die Verbindung einer rein funktionalen, mehrwertbezogenen Kooperation mit der Herausbildung gemeinsamer Normen und Werte. Konzeptueller Ankerpunkt ist die Evidenzorientierung, welche die Koppelung von Forschung und Produktentwicklung mit diskursiver Offenheit verkn\u00fcpft.<\/p>\n<a href=\"https:\/\/comein.nrw\/portal\/wp-content\/uploads\/2022\/05\/Organigramm-ComeIn_31.-Mai-2022.jpg\" > <img loading=\"lazy\" decoding=\"async\" width=\"1152\" height=\"864\" src=\"https:\/\/comein.nrw\/portal\/wp-content\/uploads\/2022\/05\/Organigramm-ComeIn_31.-Mai-2022.jpg\" alt=\"Die Grafik zeigt ein Organigramm von Come In. Von oben nach unten werden die einzelnen Mitarbeiter*innen des Projektes nach ihren Stellungen und Universit\u00e4tsstandorten aufgelistet.\" srcset=\"https:\/\/comein.nrw\/portal\/wp-content\/uploads\/2022\/05\/Organigramm-ComeIn_31.-Mai-2022.jpg 1152w, https:\/\/comein.nrw\/portal\/wp-content\/uploads\/2022\/05\/Organigramm-ComeIn_31.-Mai-2022-300x225.jpg 300w, https:\/\/comein.nrw\/portal\/wp-content\/uploads\/2022\/05\/Organigramm-ComeIn_31.-Mai-2022-1024x768.jpg 1024w, https:\/\/comein.nrw\/portal\/wp-content\/uploads\/2022\/05\/Organigramm-ComeIn_31.-Mai-2022-768x576.jpg 768w\" sizes=\"auto, (max-width: 1152px) 100vw, 1152px\" \/> <\/a>\n<p style=\"text-align: center;\">Eine vergr\u00f6\u00dferte Darstellung wird durch das Anklicken der Grafik sichtbar.\u00a0<\/p>","_links":{"self":[{"href":"https:\/\/comein.nrw\/portal\/wp-json\/wp\/v2\/pages\/6158","targetHints":{"allow":["GET"]}}],"collection":[{"href":"https:\/\/comein.nrw\/portal\/wp-json\/wp\/v2\/pages"}],"about":[{"href":"https:\/\/comein.nrw\/portal\/wp-json\/wp\/v2\/types\/page"}],"author":[{"embeddable":true,"href":"https:\/\/comein.nrw\/portal\/wp-json\/wp\/v2\/users\/12"}],"replies":[{"embeddable":true,"href":"https:\/\/comein.nrw\/portal\/wp-json\/wp\/v2\/comments?post=6158"}],"version-history":[{"count":49,"href":"https:\/\/comein.nrw\/portal\/wp-json\/wp\/v2\/pages\/6158\/revisions"}],"predecessor-version":[{"id":19225,"href":"https:\/\/comein.nrw\/portal\/wp-json\/wp\/v2\/pages\/6158\/revisions\/19225"}],"wp:attachment":[{"href":"https:\/\/comein.nrw\/portal\/wp-json\/wp\/v2\/media?parent=6158"}],"curies":[{"name":"wp","href":"https:\/\/api.w.org\/{rel}","templated":true}]}}