{"id":8992,"date":"2021-01-12T11:48:20","date_gmt":"2021-01-12T10:48:20","guid":{"rendered":"https:\/\/comein.nrw\/portal\/?page_id=8992"},"modified":"2023-03-08T09:39:23","modified_gmt":"2023-03-08T08:39:23","slug":"ags","status":"publish","type":"page","link":"https:\/\/comein.nrw\/portal\/ags\/","title":{"rendered":"Arbeitsgruppen"},"content":{"rendered":"<!--themify_builder_content-->\n<div id=\"themify_builder_content-8992\" data-postid=\"8992\" class=\"themify_builder_content themify_builder_content-8992 themify_builder tf_clear\">\n    \t<!-- module_row -->\n\t<div  data-css_id=\"awy9072\" data-lazy=\"1\" class=\"module_row themify_builder_row repeat fullwidth tb_awy9072 tb_first tf_clearfix\" >\n\t    \t\t<div class=\"row_inner col_align_top col-count-2 tf_box tf_w tf_rel\">\n\t\t\t<div  data-lazy=\"1\" style=\"width: 76.8%\" class=\"module_column tb-column col4-2 first tb_khwp624 repeat tf_box\">\n\t\t\t    \t        <div class=\"tb-column-inner tf_box tf_w\">\n\t\t    <!-- module text -->\n<div  class=\"module module-text tb_an25800  repeat  wow\" data-tf-animation=\"fadeInLeft\" data-lazy=\"1\">\n        <div  class=\"tb_text_wrap\">\n    <h3><span style=\"color: #fafafa;\">Arbeitsgruppen<\/span><\/h3>\n<p><span style=\"color: #fafafa;\">Im Projekt ComeIn sind drei Arbeitsgruppen auf Ebene der Verbundkoordination verortet. Die <b>AG Interdisziplin\u00e4re Mediendidaktik und -bildung (<\/b><b>Imedibi)<\/b> ist f\u00fcr die Zusammenf\u00fchrung und die Erschlie\u00dfung der Ertr\u00e4ge aus den Communities of Practice (CoP) zust\u00e4ndig. Die <strong>AG Metaportal<\/strong> ist als Arbeitsgruppe f\u00fcr die Konzeption, Realisierung und Evaluation eines Webangebots zur systematisierten Sammlung insbesondere der in den Communities of Practice erstellten und ausgew\u00e4hlten digitalen Ressourcen (Lehr-\/Lernmaterialien) f\u00fcr den Unterricht, die Hochschullehre sowie die Lehrkr\u00e4ftefortbildung verantwortlich. Die <b>AG Kooperation von Wissenschaft und (Fortbildungs-) Praxis (KoWiPra)\u00a0<\/b>koordiniert die Entwicklung eines Prototyps f\u00fcr die Zusammenarbeit von Wissenschaft und (Fortbildungs-) Praxis.<\/span><\/p>\n<p><span style=\"color: #2e74b5;\"><em>\u00dcber das Men\u00fc k\u00f6nnen Sie auf die Unterseite jeder Arbeitsgruppe zugreifen.<\/em><\/span><\/p>    <\/div>\n<\/div>\n<!-- \/module text -->\t        <\/div>\n\t    \t<\/div>\n\t\t<div  data-lazy=\"1\" style=\"width: 20%\" class=\"module_column tb-column col4-2 last tb_xk8k004 tf_box\">\n\t\t\t    \t        <div class=\"tb-column-inner tf_box tf_w\">\n\t\t    <!-- module image -->\n<div  class=\"module module-image tb_n1ta940   image-right tf_mw wow\" data-tf-animation=\"pulse\" data-lazy=\"1\">\n        <div class=\"image-wrap tf_rel tf_mw\">\n\t\t    <img decoding=\"async\" src=\"https:\/\/comein.nrw\/portal\/wp-content\/uploads\/2020\/12\/CoP-Ersatzbild.png\" width=\"350\" class=\"wp-post-image wp-image-7732\" title=\"CoP Ersatzbild\" alt=\"Das Bild zeigt drei stilisierte Personen. Zwei davon mit Sprechblasen. Sie sind von einem Kreis umgeben.\" srcset=\"https:\/\/comein.nrw\/portal\/wp-content\/uploads\/2020\/12\/CoP-Ersatzbild.png 2000w, https:\/\/comein.nrw\/portal\/wp-content\/uploads\/2020\/12\/CoP-Ersatzbild-300x300.png 300w, https:\/\/comein.nrw\/portal\/wp-content\/uploads\/2020\/12\/CoP-Ersatzbild-1024x1024.png 1024w, https:\/\/comein.nrw\/portal\/wp-content\/uploads\/2020\/12\/CoP-Ersatzbild-150x150.png 150w, https:\/\/comein.nrw\/portal\/wp-content\/uploads\/2020\/12\/CoP-Ersatzbild-768x768.png 768w, https:\/\/comein.nrw\/portal\/wp-content\/uploads\/2020\/12\/CoP-Ersatzbild-1536x1536.png 1536w\" sizes=\"(max-width: 2000px) 100vw, 2000px\" \/>\t\n\t\t<\/div>\n\t<!-- \/image-wrap -->\n    \n    \t<\/div>\n<!-- \/module image -->\t        <\/div>\n\t    \t<\/div>\n\t\t    <\/div>\n\t    <!-- \/row_inner -->\n\t<\/div>\n\t<!-- \/module_row -->\n\t<\/div>\n<!--\/themify_builder_content-->","protected":false},"excerpt":{"rendered":"<p>Arbeitsgruppen Im Projekt ComeIn sind drei Arbeitsgruppen auf Ebene der Verbundkoordination verortet. Die AG Interdisziplin\u00e4re Mediendidaktik und -bildung (Imedibi) ist f\u00fcr die Zusammenf\u00fchrung und die Erschlie\u00dfung der Ertr\u00e4ge aus den Communities of Practice (CoP) zust\u00e4ndig. Die AG Metaportal ist als Arbeitsgruppe f\u00fcr die Konzeption, Realisierung und Evaluation eines Webangebots zur systematisierten Sammlung insbesondere der in [&hellip;]<\/p>\n","protected":false},"author":8,"featured_media":0,"parent":0,"menu_order":0,"comment_status":"closed","ping_status":"closed","template":"","meta":{"es_repo_domain":"","es_repo_ticket":"","es_plugin_url":"","footnotes":""},"class_list":["post-8992","page","type-page","status-publish","hentry","has-post-title","has-post-date","has-post-category","has-post-tag","has-post-comment","has-post-author",""],"builder_content":"<h3>Arbeitsgruppen<\/h3> <p>Im Projekt ComeIn sind drei Arbeitsgruppen auf Ebene der Verbundkoordination verortet. Die <b>AG Interdisziplin\u00e4re Mediendidaktik und -bildung (<\/b><b>Imedibi)<\/b> ist f\u00fcr die Zusammenf\u00fchrung und die Erschlie\u00dfung der Ertr\u00e4ge aus den Communities of Practice (CoP) zust\u00e4ndig. Die <strong>AG Metaportal<\/strong> ist als Arbeitsgruppe f\u00fcr die Konzeption, Realisierung und Evaluation eines Webangebots zur systematisierten Sammlung insbesondere der in den Communities of Practice erstellten und ausgew\u00e4hlten digitalen Ressourcen (Lehr-\/Lernmaterialien) f\u00fcr den Unterricht, die Hochschullehre sowie die Lehrkr\u00e4ftefortbildung verantwortlich. Die <b>AG Kooperation von Wissenschaft und (Fortbildungs-) Praxis (KoWiPra)\u00a0<\/b>koordiniert die Entwicklung eines Prototyps f\u00fcr die Zusammenarbeit von Wissenschaft und (Fortbildungs-) Praxis.<\/p> <p><em>\u00dcber das Men\u00fc k\u00f6nnen Sie auf die Unterseite jeder Arbeitsgruppe zugreifen.<\/em><\/p>\n<img decoding=\"async\" src=\"https:\/\/comein.nrw\/portal\/wp-content\/uploads\/2020\/12\/CoP-Ersatzbild.png\" width=\"350\" title=\"CoP Ersatzbild\" alt=\"Das Bild zeigt drei stilisierte Personen. Zwei davon mit Sprechblasen. Sie sind von einem Kreis umgeben.\" srcset=\"https:\/\/comein.nrw\/portal\/wp-content\/uploads\/2020\/12\/CoP-Ersatzbild.png 2000w, https:\/\/comein.nrw\/portal\/wp-content\/uploads\/2020\/12\/CoP-Ersatzbild-300x300.png 300w, https:\/\/comein.nrw\/portal\/wp-content\/uploads\/2020\/12\/CoP-Ersatzbild-1024x1024.png 1024w, https:\/\/comein.nrw\/portal\/wp-content\/uploads\/2020\/12\/CoP-Ersatzbild-150x150.png 150w, https:\/\/comein.nrw\/portal\/wp-content\/uploads\/2020\/12\/CoP-Ersatzbild-768x768.png 768w, https:\/\/comein.nrw\/portal\/wp-content\/uploads\/2020\/12\/CoP-Ersatzbild-1536x1536.png 1536w\" sizes=\"(max-width: 2000px) 100vw, 2000px\" \/>","_links":{"self":[{"href":"https:\/\/comein.nrw\/portal\/wp-json\/wp\/v2\/pages\/8992","targetHints":{"allow":["GET"]}}],"collection":[{"href":"https:\/\/comein.nrw\/portal\/wp-json\/wp\/v2\/pages"}],"about":[{"href":"https:\/\/comein.nrw\/portal\/wp-json\/wp\/v2\/types\/page"}],"author":[{"embeddable":true,"href":"https:\/\/comein.nrw\/portal\/wp-json\/wp\/v2\/users\/8"}],"replies":[{"embeddable":true,"href":"https:\/\/comein.nrw\/portal\/wp-json\/wp\/v2\/comments?post=8992"}],"version-history":[{"count":18,"href":"https:\/\/comein.nrw\/portal\/wp-json\/wp\/v2\/pages\/8992\/revisions"}],"predecessor-version":[{"id":16519,"href":"https:\/\/comein.nrw\/portal\/wp-json\/wp\/v2\/pages\/8992\/revisions\/16519"}],"wp:attachment":[{"href":"https:\/\/comein.nrw\/portal\/wp-json\/wp\/v2\/media?parent=8992"}],"curies":[{"name":"wp","href":"https:\/\/api.w.org\/{rel}","templated":true}]}}